{"id":16724,"date":"2013-01-07T14:16:54","date_gmt":"2013-01-07T13:16:54","guid":{"rendered":"https:\/\/centredentalsantfruitos.com\/centre-dental-sant-fruitos-de-bages\/"},"modified":"2024-09-19T10:45:50","modified_gmt":"2024-09-19T08:45:50","slug":"centre-dental-sant-fruitos-de-bages","status":"publish","type":"page","link":"https:\/\/centredentalsantfruitos.com\/es\/centre-dental-sant-fruitos-de-bages\/","title":{"rendered":"El Centro"},"content":{"rendered":"<div class=\"wpb-content-wrapper\"><p>[vc_row top_padding=\u00bb80&#8243; bottom_padding=\u00bb80&#8243; bg_position=\u00bbleft top\u00bb][vc_column width=\u00bb1\/1&#8243;]<h2 class=\"headline font-special fontsize-m fontweight-700 lh-inherit align-center transform-uppercase \" style=\"margin: 0 0 20px 0;\">Somos Centre Dental Sant Fruit\u00f3s<\/h2><div class=\"headline font-inherit fontsize-m fontweight-inherit lh-inherit align-center transform-inherit \" style=\"margin: 0; color: #999999;\">Queremos que conozcas de primera mano nuestras instalaciones, un espacio especializado y pensado para las necesidades de nuestros clientes; donde trato humano, profesionalidad y servicio est\u00e1n siempre al servicio de nuestros pacientes.<\/div><div class=\"divider divider8\" style='margin:70px 0 80px 0 !important;'><div class=\"divider-icon\"><i class=\"fa fa-camera\"><\/i><\/div><\/div><div class=\"gallery-style-1\">\n\t\t<style type=\"text\/css\">\n\t\t\t#gallery-1 {\n\t\t\t\tmargin: auto;\n\t\t\t}\n\t\t\t#gallery-1 .gallery-item {\n\t\t\t\tfloat: left;\n\t\t\t\tmargin-top: 10px;\n\t\t\t\ttext-align: center;\n\t\t\t\twidth: 33%;\n\t\t\t}\n\t\t\t#gallery-1 img {\n\t\t\t\tborder: 2px solid #cfcfcf;\n\t\t\t}\n\t\t\t#gallery-1 .gallery-caption {\n\t\t\t\tmargin-left: 0;\n\t\t\t}\n\t\t\t\/* see gallery_shortcode() in wp-includes\/media.php *\/\n\t\t<\/style>\n\t\t<div id='gallery-1' class='gallery galleryid-16724 gallery-columns-3 gallery-size-thumbnail'><dl class='gallery-item'>\n\t\t\t<dt class='gallery-icon landscape'>\n\t\t\t\t<a rel=\"prettyPhoto[pp_gal]\" href='https:\/\/centredentalsantfruitos.com\/wp-content\/uploads\/2022\/11\/elcentre1.jpg'><img loading=\"lazy\" decoding=\"async\" width=\"150\" height=\"150\" src=\"https:\/\/centredentalsantfruitos.com\/wp-content\/uploads\/2022\/11\/elcentre1-150x150.jpg\" class=\"attachment-thumbnail size-thumbnail\" alt=\"Clinica dental en Sant Fruitos del Bages y Manresa\" srcset=\"https:\/\/centredentalsantfruitos.com\/wp-content\/uploads\/2022\/11\/elcentre1-150x150.jpg 150w, https:\/\/centredentalsantfruitos.com\/wp-content\/uploads\/2022\/11\/elcentre1-80x80.jpg 80w, https:\/\/centredentalsantfruitos.com\/wp-content\/uploads\/2022\/11\/elcentre1-500x500.jpg 500w, https:\/\/centredentalsantfruitos.com\/wp-content\/uploads\/2022\/11\/elcentre1-300x300.jpg 300w, https:\/\/centredentalsantfruitos.com\/wp-content\/uploads\/2022\/11\/elcentre1-100x100.jpg 100w\" sizes=\"auto, (max-width: 150px) 100vw, 150px\" \/><\/a>\n\t\t\t<\/dt><\/dl><dl class='gallery-item'>\n\t\t\t<dt class='gallery-icon landscape'>\n\t\t\t\t<a rel=\"prettyPhoto[pp_gal]\" href='https:\/\/centredentalsantfruitos.com\/wp-content\/uploads\/2022\/11\/elcentre3.jpg'><img loading=\"lazy\" decoding=\"async\" width=\"150\" height=\"150\" src=\"https:\/\/centredentalsantfruitos.com\/wp-content\/uploads\/2022\/11\/elcentre3-150x150.jpg\" class=\"attachment-thumbnail size-thumbnail\" alt=\"Centre Dental Sant Fruit\u00f3s\" srcset=\"https:\/\/centredentalsantfruitos.com\/wp-content\/uploads\/2022\/11\/elcentre3-150x150.jpg 150w, https:\/\/centredentalsantfruitos.com\/wp-content\/uploads\/2022\/11\/elcentre3-80x80.jpg 80w, https:\/\/centredentalsantfruitos.com\/wp-content\/uploads\/2022\/11\/elcentre3-500x500.jpg 500w, https:\/\/centredentalsantfruitos.com\/wp-content\/uploads\/2022\/11\/elcentre3-300x300.jpg 300w, https:\/\/centredentalsantfruitos.com\/wp-content\/uploads\/2022\/11\/elcentre3-100x100.jpg 100w\" sizes=\"auto, (max-width: 150px) 100vw, 150px\" \/><\/a>\n\t\t\t<\/dt><\/dl><dl class='gallery-item'>\n\t\t\t<dt class='gallery-icon landscape'>\n\t\t\t\t<a rel=\"prettyPhoto[pp_gal]\" href='https:\/\/centredentalsantfruitos.com\/wp-content\/uploads\/2022\/11\/elcentre2.jpg'><img loading=\"lazy\" decoding=\"async\" width=\"150\" height=\"150\" src=\"https:\/\/centredentalsantfruitos.com\/wp-content\/uploads\/2022\/11\/elcentre2-150x150.jpg\" class=\"attachment-thumbnail size-thumbnail\" alt=\"\" srcset=\"https:\/\/centredentalsantfruitos.com\/wp-content\/uploads\/2022\/11\/elcentre2-150x150.jpg 150w, https:\/\/centredentalsantfruitos.com\/wp-content\/uploads\/2022\/11\/elcentre2-80x80.jpg 80w, https:\/\/centredentalsantfruitos.com\/wp-content\/uploads\/2022\/11\/elcentre2-500x500.jpg 500w, https:\/\/centredentalsantfruitos.com\/wp-content\/uploads\/2022\/11\/elcentre2-300x300.jpg 300w, https:\/\/centredentalsantfruitos.com\/wp-content\/uploads\/2022\/11\/elcentre2-100x100.jpg 100w\" sizes=\"auto, (max-width: 150px) 100vw, 150px\" \/><\/a>\n\t\t\t<\/dt><\/dl><br style=\"clear: both\" \/><dl class='gallery-item'>\n\t\t\t<dt class='gallery-icon portrait'>\n\t\t\t\t<a rel=\"prettyPhoto[pp_gal]\" href='https:\/\/centredentalsantfruitos.com\/wp-content\/uploads\/2022\/12\/elcentre_5.jpg'><img loading=\"lazy\" decoding=\"async\" width=\"150\" height=\"150\" src=\"https:\/\/centredentalsantfruitos.com\/wp-content\/uploads\/2022\/12\/elcentre_5-150x150.jpg\" class=\"attachment-thumbnail size-thumbnail\" alt=\"\" srcset=\"https:\/\/centredentalsantfruitos.com\/wp-content\/uploads\/2022\/12\/elcentre_5-150x150.jpg 150w, https:\/\/centredentalsantfruitos.com\/wp-content\/uploads\/2022\/12\/elcentre_5-80x80.jpg 80w, https:\/\/centredentalsantfruitos.com\/wp-content\/uploads\/2022\/12\/elcentre_5-500x500.jpg 500w\" sizes=\"auto, (max-width: 150px) 100vw, 150px\" \/><\/a>\n\t\t\t<\/dt><\/dl><dl class='gallery-item'>\n\t\t\t<dt class='gallery-icon landscape'>\n\t\t\t\t<a rel=\"prettyPhoto[pp_gal]\" href='https:\/\/centredentalsantfruitos.com\/wp-content\/uploads\/2022\/11\/elcentre9.jpg'><img loading=\"lazy\" decoding=\"async\" width=\"150\" height=\"150\" src=\"https:\/\/centredentalsantfruitos.com\/wp-content\/uploads\/2022\/11\/elcentre9-150x150.jpg\" class=\"attachment-thumbnail size-thumbnail\" alt=\"\" srcset=\"https:\/\/centredentalsantfruitos.com\/wp-content\/uploads\/2022\/11\/elcentre9-150x150.jpg 150w, https:\/\/centredentalsantfruitos.com\/wp-content\/uploads\/2022\/11\/elcentre9-80x80.jpg 80w, https:\/\/centredentalsantfruitos.com\/wp-content\/uploads\/2022\/11\/elcentre9-500x500.jpg 500w, https:\/\/centredentalsantfruitos.com\/wp-content\/uploads\/2022\/11\/elcentre9-300x300.jpg 300w, https:\/\/centredentalsantfruitos.com\/wp-content\/uploads\/2022\/11\/elcentre9-100x100.jpg 100w\" sizes=\"auto, (max-width: 150px) 100vw, 150px\" \/><\/a>\n\t\t\t<\/dt><\/dl><dl class='gallery-item'>\n\t\t\t<dt class='gallery-icon landscape'>\n\t\t\t\t<a rel=\"prettyPhoto[pp_gal]\" href='https:\/\/centredentalsantfruitos.com\/wp-content\/uploads\/2022\/11\/elcentre7.jpg'><img loading=\"lazy\" decoding=\"async\" width=\"150\" height=\"150\" src=\"https:\/\/centredentalsantfruitos.com\/wp-content\/uploads\/2022\/11\/elcentre7-150x150.jpg\" class=\"attachment-thumbnail size-thumbnail\" alt=\"\" srcset=\"https:\/\/centredentalsantfruitos.com\/wp-content\/uploads\/2022\/11\/elcentre7-150x150.jpg 150w, https:\/\/centredentalsantfruitos.com\/wp-content\/uploads\/2022\/11\/elcentre7-80x80.jpg 80w, https:\/\/centredentalsantfruitos.com\/wp-content\/uploads\/2022\/11\/elcentre7-500x500.jpg 500w, https:\/\/centredentalsantfruitos.com\/wp-content\/uploads\/2022\/11\/elcentre7-300x300.jpg 300w, https:\/\/centredentalsantfruitos.com\/wp-content\/uploads\/2022\/11\/elcentre7-100x100.jpg 100w\" sizes=\"auto, (max-width: 150px) 100vw, 150px\" \/><\/a>\n\t\t\t<\/dt><\/dl><br style=\"clear: both\" \/><dl class='gallery-item'>\n\t\t\t<dt class='gallery-icon landscape'>\n\t\t\t\t<a rel=\"prettyPhoto[pp_gal]\" href='https:\/\/centredentalsantfruitos.com\/wp-content\/uploads\/2022\/12\/elcentre_4-scaled.jpg'><img loading=\"lazy\" decoding=\"async\" width=\"150\" height=\"150\" src=\"https:\/\/centredentalsantfruitos.com\/wp-content\/uploads\/2022\/12\/elcentre_4-150x150.jpg\" class=\"attachment-thumbnail size-thumbnail\" alt=\"\" srcset=\"https:\/\/centredentalsantfruitos.com\/wp-content\/uploads\/2022\/12\/elcentre_4-150x150.jpg 150w, https:\/\/centredentalsantfruitos.com\/wp-content\/uploads\/2022\/12\/elcentre_4-300x300.jpg 300w, https:\/\/centredentalsantfruitos.com\/wp-content\/uploads\/2022\/12\/elcentre_4-1024x1024.jpg 1024w, https:\/\/centredentalsantfruitos.com\/wp-content\/uploads\/2022\/12\/elcentre_4-768x768.jpg 768w, https:\/\/centredentalsantfruitos.com\/wp-content\/uploads\/2022\/12\/elcentre_4-1536x1536.jpg 1536w, https:\/\/centredentalsantfruitos.com\/wp-content\/uploads\/2022\/12\/elcentre_4-2048x2048.jpg 2048w, https:\/\/centredentalsantfruitos.com\/wp-content\/uploads\/2022\/12\/elcentre_4-80x80.jpg 80w, https:\/\/centredentalsantfruitos.com\/wp-content\/uploads\/2022\/12\/elcentre_4-500x500.jpg 500w, https:\/\/centredentalsantfruitos.com\/wp-content\/uploads\/2022\/12\/elcentre_4-1000x1000.jpg 1000w\" sizes=\"auto, (max-width: 150px) 100vw, 150px\" \/><\/a>\n\t\t\t<\/dt><\/dl><dl class='gallery-item'>\n\t\t\t<dt class='gallery-icon landscape'>\n\t\t\t\t<a rel=\"prettyPhoto[pp_gal]\" href='https:\/\/centredentalsantfruitos.com\/wp-content\/uploads\/2022\/12\/elcentre_1.jpg'><img loading=\"lazy\" decoding=\"async\" width=\"150\" height=\"150\" src=\"https:\/\/centredentalsantfruitos.com\/wp-content\/uploads\/2022\/12\/elcentre_1-150x150.jpg\" class=\"attachment-thumbnail size-thumbnail\" alt=\"\" srcset=\"https:\/\/centredentalsantfruitos.com\/wp-content\/uploads\/2022\/12\/elcentre_1-150x150.jpg 150w, https:\/\/centredentalsantfruitos.com\/wp-content\/uploads\/2022\/12\/elcentre_1-80x80.jpg 80w, https:\/\/centredentalsantfruitos.com\/wp-content\/uploads\/2022\/12\/elcentre_1-500x500.jpg 500w\" sizes=\"auto, (max-width: 150px) 100vw, 150px\" \/><\/a>\n\t\t\t<\/dt><\/dl><dl class='gallery-item'>\n\t\t\t<dt class='gallery-icon landscape'>\n\t\t\t\t<a rel=\"prettyPhoto[pp_gal]\" href='https:\/\/centredentalsantfruitos.com\/wp-content\/uploads\/2022\/12\/elcentre_2.jpg'><img loading=\"lazy\" decoding=\"async\" width=\"150\" height=\"150\" src=\"https:\/\/centredentalsantfruitos.com\/wp-content\/uploads\/2022\/12\/elcentre_2-150x150.jpg\" class=\"attachment-thumbnail size-thumbnail\" alt=\"\" srcset=\"https:\/\/centredentalsantfruitos.com\/wp-content\/uploads\/2022\/12\/elcentre_2-150x150.jpg 150w, https:\/\/centredentalsantfruitos.com\/wp-content\/uploads\/2022\/12\/elcentre_2-80x80.jpg 80w, https:\/\/centredentalsantfruitos.com\/wp-content\/uploads\/2022\/12\/elcentre_2-500x500.jpg 500w\" sizes=\"auto, (max-width: 150px) 100vw, 150px\" \/><\/a>\n\t\t\t<\/dt><\/dl><br style=\"clear: both\" \/>\n\t\t<\/div>\n<\/div>[\/vc_column][\/vc_row]<\/p>\n<\/div>","protected":false},"excerpt":{"rendered":"<p>[vc_row top_padding=\u00bb80&#8243; bottom_padding=\u00bb80&#8243; bg_position=\u00bbleft top\u00bb][vc_column width=\u00bb1\/1&#8243;][\/vc_column][\/vc_row]<\/p>\n","protected":false},"author":1,"featured_media":0,"parent":0,"menu_order":0,"comment_status":"closed","ping_status":"closed","template":"","meta":{"_mbp_gutenberg_autopost":false,"footnotes":""},"class_list":["post-16724","page","type-page","status-publish","hentry"],"yoast_head":"<!-- This site is optimized with the Yoast SEO plugin v24.8.1 - https:\/\/yoast.com\/wordpress\/plugins\/seo\/ -->\n<title>Centre Dental Sant Fruit\u00f3s \u00b7 Dentista ubicado en Sant Fruit\u00f3s<\/title>\n<meta name=\"description\" content=\"P\u00e1gina de Centre Dental Sant Fruit\u00f3s \u00b7 Dentista ubicado en Sant Fruit\u00f3s \u00b7 Experts en est\u00e8tica dental a Manresa \u00b7 Centre Dental Manresa\" \/>\n<meta name=\"robots\" content=\"index, follow, max-snippet:-1, max-image-preview:large, max-video-preview:-1\" \/>\n<link rel=\"canonical\" href=\"https:\/\/centredentalsantfruitos.com\/es\/centre-dental-sant-fruitos-de-bages\/\" \/>\n<meta property=\"og:locale\" content=\"es_ES\" \/>\n<meta property=\"og:type\" content=\"article\" \/>\n<meta property=\"og:title\" content=\"Centre Dental Sant Fruit\u00f3s \u00b7 Dentista ubicado en Sant Fruit\u00f3s\" \/>\n<meta property=\"og:description\" content=\"P\u00e1gina de Centre Dental Sant Fruit\u00f3s \u00b7 Dentista ubicado en Sant Fruit\u00f3s \u00b7 Experts en est\u00e8tica dental a Manresa \u00b7 Centre Dental Manresa\" \/>\n<meta property=\"og:url\" content=\"https:\/\/centredentalsantfruitos.com\/es\/centre-dental-sant-fruitos-de-bages\/\" \/>\n<meta property=\"og:site_name\" content=\"Centre dental Sant Fruit\u00f3s\" \/>\n<meta property=\"article:modified_time\" content=\"2024-09-19T08:45:50+00:00\" \/>\n<meta name=\"twitter:card\" content=\"summary_large_image\" \/>\n<meta name=\"twitter:label1\" content=\"Tiempo de lectura\" \/>\n\t<meta name=\"twitter:data1\" content=\"1 minuto\" \/>\n<script type=\"application\/ld+json\" class=\"yoast-schema-graph\">{\"@context\":\"https:\/\/schema.org\",\"@graph\":[{\"@type\":\"WebPage\",\"@id\":\"https:\/\/centredentalsantfruitos.com\/es\/centre-dental-sant-fruitos-de-bages\/\",\"url\":\"https:\/\/centredentalsantfruitos.com\/es\/centre-dental-sant-fruitos-de-bages\/\",\"name\":\"Centre Dental Sant Fruit\u00f3s \u00b7 Dentista ubicado en Sant Fruit\u00f3s\",\"isPartOf\":{\"@id\":\"https:\/\/centredentalsantfruitos.com\/#website\"},\"datePublished\":\"2013-01-07T13:16:54+00:00\",\"dateModified\":\"2024-09-19T08:45:50+00:00\",\"description\":\"P\u00e1gina de Centre Dental Sant Fruit\u00f3s \u00b7 Dentista ubicado en Sant Fruit\u00f3s \u00b7 Experts en est\u00e8tica dental a Manresa \u00b7 Centre Dental Manresa\",\"breadcrumb\":{\"@id\":\"https:\/\/centredentalsantfruitos.com\/es\/centre-dental-sant-fruitos-de-bages\/#breadcrumb\"},\"inLanguage\":\"es\",\"potentialAction\":[{\"@type\":\"ReadAction\",\"target\":[\"https:\/\/centredentalsantfruitos.com\/es\/centre-dental-sant-fruitos-de-bages\/\"]}]},{\"@type\":\"BreadcrumbList\",\"@id\":\"https:\/\/centredentalsantfruitos.com\/es\/centre-dental-sant-fruitos-de-bages\/#breadcrumb\",\"itemListElement\":[{\"@type\":\"ListItem\",\"position\":1,\"name\":\"Home\",\"item\":\"https:\/\/centredentalsantfruitos.com\/es\/\"},{\"@type\":\"ListItem\",\"position\":2,\"name\":\"El Centro\"}]},{\"@type\":\"WebSite\",\"@id\":\"https:\/\/centredentalsantfruitos.com\/#website\",\"url\":\"https:\/\/centredentalsantfruitos.com\/\",\"name\":\"Centre Dental Sant Fruit\u00f3s\",\"description\":\"El teu centre dental de refer\u00e8ncia a Sant Fruit\u00f3s de Bages.\",\"publisher\":{\"@id\":\"https:\/\/centredentalsantfruitos.com\/#organization\"},\"potentialAction\":[{\"@type\":\"SearchAction\",\"target\":{\"@type\":\"EntryPoint\",\"urlTemplate\":\"https:\/\/centredentalsantfruitos.com\/?s={search_term_string}\"},\"query-input\":{\"@type\":\"PropertyValueSpecification\",\"valueRequired\":true,\"valueName\":\"search_term_string\"}}],\"inLanguage\":\"es\"},{\"@type\":\"Organization\",\"@id\":\"https:\/\/centredentalsantfruitos.com\/#organization\",\"name\":\"Centre Dental Sant Fruit\u00f3s\",\"url\":\"https:\/\/centredentalsantfruitos.com\/\",\"logo\":{\"@type\":\"ImageObject\",\"inLanguage\":\"es\",\"@id\":\"https:\/\/centredentalsantfruitos.com\/#\/schema\/logo\/image\/\",\"url\":\"https:\/\/centredentalsantfruitos.com\/wp-content\/uploads\/2022\/11\/cdsf_logo-1.png\",\"contentUrl\":\"https:\/\/centredentalsantfruitos.com\/wp-content\/uploads\/2022\/11\/cdsf_logo-1.png\",\"width\":132,\"height\":28,\"caption\":\"Centre Dental Sant Fruit\u00f3s\"},\"image\":{\"@id\":\"https:\/\/centredentalsantfruitos.com\/#\/schema\/logo\/image\/\"}}]}<\/script>\n<!-- \/ Yoast SEO plugin. -->","yoast_head_json":{"title":"Centre Dental Sant Fruit\u00f3s \u00b7 Dentista ubicado en Sant Fruit\u00f3s","description":"P\u00e1gina de Centre Dental Sant Fruit\u00f3s \u00b7 Dentista ubicado en Sant Fruit\u00f3s \u00b7 Experts en est\u00e8tica dental a Manresa \u00b7 Centre Dental Manresa","robots":{"index":"index","follow":"follow","max-snippet":"max-snippet:-1","max-image-preview":"max-image-preview:large","max-video-preview":"max-video-preview:-1"},"canonical":"https:\/\/centredentalsantfruitos.com\/es\/centre-dental-sant-fruitos-de-bages\/","og_locale":"es_ES","og_type":"article","og_title":"Centre Dental Sant Fruit\u00f3s \u00b7 Dentista ubicado en Sant Fruit\u00f3s","og_description":"P\u00e1gina de Centre Dental Sant Fruit\u00f3s \u00b7 Dentista ubicado en Sant Fruit\u00f3s \u00b7 Experts en est\u00e8tica dental a Manresa \u00b7 Centre Dental Manresa","og_url":"https:\/\/centredentalsantfruitos.com\/es\/centre-dental-sant-fruitos-de-bages\/","og_site_name":"Centre dental Sant Fruit\u00f3s","article_modified_time":"2024-09-19T08:45:50+00:00","twitter_card":"summary_large_image","twitter_misc":{"Tiempo de lectura":"1 minuto"},"schema":{"@context":"https:\/\/schema.org","@graph":[{"@type":"WebPage","@id":"https:\/\/centredentalsantfruitos.com\/es\/centre-dental-sant-fruitos-de-bages\/","url":"https:\/\/centredentalsantfruitos.com\/es\/centre-dental-sant-fruitos-de-bages\/","name":"Centre Dental Sant Fruit\u00f3s \u00b7 Dentista ubicado en Sant Fruit\u00f3s","isPartOf":{"@id":"https:\/\/centredentalsantfruitos.com\/#website"},"datePublished":"2013-01-07T13:16:54+00:00","dateModified":"2024-09-19T08:45:50+00:00","description":"P\u00e1gina de Centre Dental Sant Fruit\u00f3s \u00b7 Dentista ubicado en Sant Fruit\u00f3s \u00b7 Experts en est\u00e8tica dental a Manresa \u00b7 Centre Dental Manresa","breadcrumb":{"@id":"https:\/\/centredentalsantfruitos.com\/es\/centre-dental-sant-fruitos-de-bages\/#breadcrumb"},"inLanguage":"es","potentialAction":[{"@type":"ReadAction","target":["https:\/\/centredentalsantfruitos.com\/es\/centre-dental-sant-fruitos-de-bages\/"]}]},{"@type":"BreadcrumbList","@id":"https:\/\/centredentalsantfruitos.com\/es\/centre-dental-sant-fruitos-de-bages\/#breadcrumb","itemListElement":[{"@type":"ListItem","position":1,"name":"Home","item":"https:\/\/centredentalsantfruitos.com\/es\/"},{"@type":"ListItem","position":2,"name":"El Centro"}]},{"@type":"WebSite","@id":"https:\/\/centredentalsantfruitos.com\/#website","url":"https:\/\/centredentalsantfruitos.com\/","name":"Centre Dental Sant Fruit\u00f3s","description":"El teu centre dental de refer\u00e8ncia a Sant Fruit\u00f3s de Bages.","publisher":{"@id":"https:\/\/centredentalsantfruitos.com\/#organization"},"potentialAction":[{"@type":"SearchAction","target":{"@type":"EntryPoint","urlTemplate":"https:\/\/centredentalsantfruitos.com\/?s={search_term_string}"},"query-input":{"@type":"PropertyValueSpecification","valueRequired":true,"valueName":"search_term_string"}}],"inLanguage":"es"},{"@type":"Organization","@id":"https:\/\/centredentalsantfruitos.com\/#organization","name":"Centre Dental Sant Fruit\u00f3s","url":"https:\/\/centredentalsantfruitos.com\/","logo":{"@type":"ImageObject","inLanguage":"es","@id":"https:\/\/centredentalsantfruitos.com\/#\/schema\/logo\/image\/","url":"https:\/\/centredentalsantfruitos.com\/wp-content\/uploads\/2022\/11\/cdsf_logo-1.png","contentUrl":"https:\/\/centredentalsantfruitos.com\/wp-content\/uploads\/2022\/11\/cdsf_logo-1.png","width":132,"height":28,"caption":"Centre Dental Sant Fruit\u00f3s"},"image":{"@id":"https:\/\/centredentalsantfruitos.com\/#\/schema\/logo\/image\/"}}]}},"_links":{"self":[{"href":"https:\/\/centredentalsantfruitos.com\/es\/wp-json\/wp\/v2\/pages\/16724","targetHints":{"allow":["GET"]}}],"collection":[{"href":"https:\/\/centredentalsantfruitos.com\/es\/wp-json\/wp\/v2\/pages"}],"about":[{"href":"https:\/\/centredentalsantfruitos.com\/es\/wp-json\/wp\/v2\/types\/page"}],"author":[{"embeddable":true,"href":"https:\/\/centredentalsantfruitos.com\/es\/wp-json\/wp\/v2\/users\/1"}],"replies":[{"embeddable":true,"href":"https:\/\/centredentalsantfruitos.com\/es\/wp-json\/wp\/v2\/comments?post=16724"}],"version-history":[{"count":0,"href":"https:\/\/centredentalsantfruitos.com\/es\/wp-json\/wp\/v2\/pages\/16724\/revisions"}],"wp:attachment":[{"href":"https:\/\/centredentalsantfruitos.com\/es\/wp-json\/wp\/v2\/media?parent=16724"}],"curies":[{"name":"wp","href":"https:\/\/api.w.org\/{rel}","templated":true}]}}