{"id":16943,"date":"2024-07-04T10:57:12","date_gmt":"2024-07-04T08:57:12","guid":{"rendered":"https:\/\/centredentalsantfruitos.com\/?page_id=16943"},"modified":"2025-01-10T21:42:52","modified_gmt":"2025-01-10T20:42:52","slug":"implantes-dentales","status":"publish","type":"page","link":"https:\/\/centredentalsantfruitos.com\/es\/implantes-dentales\/","title":{"rendered":"Implantes Dentales"},"content":{"rendered":"<div class=\"wpb-content-wrapper\"><p>[vc_row top_padding=\u00bb50&#8243; bottom_padding=\u00bb50&#8243;][vc_column column_center=\u00bbtrue\u00bb width=\u00bb1\/2&#8243;]<div class=\"single_image wpb_content_element align-left    \" data-animation=\"none\" data-delay=\"0\"><img loading=\"lazy\" decoding=\"async\" width=\"1280\" height=\"720\" src=\"https:\/\/centredentalsantfruitos.com\/wp-content\/uploads\/2014\/09\/1_IMPLANTOLOGIA.jpg\" class=\"attachment-full\" alt=\"implantes dentales - Sant Fruit\u00f3s\" title=\"implantes dentales - Sant Fruit\u00f3s\" srcset=\"https:\/\/centredentalsantfruitos.com\/wp-content\/uploads\/2014\/09\/1_IMPLANTOLOGIA.jpg 1280w, https:\/\/centredentalsantfruitos.com\/wp-content\/uploads\/2014\/09\/1_IMPLANTOLOGIA-300x169.jpg 300w, https:\/\/centredentalsantfruitos.com\/wp-content\/uploads\/2014\/09\/1_IMPLANTOLOGIA-1024x576.jpg 1024w, https:\/\/centredentalsantfruitos.com\/wp-content\/uploads\/2014\/09\/1_IMPLANTOLOGIA-768x432.jpg 768w, https:\/\/centredentalsantfruitos.com\/wp-content\/uploads\/2014\/09\/1_IMPLANTOLOGIA-1000x563.jpg 1000w, https:\/\/centredentalsantfruitos.com\/wp-content\/uploads\/2014\/09\/1_IMPLANTOLOGIA-600x338.jpg 600w\" sizes=\"auto, (max-width: 1280px) 100vw, 1280px\" \/><\/div>[\/vc_column][vc_column column_center=\u00bbtrue\u00bb width=\u00bb1\/2&#8243;]<h1 class=\"headline font-special fontsize-xl fontweight-700 lh-inherit align-center transform-uppercase \" style=\"margin: 0 0 20px 0;\">Implantes Dentales<\/h1><div class=\"divider divider8\" style='margin:10px 0 10px 0 !important;'><\/div><div class=\"headline font-special fontsize-s fontweight-600 lh-inherit align-center transform-inherit \" style=\"margin: 0 0 20px 0;\">\u00abCuando te falta una pieza dental, afecta a toda tu salud bucodental\u00bb<\/div>[\/vc_column][\/vc_row][vc_row top_padding=\u00bb40&#8243; bottom_padding=\u00bb20&#8243;][vc_column width=\u00bb1\/1&#8243;]<h2 class=\"headline font-special fontsize-m fontweight-700 lh-inherit align-center transform-uppercase \" style=\"margin: 0 0 20px 0;\">Especialistas en implantolog\u00eda dental en Sant Fruit\u00f3s y Manresa<\/h2>[\/vc_column][\/vc_row][vc_row top_padding=\u00bb20&#8243; bottom_padding=\u00bb40&#8243;][vc_column width=\u00bb1\/1&#8243;][vc_column_text]La implantolog\u00eda es una disciplina odontol\u00f3gica que reemplaza piezas dentales perdidas o en mal estado mediante uno o varios implantes dentales. Este procedimiento se realiza mediante proceso quir\u00fargico con anestesia local.[\/vc_column_text][vc_column_text]Los implantes dentales est\u00e1n hechos de materiales biocompatibles (habitualmente de titanio) y se sujetan directamente al hueso maxilar o mandibular.[\/vc_column_text][vc_column_text]Este tratamiento completa la dentadura con una apariencia natural, con un resultado est\u00e9tico y funcional. Una soluci\u00f3n que mejora mucho la calidad de vida del paciente y facilita su d\u00eda a d\u00eda.[\/vc_column_text][\/vc_column][\/vc_row][vc_row top_padding=\u00bb20&#8243; bottom_padding=\u00bb40&#8243;][vc_column width=\u00bb1\/1&#8243;][vc_column_text]<\/p>\n<h2>Implantes Dentales en Sant Fruit\u00f3s del Bages \u2013 Centre Dental Sant Fruit\u00f3s<\/h2>\n<p>[\/vc_column_text][vc_column_text]En <em>Centre Dental Sant Fruit\u00f3s del Bages<\/em>, somos especialistas en implantes dentales en Sant Fruit\u00f3s del Bages, ofreciendo soluciones de alta calidad para recuperar la funcionalidad y est\u00e9tica de tu sonrisa. Nuestro equipo de profesionales en odontolog\u00eda cuenta con una amplia experiencia en tratamientos de implantolog\u00eda dental, utilizando las \u00faltimas tecnolog\u00edas y materiales de primera calidad para asegurar resultados duraderos y naturales.[\/vc_column_text][vc_column_text]<\/p>\n<h3>\u00bfQu\u00e9 Son los Implantes Dentales?<\/h3>\n<p>[\/vc_column_text][vc_column_text]Los <strong>implantes dentales<\/strong> son una opci\u00f3n ideal para reemplazar dientes perdidos. Se trata de peque\u00f1as estructuras de titanio que act\u00faan como ra\u00edces artificiales, sobre las cuales se colocan coronas que simulan la apariencia y funci\u00f3n de los dientes naturales. En <em>Centre Dental Sant Fruit\u00f3s del Bages<\/em>, realizamos este procedimiento de manera segura y personalizada, adapt\u00e1ndonos a las necesidades de cada paciente.[\/vc_column_text][\/vc_column][\/vc_row][vc_row top_padding=\u00bb20&#8243; bottom_padding=\u00bb40&#8243;][vc_column width=\u00bb1\/1&#8243;][vc_column_text]<\/p>\n<h2>Beneficios de los Implantes Dentales en Sant Fruit\u00f3s del Bages<\/h2>\n<p>[\/vc_column_text][vc_column_text]Optar por implantes dentales en nuestra cl\u00ednica de Sant Fruit\u00f3s del Bages ofrece m\u00faltiples beneficios, como:<\/p>\n<ul>\n<li><strong>Mejora de la est\u00e9tica<\/strong>: Recupera una sonrisa natural y armoniosa.<\/li>\n<li><strong>Mayor funcionalidad<\/strong>: Permiten masticar con comodidad y hablar sin dificultad.<\/li>\n<li><strong>Durabilidad y resistencia<\/strong>: Con el cuidado adecuado, los implantes dentales pueden durar toda la vida.<\/li>\n<li><strong>Conservaci\u00f3n del hueso maxilar<\/strong>: Evitan la p\u00e9rdida \u00f3sea en la zona donde falta el diente, ayudando a mantener la estructura facial.<\/li>\n<\/ul>\n<p>[\/vc_column_text][vc_column_text]<\/p>\n<h3>\u00bfPor Qu\u00e9 Elegir Centre Dental Sant Fruit\u00f3s del Bages?<\/h3>\n<p>[\/vc_column_text][vc_column_text]En <em>Centre Dental Sant Fruit\u00f3s del Bages<\/em>, nos comprometemos con la excelencia en cada tratamiento de implantes dentales. Nos enfocamos en la comodidad y seguridad de nuestros pacientes de Sant Fruit\u00f3s del Bages y alrededores, asegur\u00e1ndonos de que cada intervenci\u00f3n sea precisa y m\u00ednimamente invasiva. Adem\u00e1s, ofrecemos planes de financiamiento adaptados para que la salud dental est\u00e9 al alcance de todos.<\/p>\n<p>Si est\u00e1s buscando un equipo profesional y de confianza para implantes dentales en Sant Fruit\u00f3s del Bages, <em>Centre Dental Sant Fruit\u00f3s del Bages<\/em> es tu mejor elecci\u00f3n. Cont\u00e1ctanos hoy para una consulta personalizada y descubre c\u00f3mo podemos ayudarte a recuperar la confianza en tu sonrisa.[\/vc_column_text][\/vc_column][\/vc_row][vc_row type=\u00bbfull_width_section\u00bb bg_image=\u00bb16630&#8243; text_color=\u00bblight\u00bb top_padding=\u00bb40&#8243; bottom_padding=\u00bb40&#8243;][vc_column width=\u00bb1\/4&#8243;][\/vc_column][vc_column column_center=\u00bbtrue\u00bb width=\u00bb1\/2&#8243;]<div class=\"headline font-special fontsize-l fontweight-700 lh-inherit align-center transform-uppercase \" style=\"margin: 0 0 20px 0;\">Solicita Informaci\u00f3n<\/div>[vc_raw_html]JTVCY29udGFjdC1mb3JtLTclMjBpZCUzRCUyMjY0NzU0YjQlMjIlMjB0aXRsZSUzRCUyMkZvcm11bGFyaW8lMjBkZSUyMGNvbnRhY3RvJTIwMV9lcyUyMiU1RA==[\/vc_raw_html][\/vc_column][vc_column width=\u00bb1\/4&#8243;][\/vc_column][\/vc_row]<\/p>\n<\/div>","protected":false},"excerpt":{"rendered":"<p>[vc_row top_padding=\u00bb50&#8243; bottom_padding=\u00bb50&#8243;][vc_column column_center=\u00bbtrue\u00bb width=\u00bb1\/2&#8243;][\/vc_column][vc_column column_center=\u00bbtrue\u00bb width=\u00bb1\/2&#8243;][\/vc_column][\/vc_row][vc_row top_padding=\u00bb40&#8243; bottom_padding=\u00bb20&#8243;][vc_column width=\u00bb1\/1&#8243;][\/vc_column][\/vc_row][vc_row top_padding=\u00bb20&#8243; bottom_padding=\u00bb40&#8243;][vc_column width=\u00bb1\/1&#8243;][vc_column_text]La implantolog\u00eda es una disciplina odontol\u00f3gica que reemplaza piezas dentales perdidas o en mal estado mediante uno o varios implantes dentales. Este procedimiento se realiza mediante proceso quir\u00fargico con anestesia local.[\/vc_column_text][vc_column_text]Los implantes dentales est\u00e1n hechos de materiales biocompatibles (habitualmente de titanio) y se sujetan directamente al hueso maxilar o mandibular.[\/vc_column_text][vc_column_text]Este tratamiento completa la dentadura con una apariencia natural, con un resultado est\u00e9tico y funcional. Una soluci\u00f3n que mejora mucho la calidad de vida del paciente y facilita su d\u00eda a d\u00eda.[\/vc_column_text][\/vc_column][\/vc_row][vc_row top_padding=\u00bb20&#8243; bottom_padding=\u00bb40&#8243;][vc_column width=\u00bb1\/1&#8243;][vc_column_text] Implantes Dentales en Sant Fruit\u00f3s del Bages \u2013 Centre Dental Sant Fruit\u00f3s [\/vc_column_text][vc_column_text]En Centre Dental Sant Fruit\u00f3s del Bages, somos especialistas en implantes dentales en Sant Fruit\u00f3s del Bages, ofreciendo soluciones de alta calidad para recuperar la funcionalidad y est\u00e9tica de tu sonrisa. Nuestro equipo de profesionales en odontolog\u00eda cuenta con una amplia experiencia en tratamientos de implantolog\u00eda dental, utilizando las \u00faltimas tecnolog\u00edas y materiales de primera calidad para asegurar resultados duraderos y naturales.[\/vc_column_text][vc_column_text] \u00bfQu\u00e9 Son los Implantes Dentales? [\/vc_column_text][vc_column_text]Los implantes dentales son una opci\u00f3n ideal para reemplazar dientes perdidos. Se trata de peque\u00f1as estructuras de titanio que act\u00faan como ra\u00edces artificiales, sobre las [&hellip;]<\/p>\n","protected":false},"author":3,"featured_media":16614,"parent":0,"menu_order":0,"comment_status":"closed","ping_status":"closed","template":"","meta":{"_mbp_gutenberg_autopost":false,"footnotes":""},"class_list":["post-16943","page","type-page","status-publish","has-post-thumbnail","hentry"],"yoast_head":"<!-- This site is optimized with the Yoast SEO plugin v24.8.1 - https:\/\/yoast.com\/wordpress\/plugins\/seo\/ -->\n<title>Implantes Dentales | Centre dental Sant Fruit\u00f3s<\/title>\n<meta name=\"description\" content=\"Especialistas en implantes dentales. Trabajamos todo tipo de tratamientos avanzados y contamos con materiales de la m\u00e1s alta calidad.\" \/>\n<meta name=\"robots\" content=\"index, follow, max-snippet:-1, max-image-preview:large, max-video-preview:-1\" \/>\n<link rel=\"canonical\" href=\"https:\/\/centredentalsantfruitos.com\/es\/implantes-dentales\/\" \/>\n<meta property=\"og:locale\" content=\"es_ES\" \/>\n<meta property=\"og:type\" content=\"article\" \/>\n<meta property=\"og:title\" content=\"Implantes Dentales | Centre dental Sant Fruit\u00f3s\" \/>\n<meta property=\"og:description\" content=\"Especialistas en implantes dentales. Trabajamos todo tipo de tratamientos avanzados y contamos con materiales de la m\u00e1s alta calidad.\" \/>\n<meta property=\"og:url\" content=\"https:\/\/centredentalsantfruitos.com\/es\/implantes-dentales\/\" \/>\n<meta property=\"og:site_name\" content=\"Centre dental Sant Fruit\u00f3s\" \/>\n<meta property=\"article:modified_time\" content=\"2025-01-10T20:42:52+00:00\" \/>\n<meta property=\"og:image\" content=\"https:\/\/centredentalsantfruitos.com\/wp-content\/uploads\/2014\/09\/1_IMPLANTOLOGIA.jpg\" \/>\n\t<meta property=\"og:image:width\" content=\"1280\" \/>\n\t<meta property=\"og:image:height\" content=\"720\" \/>\n\t<meta property=\"og:image:type\" content=\"image\/jpeg\" \/>\n<meta name=\"twitter:card\" content=\"summary_large_image\" \/>\n<meta name=\"twitter:label1\" content=\"Tiempo de lectura\" \/>\n\t<meta name=\"twitter:data1\" content=\"3 minutos\" \/>\n<script type=\"application\/ld+json\" class=\"yoast-schema-graph\">{\"@context\":\"https:\/\/schema.org\",\"@graph\":[{\"@type\":\"WebPage\",\"@id\":\"https:\/\/centredentalsantfruitos.com\/es\/implantes-dentales\/\",\"url\":\"https:\/\/centredentalsantfruitos.com\/es\/implantes-dentales\/\",\"name\":\"Implantes Dentales | Centre dental Sant Fruit\u00f3s\",\"isPartOf\":{\"@id\":\"https:\/\/centredentalsantfruitos.com\/#website\"},\"primaryImageOfPage\":{\"@id\":\"https:\/\/centredentalsantfruitos.com\/es\/implantes-dentales\/#primaryimage\"},\"image\":{\"@id\":\"https:\/\/centredentalsantfruitos.com\/es\/implantes-dentales\/#primaryimage\"},\"thumbnailUrl\":\"https:\/\/centredentalsantfruitos.com\/wp-content\/uploads\/2014\/09\/1_IMPLANTOLOGIA.jpg\",\"datePublished\":\"2024-07-04T08:57:12+00:00\",\"dateModified\":\"2025-01-10T20:42:52+00:00\",\"description\":\"Especialistas en implantes dentales. Trabajamos todo tipo de tratamientos avanzados y contamos con materiales de la m\u00e1s alta calidad.\",\"breadcrumb\":{\"@id\":\"https:\/\/centredentalsantfruitos.com\/es\/implantes-dentales\/#breadcrumb\"},\"inLanguage\":\"es\",\"potentialAction\":[{\"@type\":\"ReadAction\",\"target\":[\"https:\/\/centredentalsantfruitos.com\/es\/implantes-dentales\/\"]}]},{\"@type\":\"ImageObject\",\"inLanguage\":\"es\",\"@id\":\"https:\/\/centredentalsantfruitos.com\/es\/implantes-dentales\/#primaryimage\",\"url\":\"https:\/\/centredentalsantfruitos.com\/wp-content\/uploads\/2014\/09\/1_IMPLANTOLOGIA.jpg\",\"contentUrl\":\"https:\/\/centredentalsantfruitos.com\/wp-content\/uploads\/2014\/09\/1_IMPLANTOLOGIA.jpg\",\"width\":1280,\"height\":720,\"caption\":\"implantes dentales - Sant Fruit\u00f3s\"},{\"@type\":\"BreadcrumbList\",\"@id\":\"https:\/\/centredentalsantfruitos.com\/es\/implantes-dentales\/#breadcrumb\",\"itemListElement\":[{\"@type\":\"ListItem\",\"position\":1,\"name\":\"Home\",\"item\":\"https:\/\/centredentalsantfruitos.com\/es\/\"},{\"@type\":\"ListItem\",\"position\":2,\"name\":\"Implantes Dentales\"}]},{\"@type\":\"WebSite\",\"@id\":\"https:\/\/centredentalsantfruitos.com\/#website\",\"url\":\"https:\/\/centredentalsantfruitos.com\/\",\"name\":\"Centre Dental Sant Fruit\u00f3s\",\"description\":\"El teu centre dental de refer\u00e8ncia a Sant Fruit\u00f3s de Bages.\",\"publisher\":{\"@id\":\"https:\/\/centredentalsantfruitos.com\/#organization\"},\"potentialAction\":[{\"@type\":\"SearchAction\",\"target\":{\"@type\":\"EntryPoint\",\"urlTemplate\":\"https:\/\/centredentalsantfruitos.com\/?s={search_term_string}\"},\"query-input\":{\"@type\":\"PropertyValueSpecification\",\"valueRequired\":true,\"valueName\":\"search_term_string\"}}],\"inLanguage\":\"es\"},{\"@type\":\"Organization\",\"@id\":\"https:\/\/centredentalsantfruitos.com\/#organization\",\"name\":\"Centre Dental Sant Fruit\u00f3s\",\"url\":\"https:\/\/centredentalsantfruitos.com\/\",\"logo\":{\"@type\":\"ImageObject\",\"inLanguage\":\"es\",\"@id\":\"https:\/\/centredentalsantfruitos.com\/#\/schema\/logo\/image\/\",\"url\":\"https:\/\/centredentalsantfruitos.com\/wp-content\/uploads\/2022\/11\/cdsf_logo-1.png\",\"contentUrl\":\"https:\/\/centredentalsantfruitos.com\/wp-content\/uploads\/2022\/11\/cdsf_logo-1.png\",\"width\":132,\"height\":28,\"caption\":\"Centre Dental Sant Fruit\u00f3s\"},\"image\":{\"@id\":\"https:\/\/centredentalsantfruitos.com\/#\/schema\/logo\/image\/\"}}]}<\/script>\n<!-- \/ Yoast SEO plugin. -->","yoast_head_json":{"title":"Implantes Dentales | Centre dental Sant Fruit\u00f3s","description":"Especialistas en implantes dentales. Trabajamos todo tipo de tratamientos avanzados y contamos con materiales de la m\u00e1s alta calidad.","robots":{"index":"index","follow":"follow","max-snippet":"max-snippet:-1","max-image-preview":"max-image-preview:large","max-video-preview":"max-video-preview:-1"},"canonical":"https:\/\/centredentalsantfruitos.com\/es\/implantes-dentales\/","og_locale":"es_ES","og_type":"article","og_title":"Implantes Dentales | Centre dental Sant Fruit\u00f3s","og_description":"Especialistas en implantes dentales. Trabajamos todo tipo de tratamientos avanzados y contamos con materiales de la m\u00e1s alta calidad.","og_url":"https:\/\/centredentalsantfruitos.com\/es\/implantes-dentales\/","og_site_name":"Centre dental Sant Fruit\u00f3s","article_modified_time":"2025-01-10T20:42:52+00:00","og_image":[{"width":1280,"height":720,"url":"https:\/\/centredentalsantfruitos.com\/wp-content\/uploads\/2014\/09\/1_IMPLANTOLOGIA.jpg","type":"image\/jpeg"}],"twitter_card":"summary_large_image","twitter_misc":{"Tiempo de lectura":"3 minutos"},"schema":{"@context":"https:\/\/schema.org","@graph":[{"@type":"WebPage","@id":"https:\/\/centredentalsantfruitos.com\/es\/implantes-dentales\/","url":"https:\/\/centredentalsantfruitos.com\/es\/implantes-dentales\/","name":"Implantes Dentales | Centre dental Sant Fruit\u00f3s","isPartOf":{"@id":"https:\/\/centredentalsantfruitos.com\/#website"},"primaryImageOfPage":{"@id":"https:\/\/centredentalsantfruitos.com\/es\/implantes-dentales\/#primaryimage"},"image":{"@id":"https:\/\/centredentalsantfruitos.com\/es\/implantes-dentales\/#primaryimage"},"thumbnailUrl":"https:\/\/centredentalsantfruitos.com\/wp-content\/uploads\/2014\/09\/1_IMPLANTOLOGIA.jpg","datePublished":"2024-07-04T08:57:12+00:00","dateModified":"2025-01-10T20:42:52+00:00","description":"Especialistas en implantes dentales. Trabajamos todo tipo de tratamientos avanzados y contamos con materiales de la m\u00e1s alta calidad.","breadcrumb":{"@id":"https:\/\/centredentalsantfruitos.com\/es\/implantes-dentales\/#breadcrumb"},"inLanguage":"es","potentialAction":[{"@type":"ReadAction","target":["https:\/\/centredentalsantfruitos.com\/es\/implantes-dentales\/"]}]},{"@type":"ImageObject","inLanguage":"es","@id":"https:\/\/centredentalsantfruitos.com\/es\/implantes-dentales\/#primaryimage","url":"https:\/\/centredentalsantfruitos.com\/wp-content\/uploads\/2014\/09\/1_IMPLANTOLOGIA.jpg","contentUrl":"https:\/\/centredentalsantfruitos.com\/wp-content\/uploads\/2014\/09\/1_IMPLANTOLOGIA.jpg","width":1280,"height":720,"caption":"implantes dentales - Sant Fruit\u00f3s"},{"@type":"BreadcrumbList","@id":"https:\/\/centredentalsantfruitos.com\/es\/implantes-dentales\/#breadcrumb","itemListElement":[{"@type":"ListItem","position":1,"name":"Home","item":"https:\/\/centredentalsantfruitos.com\/es\/"},{"@type":"ListItem","position":2,"name":"Implantes Dentales"}]},{"@type":"WebSite","@id":"https:\/\/centredentalsantfruitos.com\/#website","url":"https:\/\/centredentalsantfruitos.com\/","name":"Centre Dental Sant Fruit\u00f3s","description":"El teu centre dental de refer\u00e8ncia a Sant Fruit\u00f3s de Bages.","publisher":{"@id":"https:\/\/centredentalsantfruitos.com\/#organization"},"potentialAction":[{"@type":"SearchAction","target":{"@type":"EntryPoint","urlTemplate":"https:\/\/centredentalsantfruitos.com\/?s={search_term_string}"},"query-input":{"@type":"PropertyValueSpecification","valueRequired":true,"valueName":"search_term_string"}}],"inLanguage":"es"},{"@type":"Organization","@id":"https:\/\/centredentalsantfruitos.com\/#organization","name":"Centre Dental Sant Fruit\u00f3s","url":"https:\/\/centredentalsantfruitos.com\/","logo":{"@type":"ImageObject","inLanguage":"es","@id":"https:\/\/centredentalsantfruitos.com\/#\/schema\/logo\/image\/","url":"https:\/\/centredentalsantfruitos.com\/wp-content\/uploads\/2022\/11\/cdsf_logo-1.png","contentUrl":"https:\/\/centredentalsantfruitos.com\/wp-content\/uploads\/2022\/11\/cdsf_logo-1.png","width":132,"height":28,"caption":"Centre Dental Sant Fruit\u00f3s"},"image":{"@id":"https:\/\/centredentalsantfruitos.com\/#\/schema\/logo\/image\/"}}]}},"_links":{"self":[{"href":"https:\/\/centredentalsantfruitos.com\/es\/wp-json\/wp\/v2\/pages\/16943","targetHints":{"allow":["GET"]}}],"collection":[{"href":"https:\/\/centredentalsantfruitos.com\/es\/wp-json\/wp\/v2\/pages"}],"about":[{"href":"https:\/\/centredentalsantfruitos.com\/es\/wp-json\/wp\/v2\/types\/page"}],"author":[{"embeddable":true,"href":"https:\/\/centredentalsantfruitos.com\/es\/wp-json\/wp\/v2\/users\/3"}],"replies":[{"embeddable":true,"href":"https:\/\/centredentalsantfruitos.com\/es\/wp-json\/wp\/v2\/comments?post=16943"}],"version-history":[{"count":2,"href":"https:\/\/centredentalsantfruitos.com\/es\/wp-json\/wp\/v2\/pages\/16943\/revisions"}],"predecessor-version":[{"id":17466,"href":"https:\/\/centredentalsantfruitos.com\/es\/wp-json\/wp\/v2\/pages\/16943\/revisions\/17466"}],"wp:featuredmedia":[{"embeddable":true,"href":"https:\/\/centredentalsantfruitos.com\/es\/wp-json\/wp\/v2\/media\/16614"}],"wp:attachment":[{"href":"https:\/\/centredentalsantfruitos.com\/es\/wp-json\/wp\/v2\/media?parent=16943"}],"curies":[{"name":"wp","href":"https:\/\/api.w.org\/{rel}","templated":true}]}}