{"id":16964,"date":"2024-07-04T11:01:06","date_gmt":"2024-07-04T09:01:06","guid":{"rendered":"https:\/\/centredentalsantfruitos.com\/?page_id=16964"},"modified":"2025-01-10T21:45:02","modified_gmt":"2025-01-10T20:45:02","slug":"protesis-dentales","status":"publish","type":"page","link":"https:\/\/centredentalsantfruitos.com\/es\/protesis-dentales\/","title":{"rendered":"Pr\u00f3tesis Dentales"},"content":{"rendered":"<div class=\"wpb-content-wrapper\"><p>[vc_row top_padding=\u00bb50&#8243; bottom_padding=\u00bb50&#8243;][vc_column column_center=\u00bbtrue\u00bb width=\u00bb1\/2&#8243;]<div class=\"single_image wpb_content_element align-left    \" data-animation=\"none\" data-delay=\"0\"><img loading=\"lazy\" decoding=\"async\" width=\"1280\" height=\"720\" src=\"https:\/\/centredentalsantfruitos.com\/wp-content\/uploads\/2022\/10\/2_PROTESIS_DENTAL_SANT-FRUITOS.jpg\" class=\"attachment-full\" alt=\"Pr\u00f3tesis dental\" title=\"2_PROTESIS_DENTAL_SANT-FRUITOS\" srcset=\"https:\/\/centredentalsantfruitos.com\/wp-content\/uploads\/2022\/10\/2_PROTESIS_DENTAL_SANT-FRUITOS.jpg 1280w, https:\/\/centredentalsantfruitos.com\/wp-content\/uploads\/2022\/10\/2_PROTESIS_DENTAL_SANT-FRUITOS-300x169.jpg 300w, https:\/\/centredentalsantfruitos.com\/wp-content\/uploads\/2022\/10\/2_PROTESIS_DENTAL_SANT-FRUITOS-1024x576.jpg 1024w, https:\/\/centredentalsantfruitos.com\/wp-content\/uploads\/2022\/10\/2_PROTESIS_DENTAL_SANT-FRUITOS-768x432.jpg 768w, https:\/\/centredentalsantfruitos.com\/wp-content\/uploads\/2022\/10\/2_PROTESIS_DENTAL_SANT-FRUITOS-1000x563.jpg 1000w\" sizes=\"auto, (max-width: 1280px) 100vw, 1280px\" \/><\/div>[\/vc_column][vc_column column_center=\u00bbtrue\u00bb width=\u00bb1\/2&#8243;]<h1 class=\"headline font-special fontsize-xl fontweight-700 lh-inherit align-center transform-uppercase \" style=\"margin: 0 0 20px 0;\">Pr\u00f3tesis Dentales<\/h1><div class=\"divider divider8\" style='margin:10px 0 10px 0 !important;'><\/div><div class=\"headline font-special fontsize-s fontweight-600 lh-inherit align-center transform-inherit \" style=\"margin: 0 0 20px 0;\">\u00abVolver a tener una boca funcional y est\u00e9tica\u00bb<\/div>[\/vc_column][\/vc_row][vc_row top_padding=\u00bb40&#8243; bottom_padding=\u00bb20&#8243;][vc_column width=\u00bb1\/1&#8243;]<h2 class=\"headline font-special fontsize-m fontweight-700 lh-inherit align-center transform-uppercase \" style=\"margin: 0 0 20px 0;\">Especialistas en pr\u00f3tesis dentales en Sant Fruit\u00f3s y Manresa<\/h2>[\/vc_column][\/vc_row][vc_row top_padding=\u00bb20&#8243; bottom_padding=\u00bb40&#8243;][vc_column width=\u00bb1\/1&#8243;][vc_column_text]La prostodoncia rehabilita y sustituye dientes perdidos, con caries o muy desgastados mediante una soluci\u00f3n fija o removible. La pr\u00f3tesis es una estructura met\u00e1lica con uno o varios dientes artificiales que reemplazan las piezas desperdiciadas o ausentes, la cual mejora la funcionalidad y, tambi\u00e9n, la est\u00e9tica del conjunto de la boca.[\/vc_column_text][vc_column_text]Reemplazar los dientes que se han perdido es fundamental para mantener una correcta salud bucodental, ya que la carencia de piezas dentales puede llegar a afectar al habla y el buen masticamiento de los alimentos.[\/vc_column_text][\/vc_column][\/vc_row][vc_row top_padding=\u00bb20&#8243; bottom_padding=\u00bb40&#8243;][vc_column width=\u00bb1\/1&#8243;][vc_column_text]<\/p>\n<h2>Pr\u00f3tesis Dentales en Sant Fruit\u00f3s del Bages | Centre Dental Sant Fruit\u00f3s<\/h2>\n<p>[\/vc_column_text][vc_column_text]En <em>Centre Dental Sant Fruit\u00f3s<\/em>, ofrecemos soluciones personalizadas en pr\u00f3tesis dentales para restaurar la funcionalidad y est\u00e9tica de tu sonrisa. Nuestro equipo especializado, con amplia experiencia en el dise\u00f1o y colocaci\u00f3n de pr\u00f3tesis dentales, trabaja con materiales de alta calidad y tecnolog\u00eda avanzada para garantizar resultados duraderos y naturales.[\/vc_column_text][\/vc_column][\/vc_row][vc_row top_padding=\u00bb20&#8243; bottom_padding=\u00bb40&#8243;][vc_column width=\u00bb1\/1&#8243;][vc_column_text]<\/p>\n<h2>Tipos de Pr\u00f3tesis Dentales<\/h2>\n<p>[\/vc_column_text][vc_column_text]En nuestra cl\u00ednica en <em>Sant Fruit\u00f3s del Bages<\/em>, contamos con diversas opciones de pr\u00f3tesis dentales adaptadas a tus necesidades:<\/p>\n<ul>\n<li><strong>Pr\u00f3tesis Fijas<\/strong>: Implantes y puentes dentales para restauraciones permanentes, ideales para reemplazar dientes individuales o en grupo.<\/li>\n<li><strong>Pr\u00f3tesis Removibles<\/strong>: Pr\u00f3tesis completas o parciales que se ajustan c\u00f3modamente para una soluci\u00f3n m\u00e1s flexible.<\/li>\n<li><strong>Pr\u00f3tesis sobre Implantes<\/strong>: Combinaci\u00f3n de implantes con pr\u00f3tesis para una mayor estabilidad y comodidad.<\/li>\n<\/ul>\n<p>[\/vc_column_text][\/vc_column][\/vc_row][vc_row top_padding=\u00bb20&#8243; bottom_padding=\u00bb40&#8243;][vc_column width=\u00bb1\/1&#8243;][vc_column_text]<\/p>\n<h2>Ventajas de las Pr\u00f3tesis Dentales<\/h2>\n<p>[\/vc_column_text][vc_column_text]En nuestro centro dental, valoramos la comodidad y el bienestar de nuestros pacientes. Las pr\u00f3tesis dentales no solo mejoran la est\u00e9tica, sino tambi\u00e9n la capacidad de masticaci\u00f3n y el habla, lo que contribuye a una mejor calidad de vida. Adem\u00e1s, nuestros tratamientos est\u00e1n adaptados para ser lo m\u00e1s c\u00f3modos y accesibles posible.[\/vc_column_text][\/vc_column][\/vc_row][vc_row top_padding=\u00bb20&#8243; bottom_padding=\u00bb40&#8243;][vc_column width=\u00bb1\/1&#8243;][vc_column_text]<\/p>\n<h3>\u00bfPor qu\u00e9 elegirnos?<\/h3>\n<p>[\/vc_column_text][vc_column_text]Elegir <em>Centre Dental Sant Fruit\u00f3s<\/em> para tu tratamiento de pr\u00f3tesis dentales significa optar por un servicio profesional y cercano en Sant Fruit\u00f3s del Bages. Desde la primera consulta hasta la colocaci\u00f3n y seguimiento, nos enfocamos en ofrecerte un trato personalizado y soluciones a medida para lograr una sonrisa saludable y natural.<\/p>\n<p>Vis\u00edtanos en <em>Sant Fruit\u00f3s del Bages<\/em> y descubre c\u00f3mo nuestras pr\u00f3tesis dentales pueden ayudarte a recuperar la confianza y funcionalidad en tu d\u00eda a d\u00eda. \u00a1Contacta con nosotros y solicita tu cita hoy![\/vc_column_text][\/vc_column][\/vc_row][vc_row type=\u00bbfull_width_section\u00bb bg_image=\u00bb16630&#8243; text_color=\u00bblight\u00bb top_padding=\u00bb40&#8243; bottom_padding=\u00bb40&#8243;][vc_column width=\u00bb1\/4&#8243;][\/vc_column][vc_column column_center=\u00bbtrue\u00bb width=\u00bb1\/2&#8243;]<div class=\"headline font-special fontsize-l fontweight-700 lh-inherit align-center transform-uppercase \" style=\"margin: 0 0 20px 0;\">Solicita Informaci\u00f3n<\/div>[vc_raw_html]JTVCY29udGFjdC1mb3JtLTclMjBpZCUzRCUyMjY0NzU0YjQlMjIlMjB0aXRsZSUzRCUyMkZvcm11bGFyaW8lMjBkZSUyMGNvbnRhY3RvJTIwMV9lcyUyMiU1RA==[\/vc_raw_html][\/vc_column][vc_column width=\u00bb1\/4&#8243;][\/vc_column][\/vc_row]<\/p>\n<\/div>","protected":false},"excerpt":{"rendered":"<p>[vc_row top_padding=\u00bb50&#8243; bottom_padding=\u00bb50&#8243;][vc_column column_center=\u00bbtrue\u00bb width=\u00bb1\/2&#8243;][\/vc_column][vc_column column_center=\u00bbtrue\u00bb width=\u00bb1\/2&#8243;][\/vc_column][\/vc_row][vc_row top_padding=\u00bb40&#8243; bottom_padding=\u00bb20&#8243;][vc_column width=\u00bb1\/1&#8243;][\/vc_column][\/vc_row][vc_row top_padding=\u00bb20&#8243; bottom_padding=\u00bb40&#8243;][vc_column width=\u00bb1\/1&#8243;][vc_column_text]La prostodoncia rehabilita y sustituye dientes perdidos, con caries o muy desgastados mediante una soluci\u00f3n fija o removible. La pr\u00f3tesis es una estructura met\u00e1lica con uno o varios dientes artificiales que reemplazan las piezas desperdiciadas o ausentes, la cual mejora la funcionalidad y, tambi\u00e9n, la est\u00e9tica del conjunto de la boca.[\/vc_column_text][vc_column_text]Reemplazar los dientes que se han perdido es fundamental para mantener una correcta salud bucodental, ya que la carencia de piezas dentales puede llegar a afectar al habla y el buen masticamiento de los alimentos.[\/vc_column_text][\/vc_column][\/vc_row][vc_row top_padding=\u00bb20&#8243; bottom_padding=\u00bb40&#8243;][vc_column width=\u00bb1\/1&#8243;][vc_column_text] Pr\u00f3tesis Dentales en Sant Fruit\u00f3s del Bages | Centre Dental Sant Fruit\u00f3s [\/vc_column_text][vc_column_text]En Centre Dental Sant Fruit\u00f3s, ofrecemos soluciones personalizadas en pr\u00f3tesis dentales para restaurar la funcionalidad y est\u00e9tica de tu sonrisa. Nuestro equipo especializado, con amplia experiencia en el dise\u00f1o y colocaci\u00f3n de pr\u00f3tesis dentales, trabaja con materiales de alta calidad y tecnolog\u00eda avanzada para garantizar resultados duraderos y naturales.[\/vc_column_text][\/vc_column][\/vc_row][vc_row top_padding=\u00bb20&#8243; bottom_padding=\u00bb40&#8243;][vc_column width=\u00bb1\/1&#8243;][vc_column_text] Tipos de Pr\u00f3tesis Dentales [\/vc_column_text][vc_column_text]En nuestra cl\u00ednica en Sant Fruit\u00f3s del Bages, contamos con diversas opciones de pr\u00f3tesis dentales adaptadas a tus necesidades: Pr\u00f3tesis Fijas: Implantes y puentes dentales para restauraciones permanentes, ideales para reemplazar dientes [&hellip;]<\/p>\n","protected":false},"author":3,"featured_media":16762,"parent":0,"menu_order":0,"comment_status":"closed","ping_status":"closed","template":"","meta":{"_mbp_gutenberg_autopost":false,"footnotes":""},"class_list":["post-16964","page","type-page","status-publish","has-post-thumbnail","hentry"],"yoast_head":"<!-- This site is optimized with the Yoast SEO plugin v24.8.1 - https:\/\/yoast.com\/wordpress\/plugins\/seo\/ -->\n<title>Pr\u00f3tesis Dentales | Centre dental Sant Fruit\u00f3s<\/title>\n<meta name=\"description\" content=\"Pr\u00f3tesis dental \u00b7 Centre Dental Sant Fruit\u00f3s \u00b7 Dentista en Manresa \u00b7 Centro Dental especializado en pr\u00f3tesis dentales ubicado en el Bages.\" \/>\n<meta name=\"robots\" content=\"index, follow, max-snippet:-1, max-image-preview:large, max-video-preview:-1\" \/>\n<link rel=\"canonical\" href=\"https:\/\/centredentalsantfruitos.com\/es\/protesis-dentales\/\" \/>\n<meta property=\"og:locale\" content=\"es_ES\" \/>\n<meta property=\"og:type\" content=\"article\" \/>\n<meta property=\"og:title\" content=\"Pr\u00f3tesis Dentales | Centre dental Sant Fruit\u00f3s\" \/>\n<meta property=\"og:description\" content=\"Pr\u00f3tesis dental \u00b7 Centre Dental Sant Fruit\u00f3s \u00b7 Dentista en Manresa \u00b7 Centro Dental especializado en pr\u00f3tesis dentales ubicado en el Bages.\" \/>\n<meta property=\"og:url\" content=\"https:\/\/centredentalsantfruitos.com\/es\/protesis-dentales\/\" \/>\n<meta property=\"og:site_name\" content=\"Centre dental Sant Fruit\u00f3s\" \/>\n<meta property=\"article:modified_time\" content=\"2025-01-10T20:45:02+00:00\" \/>\n<meta property=\"og:image\" content=\"https:\/\/centredentalsantfruitos.com\/wp-content\/uploads\/2022\/10\/2_PROTESIS_DENTAL_SANT-FRUITOS.jpg\" \/>\n\t<meta property=\"og:image:width\" content=\"1280\" \/>\n\t<meta property=\"og:image:height\" content=\"720\" \/>\n\t<meta property=\"og:image:type\" content=\"image\/jpeg\" \/>\n<meta name=\"twitter:card\" content=\"summary_large_image\" \/>\n<meta name=\"twitter:label1\" content=\"Tiempo de lectura\" \/>\n\t<meta name=\"twitter:data1\" content=\"3 minutos\" \/>\n<script type=\"application\/ld+json\" class=\"yoast-schema-graph\">{\"@context\":\"https:\/\/schema.org\",\"@graph\":[{\"@type\":\"WebPage\",\"@id\":\"https:\/\/centredentalsantfruitos.com\/es\/protesis-dentales\/\",\"url\":\"https:\/\/centredentalsantfruitos.com\/es\/protesis-dentales\/\",\"name\":\"Pr\u00f3tesis Dentales | Centre dental Sant Fruit\u00f3s\",\"isPartOf\":{\"@id\":\"https:\/\/centredentalsantfruitos.com\/#website\"},\"primaryImageOfPage\":{\"@id\":\"https:\/\/centredentalsantfruitos.com\/es\/protesis-dentales\/#primaryimage\"},\"image\":{\"@id\":\"https:\/\/centredentalsantfruitos.com\/es\/protesis-dentales\/#primaryimage\"},\"thumbnailUrl\":\"https:\/\/centredentalsantfruitos.com\/wp-content\/uploads\/2022\/10\/2_PROTESIS_DENTAL_SANT-FRUITOS.jpg\",\"datePublished\":\"2024-07-04T09:01:06+00:00\",\"dateModified\":\"2025-01-10T20:45:02+00:00\",\"description\":\"Pr\u00f3tesis dental \u00b7 Centre Dental Sant Fruit\u00f3s \u00b7 Dentista en Manresa \u00b7 Centro Dental especializado en pr\u00f3tesis dentales ubicado en el Bages.\",\"breadcrumb\":{\"@id\":\"https:\/\/centredentalsantfruitos.com\/es\/protesis-dentales\/#breadcrumb\"},\"inLanguage\":\"es\",\"potentialAction\":[{\"@type\":\"ReadAction\",\"target\":[\"https:\/\/centredentalsantfruitos.com\/es\/protesis-dentales\/\"]}]},{\"@type\":\"ImageObject\",\"inLanguage\":\"es\",\"@id\":\"https:\/\/centredentalsantfruitos.com\/es\/protesis-dentales\/#primaryimage\",\"url\":\"https:\/\/centredentalsantfruitos.com\/wp-content\/uploads\/2022\/10\/2_PROTESIS_DENTAL_SANT-FRUITOS.jpg\",\"contentUrl\":\"https:\/\/centredentalsantfruitos.com\/wp-content\/uploads\/2022\/10\/2_PROTESIS_DENTAL_SANT-FRUITOS.jpg\",\"width\":1280,\"height\":720,\"caption\":\"Pr\u00f3tesis dental\"},{\"@type\":\"BreadcrumbList\",\"@id\":\"https:\/\/centredentalsantfruitos.com\/es\/protesis-dentales\/#breadcrumb\",\"itemListElement\":[{\"@type\":\"ListItem\",\"position\":1,\"name\":\"Home\",\"item\":\"https:\/\/centredentalsantfruitos.com\/es\/\"},{\"@type\":\"ListItem\",\"position\":2,\"name\":\"Pr\u00f3tesis Dentales\"}]},{\"@type\":\"WebSite\",\"@id\":\"https:\/\/centredentalsantfruitos.com\/#website\",\"url\":\"https:\/\/centredentalsantfruitos.com\/\",\"name\":\"Centre Dental Sant Fruit\u00f3s\",\"description\":\"El teu centre dental de refer\u00e8ncia a Sant Fruit\u00f3s de Bages.\",\"publisher\":{\"@id\":\"https:\/\/centredentalsantfruitos.com\/#organization\"},\"potentialAction\":[{\"@type\":\"SearchAction\",\"target\":{\"@type\":\"EntryPoint\",\"urlTemplate\":\"https:\/\/centredentalsantfruitos.com\/?s={search_term_string}\"},\"query-input\":{\"@type\":\"PropertyValueSpecification\",\"valueRequired\":true,\"valueName\":\"search_term_string\"}}],\"inLanguage\":\"es\"},{\"@type\":\"Organization\",\"@id\":\"https:\/\/centredentalsantfruitos.com\/#organization\",\"name\":\"Centre Dental Sant Fruit\u00f3s\",\"url\":\"https:\/\/centredentalsantfruitos.com\/\",\"logo\":{\"@type\":\"ImageObject\",\"inLanguage\":\"es\",\"@id\":\"https:\/\/centredentalsantfruitos.com\/#\/schema\/logo\/image\/\",\"url\":\"https:\/\/centredentalsantfruitos.com\/wp-content\/uploads\/2022\/11\/cdsf_logo-1.png\",\"contentUrl\":\"https:\/\/centredentalsantfruitos.com\/wp-content\/uploads\/2022\/11\/cdsf_logo-1.png\",\"width\":132,\"height\":28,\"caption\":\"Centre Dental Sant Fruit\u00f3s\"},\"image\":{\"@id\":\"https:\/\/centredentalsantfruitos.com\/#\/schema\/logo\/image\/\"}}]}<\/script>\n<!-- \/ Yoast SEO plugin. -->","yoast_head_json":{"title":"Pr\u00f3tesis Dentales | Centre dental Sant Fruit\u00f3s","description":"Pr\u00f3tesis dental \u00b7 Centre Dental Sant Fruit\u00f3s \u00b7 Dentista en Manresa \u00b7 Centro Dental especializado en pr\u00f3tesis dentales ubicado en el Bages.","robots":{"index":"index","follow":"follow","max-snippet":"max-snippet:-1","max-image-preview":"max-image-preview:large","max-video-preview":"max-video-preview:-1"},"canonical":"https:\/\/centredentalsantfruitos.com\/es\/protesis-dentales\/","og_locale":"es_ES","og_type":"article","og_title":"Pr\u00f3tesis Dentales | Centre dental Sant Fruit\u00f3s","og_description":"Pr\u00f3tesis dental \u00b7 Centre Dental Sant Fruit\u00f3s \u00b7 Dentista en Manresa \u00b7 Centro Dental especializado en pr\u00f3tesis dentales ubicado en el Bages.","og_url":"https:\/\/centredentalsantfruitos.com\/es\/protesis-dentales\/","og_site_name":"Centre dental Sant Fruit\u00f3s","article_modified_time":"2025-01-10T20:45:02+00:00","og_image":[{"width":1280,"height":720,"url":"https:\/\/centredentalsantfruitos.com\/wp-content\/uploads\/2022\/10\/2_PROTESIS_DENTAL_SANT-FRUITOS.jpg","type":"image\/jpeg"}],"twitter_card":"summary_large_image","twitter_misc":{"Tiempo de lectura":"3 minutos"},"schema":{"@context":"https:\/\/schema.org","@graph":[{"@type":"WebPage","@id":"https:\/\/centredentalsantfruitos.com\/es\/protesis-dentales\/","url":"https:\/\/centredentalsantfruitos.com\/es\/protesis-dentales\/","name":"Pr\u00f3tesis Dentales | Centre dental Sant Fruit\u00f3s","isPartOf":{"@id":"https:\/\/centredentalsantfruitos.com\/#website"},"primaryImageOfPage":{"@id":"https:\/\/centredentalsantfruitos.com\/es\/protesis-dentales\/#primaryimage"},"image":{"@id":"https:\/\/centredentalsantfruitos.com\/es\/protesis-dentales\/#primaryimage"},"thumbnailUrl":"https:\/\/centredentalsantfruitos.com\/wp-content\/uploads\/2022\/10\/2_PROTESIS_DENTAL_SANT-FRUITOS.jpg","datePublished":"2024-07-04T09:01:06+00:00","dateModified":"2025-01-10T20:45:02+00:00","description":"Pr\u00f3tesis dental \u00b7 Centre Dental Sant Fruit\u00f3s \u00b7 Dentista en Manresa \u00b7 Centro Dental especializado en pr\u00f3tesis dentales ubicado en el Bages.","breadcrumb":{"@id":"https:\/\/centredentalsantfruitos.com\/es\/protesis-dentales\/#breadcrumb"},"inLanguage":"es","potentialAction":[{"@type":"ReadAction","target":["https:\/\/centredentalsantfruitos.com\/es\/protesis-dentales\/"]}]},{"@type":"ImageObject","inLanguage":"es","@id":"https:\/\/centredentalsantfruitos.com\/es\/protesis-dentales\/#primaryimage","url":"https:\/\/centredentalsantfruitos.com\/wp-content\/uploads\/2022\/10\/2_PROTESIS_DENTAL_SANT-FRUITOS.jpg","contentUrl":"https:\/\/centredentalsantfruitos.com\/wp-content\/uploads\/2022\/10\/2_PROTESIS_DENTAL_SANT-FRUITOS.jpg","width":1280,"height":720,"caption":"Pr\u00f3tesis dental"},{"@type":"BreadcrumbList","@id":"https:\/\/centredentalsantfruitos.com\/es\/protesis-dentales\/#breadcrumb","itemListElement":[{"@type":"ListItem","position":1,"name":"Home","item":"https:\/\/centredentalsantfruitos.com\/es\/"},{"@type":"ListItem","position":2,"name":"Pr\u00f3tesis Dentales"}]},{"@type":"WebSite","@id":"https:\/\/centredentalsantfruitos.com\/#website","url":"https:\/\/centredentalsantfruitos.com\/","name":"Centre Dental Sant Fruit\u00f3s","description":"El teu centre dental de refer\u00e8ncia a Sant Fruit\u00f3s de Bages.","publisher":{"@id":"https:\/\/centredentalsantfruitos.com\/#organization"},"potentialAction":[{"@type":"SearchAction","target":{"@type":"EntryPoint","urlTemplate":"https:\/\/centredentalsantfruitos.com\/?s={search_term_string}"},"query-input":{"@type":"PropertyValueSpecification","valueRequired":true,"valueName":"search_term_string"}}],"inLanguage":"es"},{"@type":"Organization","@id":"https:\/\/centredentalsantfruitos.com\/#organization","name":"Centre Dental Sant Fruit\u00f3s","url":"https:\/\/centredentalsantfruitos.com\/","logo":{"@type":"ImageObject","inLanguage":"es","@id":"https:\/\/centredentalsantfruitos.com\/#\/schema\/logo\/image\/","url":"https:\/\/centredentalsantfruitos.com\/wp-content\/uploads\/2022\/11\/cdsf_logo-1.png","contentUrl":"https:\/\/centredentalsantfruitos.com\/wp-content\/uploads\/2022\/11\/cdsf_logo-1.png","width":132,"height":28,"caption":"Centre Dental Sant Fruit\u00f3s"},"image":{"@id":"https:\/\/centredentalsantfruitos.com\/#\/schema\/logo\/image\/"}}]}},"_links":{"self":[{"href":"https:\/\/centredentalsantfruitos.com\/es\/wp-json\/wp\/v2\/pages\/16964","targetHints":{"allow":["GET"]}}],"collection":[{"href":"https:\/\/centredentalsantfruitos.com\/es\/wp-json\/wp\/v2\/pages"}],"about":[{"href":"https:\/\/centredentalsantfruitos.com\/es\/wp-json\/wp\/v2\/types\/page"}],"author":[{"embeddable":true,"href":"https:\/\/centredentalsantfruitos.com\/es\/wp-json\/wp\/v2\/users\/3"}],"replies":[{"embeddable":true,"href":"https:\/\/centredentalsantfruitos.com\/es\/wp-json\/wp\/v2\/comments?post=16964"}],"version-history":[{"count":2,"href":"https:\/\/centredentalsantfruitos.com\/es\/wp-json\/wp\/v2\/pages\/16964\/revisions"}],"predecessor-version":[{"id":17470,"href":"https:\/\/centredentalsantfruitos.com\/es\/wp-json\/wp\/v2\/pages\/16964\/revisions\/17470"}],"wp:featuredmedia":[{"embeddable":true,"href":"https:\/\/centredentalsantfruitos.com\/es\/wp-json\/wp\/v2\/media\/16762"}],"wp:attachment":[{"href":"https:\/\/centredentalsantfruitos.com\/es\/wp-json\/wp\/v2\/media?parent=16964"}],"curies":[{"name":"wp","href":"https:\/\/api.w.org\/{rel}","templated":true}]}}