{"id":16967,"date":"2024-07-04T11:00:57","date_gmt":"2024-07-04T09:00:57","guid":{"rendered":"https:\/\/centredentalsantfruitos.com\/?page_id=16967"},"modified":"2025-01-10T21:36:43","modified_gmt":"2025-01-10T20:36:43","slug":"ortodoncia","status":"publish","type":"page","link":"https:\/\/centredentalsantfruitos.com\/es\/ortodoncia\/","title":{"rendered":"Ortodoncia"},"content":{"rendered":"<div class=\"wpb-content-wrapper\"><p>[vc_row top_padding=\u00bb50&#8243; bottom_padding=\u00bb50&#8243;][vc_column column_center=\u00bbtrue\u00bb width=\u00bb1\/2&#8243;]<div class=\"single_image wpb_content_element align-left    \" data-animation=\"none\" data-delay=\"0\"><img loading=\"lazy\" decoding=\"async\" width=\"1280\" height=\"720\" src=\"https:\/\/centredentalsantfruitos.com\/wp-content\/uploads\/2022\/10\/3_ORTODONCIA_sant_fruitos_de_bages.jpg\" class=\"attachment-full\" alt=\"Ortodoncia con brackets\" title=\"3_ORTODONCIA_sant_fruitos_de_bages\" srcset=\"https:\/\/centredentalsantfruitos.com\/wp-content\/uploads\/2022\/10\/3_ORTODONCIA_sant_fruitos_de_bages.jpg 1280w, https:\/\/centredentalsantfruitos.com\/wp-content\/uploads\/2022\/10\/3_ORTODONCIA_sant_fruitos_de_bages-300x169.jpg 300w, https:\/\/centredentalsantfruitos.com\/wp-content\/uploads\/2022\/10\/3_ORTODONCIA_sant_fruitos_de_bages-1024x576.jpg 1024w, https:\/\/centredentalsantfruitos.com\/wp-content\/uploads\/2022\/10\/3_ORTODONCIA_sant_fruitos_de_bages-768x432.jpg 768w, https:\/\/centredentalsantfruitos.com\/wp-content\/uploads\/2022\/10\/3_ORTODONCIA_sant_fruitos_de_bages-1000x563.jpg 1000w\" sizes=\"auto, (max-width: 1280px) 100vw, 1280px\" \/><\/div>[\/vc_column][vc_column column_center=\u00bbtrue\u00bb width=\u00bb1\/2&#8243;]<h1 class=\"headline font-special fontsize-xl fontweight-700 lh-inherit align-center transform-uppercase \" style=\"margin: 0 0 20px 0;\">Ortodoncia<\/h1><div class=\"divider divider8\" style='margin:10px 0 10px 0 !important;'><\/div><div class=\"headline font-special fontsize-s fontweight-600 lh-inherit align-center transform-inherit \" style=\"margin: 0 0 20px 0;\">\u00abLa soluci\u00f3n a muchas problem\u00e1ticas\u00bb<\/div>[\/vc_column][\/vc_row][vc_row top_padding=\u00bb40&#8243; bottom_padding=\u00bb20&#8243;][vc_column width=\u00bb1\/1&#8243;]<h2 class=\"headline font-special fontsize-m fontweight-700 lh-inherit align-center transform-uppercase \" style=\"margin: 0 0 20px 0;\">Especialistas en ortodoncia en Sant Fruit\u00f3s y Manresa<\/h2>[\/vc_column][\/vc_row][vc_row top_padding=\u00bb20&#8243; bottom_padding=\u00bb40&#8243;][vc_column width=\u00bb1\/1&#8243;][vc_column_text]La ortodoncia tradicional, tambi\u00e9n conocida como \u201cbrackets\u201d, es el m\u00e9todo m\u00e1s tradicional y popularmente conocido por la mayor parte de la poblaci\u00f3n.[\/vc_column_text][vc_column_text]Este m\u00e9todo consiste en una sucesi\u00f3n de peque\u00f1as piezas cuadradas hechas con diferentes materiales (siendo las de metal o zafiro las m\u00e1s populares) que se adhieren a los dientes y se unen mediante un arco o hilo met\u00e1lico resistente. Este tratamiento es utilizado para corregir malos posicionamientos dentales y alinear correctamente los dientes.[\/vc_column_text][vc_column_text]Los resultados son, en la mayor\u00eda de los casos, prometedores y se puede realizar a cualquier edad ayudando a combatir el api\u00f1amiento dental, los espacios interdentales, los dientes torcidos, el mordisco abierto, el mordisco cruzado y el sobremordimiento.[\/vc_column_text][\/vc_column][\/vc_row][vc_row top_padding=\u00bb20&#8243; bottom_padding=\u00bb40&#8243;][vc_column width=\u00bb1\/1&#8243;][vc_column_text]<\/p>\n<h2>Tratamientos de Ortodoncia en Sant Fruit\u00f3s del Bages<\/h2>\n<p>[\/vc_column_text][vc_column_text]En <strong>Centre Dental Sant Fruit\u00f3s del Bages<\/strong>, somos especialistas en ofrecer tratamientos de ortodoncia personalizados para pacientes de todas las edades. Ubicados en el coraz\u00f3n de Sant Fruit\u00f3s del Bages, nuestro equipo de odont\u00f3logos combina tecnolog\u00eda de \u00faltima generaci\u00f3n con una atenci\u00f3n cercana y profesional, enfocada en mejorar la salud dental y est\u00e9tica de tu sonrisa.<\/p>\n<p>Contamos con una amplia variedad de opciones de ortodoncia, desde los <strong>brackets met\u00e1licos tradicionales<\/strong> hasta la <strong>ortodoncia invisible<\/strong> con alineadores transparentes, dise\u00f1ados para brindar comodidad y discreci\u00f3n. Adem\u00e1s, evaluamos cuidadosamente cada caso para ofrecerte el tratamiento m\u00e1s adecuado, logrando resultados eficaces y duraderos.[\/vc_column_text][\/vc_column][\/vc_row][vc_row top_padding=\u00bb20&#8243; bottom_padding=\u00bb40&#8243;][vc_column width=\u00bb1\/1&#8243;][vc_column_text]<\/p>\n<h2>\u00bfPor qu\u00e9 elegirn Centre Dental Sant Fruit\u00f3s para tu ortodoncia?<\/h2>\n<p>[\/vc_column_text][vc_column_text]<\/p>\n<ul>\n<li><strong>Equipo altamente cualificado<\/strong>: Nuestro equipo de ortodoncistas est\u00e1 en constante formaci\u00f3n y cuenta con amplia experiencia en el campo de la ortodoncia.<\/li>\n<li><strong>Tecnolog\u00eda avanzada<\/strong>: Utilizamos las t\u00e9cnicas y herramientas m\u00e1s innovadoras para garantizar resultados precisos y r\u00e1pidos.<\/li>\n<li><strong>Trato cercano y personalizado<\/strong>: En nuestra cl\u00ednica dental, cada paciente es \u00fanico, por lo que adaptamos cada tratamiento a sus necesidades espec\u00edficas.<\/li>\n<li><strong>Opciones de financiaci\u00f3n<\/strong>: Ofrecemos facilidades de pago para que puedas acceder a tu tratamiento de ortodoncia sin preocupaciones.<\/li>\n<\/ul>\n<p>[\/vc_column_text][vc_column_text]Ya sea que necesites alinear tus dientes, corregir problemas de mordida o mejorar la est\u00e9tica de tu sonrisa, en <strong>Centre Dental Sant Fruit\u00f3s del Bages<\/strong> tenemos la soluci\u00f3n ideal. Contacta con nosotros hoy mismo para solicitar tu primera consulta de ortodoncia en Sant Fruit\u00f3s del Bages.<\/p>\n<p>Transforma tu sonrisa en nuestro centro dental de confianza en <strong>Sant Fruit\u00f3s del Bages<\/strong> y descubre los beneficios de un tratamiento de ortodoncia adaptado a tus necesidades. \u00a1Estamos aqu\u00ed para ayudarte a sonre\u00edr con confianza![\/vc_column_text][\/vc_column][\/vc_row][vc_row type=\u00bbfull_width_section\u00bb bg_image=\u00bb16630&#8243; text_color=\u00bblight\u00bb top_padding=\u00bb40&#8243; bottom_padding=\u00bb40&#8243;][vc_column width=\u00bb1\/4&#8243;][\/vc_column][vc_column column_center=\u00bbtrue\u00bb width=\u00bb1\/2&#8243;]<div class=\"headline font-special fontsize-l fontweight-700 lh-inherit align-center transform-uppercase \" style=\"margin: 0 0 20px 0;\">Solicita Informaci\u00f3n<\/div>[vc_raw_html]JTVCY29udGFjdC1mb3JtLTclMjBpZCUzRCUyMjY0NzU0YjQlMjIlMjB0aXRsZSUzRCUyMkZvcm11bGFyaW8lMjBkZSUyMGNvbnRhY3RvJTIwMV9lcyUyMiU1RA==[\/vc_raw_html][\/vc_column][vc_column width=\u00bb1\/4&#8243;][\/vc_column][\/vc_row]<\/p>\n<\/div>","protected":false},"excerpt":{"rendered":"<p>[vc_row top_padding=\u00bb50&#8243; bottom_padding=\u00bb50&#8243;][vc_column column_center=\u00bbtrue\u00bb width=\u00bb1\/2&#8243;][\/vc_column][vc_column column_center=\u00bbtrue\u00bb width=\u00bb1\/2&#8243;][\/vc_column][\/vc_row][vc_row top_padding=\u00bb40&#8243; bottom_padding=\u00bb20&#8243;][vc_column width=\u00bb1\/1&#8243;][\/vc_column][\/vc_row][vc_row top_padding=\u00bb20&#8243; bottom_padding=\u00bb40&#8243;][vc_column width=\u00bb1\/1&#8243;][vc_column_text]La ortodoncia tradicional, tambi\u00e9n conocida como \u201cbrackets\u201d, es el m\u00e9todo m\u00e1s tradicional y popularmente conocido por la mayor parte de la poblaci\u00f3n.[\/vc_column_text][vc_column_text]Este m\u00e9todo consiste en una sucesi\u00f3n de peque\u00f1as piezas cuadradas hechas con diferentes materiales (siendo las de metal o zafiro las m\u00e1s populares) que se adhieren a los dientes y se unen mediante un arco o hilo met\u00e1lico resistente. Este tratamiento es utilizado para corregir malos posicionamientos dentales y alinear correctamente los dientes.[\/vc_column_text][vc_column_text]Los resultados son, en la mayor\u00eda de los casos, prometedores y se puede realizar a cualquier edad ayudando a combatir el api\u00f1amiento dental, los espacios interdentales, los dientes torcidos, el mordisco abierto, el mordisco cruzado y el sobremordimiento.[\/vc_column_text][\/vc_column][\/vc_row][vc_row top_padding=\u00bb20&#8243; bottom_padding=\u00bb40&#8243;][vc_column width=\u00bb1\/1&#8243;][vc_column_text] Tratamientos de Ortodoncia en Sant Fruit\u00f3s del Bages [\/vc_column_text][vc_column_text]En Centre Dental Sant Fruit\u00f3s del Bages, somos especialistas en ofrecer tratamientos de ortodoncia personalizados para pacientes de todas las edades. Ubicados en el coraz\u00f3n de Sant Fruit\u00f3s del Bages, nuestro equipo de odont\u00f3logos combina tecnolog\u00eda de \u00faltima generaci\u00f3n con una atenci\u00f3n cercana y profesional, enfocada en mejorar la salud dental y est\u00e9tica de tu sonrisa. Contamos con una amplia variedad de opciones de ortodoncia, desde [&hellip;]<\/p>\n","protected":false},"author":3,"featured_media":16767,"parent":0,"menu_order":0,"comment_status":"closed","ping_status":"closed","template":"","meta":{"_mbp_gutenberg_autopost":false,"footnotes":""},"class_list":["post-16967","page","type-page","status-publish","has-post-thumbnail","hentry"],"yoast_head":"<!-- This site is optimized with the Yoast SEO plugin v24.8.1 - https:\/\/yoast.com\/wordpress\/plugins\/seo\/ -->\n<title>Ortodoncia | Centre dental Sant Fruit\u00f3s<\/title>\n<meta name=\"description\" content=\"Descubre los tratamientos de ortodoncia en Centre Dental Sant Fruit\u00f3s y Manresa. Especialistas en brackets y ortodoncia invisible!\" \/>\n<meta name=\"robots\" content=\"index, follow, max-snippet:-1, max-image-preview:large, max-video-preview:-1\" \/>\n<link rel=\"canonical\" href=\"https:\/\/centredentalsantfruitos.com\/es\/ortodoncia\/\" \/>\n<meta property=\"og:locale\" content=\"es_ES\" \/>\n<meta property=\"og:type\" content=\"article\" \/>\n<meta property=\"og:title\" content=\"Ortodoncia | Centre dental Sant Fruit\u00f3s\" \/>\n<meta property=\"og:description\" content=\"Descubre los tratamientos de ortodoncia en Centre Dental Sant Fruit\u00f3s y Manresa. Especialistas en brackets y ortodoncia invisible!\" \/>\n<meta property=\"og:url\" content=\"https:\/\/centredentalsantfruitos.com\/es\/ortodoncia\/\" \/>\n<meta property=\"og:site_name\" content=\"Centre dental Sant Fruit\u00f3s\" \/>\n<meta property=\"article:modified_time\" content=\"2025-01-10T20:36:43+00:00\" \/>\n<meta property=\"og:image\" content=\"https:\/\/centredentalsantfruitos.com\/wp-content\/uploads\/2022\/10\/3_ORTODONCIA_sant_fruitos_de_bages.jpg\" \/>\n\t<meta property=\"og:image:width\" content=\"1280\" \/>\n\t<meta property=\"og:image:height\" content=\"720\" \/>\n\t<meta property=\"og:image:type\" content=\"image\/jpeg\" \/>\n<meta name=\"twitter:card\" content=\"summary_large_image\" \/>\n<meta name=\"twitter:label1\" content=\"Tiempo de lectura\" \/>\n\t<meta name=\"twitter:data1\" content=\"3 minutos\" \/>\n<script type=\"application\/ld+json\" class=\"yoast-schema-graph\">{\"@context\":\"https:\/\/schema.org\",\"@graph\":[{\"@type\":\"WebPage\",\"@id\":\"https:\/\/centredentalsantfruitos.com\/es\/ortodoncia\/\",\"url\":\"https:\/\/centredentalsantfruitos.com\/es\/ortodoncia\/\",\"name\":\"Ortodoncia | Centre dental Sant Fruit\u00f3s\",\"isPartOf\":{\"@id\":\"https:\/\/centredentalsantfruitos.com\/#website\"},\"primaryImageOfPage\":{\"@id\":\"https:\/\/centredentalsantfruitos.com\/es\/ortodoncia\/#primaryimage\"},\"image\":{\"@id\":\"https:\/\/centredentalsantfruitos.com\/es\/ortodoncia\/#primaryimage\"},\"thumbnailUrl\":\"https:\/\/centredentalsantfruitos.com\/wp-content\/uploads\/2022\/10\/3_ORTODONCIA_sant_fruitos_de_bages.jpg\",\"datePublished\":\"2024-07-04T09:00:57+00:00\",\"dateModified\":\"2025-01-10T20:36:43+00:00\",\"description\":\"Descubre los tratamientos de ortodoncia en Centre Dental Sant Fruit\u00f3s y Manresa. Especialistas en brackets y ortodoncia invisible!\",\"breadcrumb\":{\"@id\":\"https:\/\/centredentalsantfruitos.com\/es\/ortodoncia\/#breadcrumb\"},\"inLanguage\":\"es\",\"potentialAction\":[{\"@type\":\"ReadAction\",\"target\":[\"https:\/\/centredentalsantfruitos.com\/es\/ortodoncia\/\"]}]},{\"@type\":\"ImageObject\",\"inLanguage\":\"es\",\"@id\":\"https:\/\/centredentalsantfruitos.com\/es\/ortodoncia\/#primaryimage\",\"url\":\"https:\/\/centredentalsantfruitos.com\/wp-content\/uploads\/2022\/10\/3_ORTODONCIA_sant_fruitos_de_bages.jpg\",\"contentUrl\":\"https:\/\/centredentalsantfruitos.com\/wp-content\/uploads\/2022\/10\/3_ORTODONCIA_sant_fruitos_de_bages.jpg\",\"width\":1280,\"height\":720,\"caption\":\"Ortodoncia con brackets\"},{\"@type\":\"BreadcrumbList\",\"@id\":\"https:\/\/centredentalsantfruitos.com\/es\/ortodoncia\/#breadcrumb\",\"itemListElement\":[{\"@type\":\"ListItem\",\"position\":1,\"name\":\"Home\",\"item\":\"https:\/\/centredentalsantfruitos.com\/es\/\"},{\"@type\":\"ListItem\",\"position\":2,\"name\":\"Ortodoncia\"}]},{\"@type\":\"WebSite\",\"@id\":\"https:\/\/centredentalsantfruitos.com\/#website\",\"url\":\"https:\/\/centredentalsantfruitos.com\/\",\"name\":\"Centre Dental Sant Fruit\u00f3s\",\"description\":\"El teu centre dental de refer\u00e8ncia a Sant Fruit\u00f3s de Bages.\",\"publisher\":{\"@id\":\"https:\/\/centredentalsantfruitos.com\/#organization\"},\"potentialAction\":[{\"@type\":\"SearchAction\",\"target\":{\"@type\":\"EntryPoint\",\"urlTemplate\":\"https:\/\/centredentalsantfruitos.com\/?s={search_term_string}\"},\"query-input\":{\"@type\":\"PropertyValueSpecification\",\"valueRequired\":true,\"valueName\":\"search_term_string\"}}],\"inLanguage\":\"es\"},{\"@type\":\"Organization\",\"@id\":\"https:\/\/centredentalsantfruitos.com\/#organization\",\"name\":\"Centre Dental Sant Fruit\u00f3s\",\"url\":\"https:\/\/centredentalsantfruitos.com\/\",\"logo\":{\"@type\":\"ImageObject\",\"inLanguage\":\"es\",\"@id\":\"https:\/\/centredentalsantfruitos.com\/#\/schema\/logo\/image\/\",\"url\":\"https:\/\/centredentalsantfruitos.com\/wp-content\/uploads\/2022\/11\/cdsf_logo-1.png\",\"contentUrl\":\"https:\/\/centredentalsantfruitos.com\/wp-content\/uploads\/2022\/11\/cdsf_logo-1.png\",\"width\":132,\"height\":28,\"caption\":\"Centre Dental Sant Fruit\u00f3s\"},\"image\":{\"@id\":\"https:\/\/centredentalsantfruitos.com\/#\/schema\/logo\/image\/\"}}]}<\/script>\n<!-- \/ Yoast SEO plugin. -->","yoast_head_json":{"title":"Ortodoncia | Centre dental Sant Fruit\u00f3s","description":"Descubre los tratamientos de ortodoncia en Centre Dental Sant Fruit\u00f3s y Manresa. Especialistas en brackets y ortodoncia invisible!","robots":{"index":"index","follow":"follow","max-snippet":"max-snippet:-1","max-image-preview":"max-image-preview:large","max-video-preview":"max-video-preview:-1"},"canonical":"https:\/\/centredentalsantfruitos.com\/es\/ortodoncia\/","og_locale":"es_ES","og_type":"article","og_title":"Ortodoncia | Centre dental Sant Fruit\u00f3s","og_description":"Descubre los tratamientos de ortodoncia en Centre Dental Sant Fruit\u00f3s y Manresa. Especialistas en brackets y ortodoncia invisible!","og_url":"https:\/\/centredentalsantfruitos.com\/es\/ortodoncia\/","og_site_name":"Centre dental Sant Fruit\u00f3s","article_modified_time":"2025-01-10T20:36:43+00:00","og_image":[{"width":1280,"height":720,"url":"https:\/\/centredentalsantfruitos.com\/wp-content\/uploads\/2022\/10\/3_ORTODONCIA_sant_fruitos_de_bages.jpg","type":"image\/jpeg"}],"twitter_card":"summary_large_image","twitter_misc":{"Tiempo de lectura":"3 minutos"},"schema":{"@context":"https:\/\/schema.org","@graph":[{"@type":"WebPage","@id":"https:\/\/centredentalsantfruitos.com\/es\/ortodoncia\/","url":"https:\/\/centredentalsantfruitos.com\/es\/ortodoncia\/","name":"Ortodoncia | Centre dental Sant Fruit\u00f3s","isPartOf":{"@id":"https:\/\/centredentalsantfruitos.com\/#website"},"primaryImageOfPage":{"@id":"https:\/\/centredentalsantfruitos.com\/es\/ortodoncia\/#primaryimage"},"image":{"@id":"https:\/\/centredentalsantfruitos.com\/es\/ortodoncia\/#primaryimage"},"thumbnailUrl":"https:\/\/centredentalsantfruitos.com\/wp-content\/uploads\/2022\/10\/3_ORTODONCIA_sant_fruitos_de_bages.jpg","datePublished":"2024-07-04T09:00:57+00:00","dateModified":"2025-01-10T20:36:43+00:00","description":"Descubre los tratamientos de ortodoncia en Centre Dental Sant Fruit\u00f3s y Manresa. Especialistas en brackets y ortodoncia invisible!","breadcrumb":{"@id":"https:\/\/centredentalsantfruitos.com\/es\/ortodoncia\/#breadcrumb"},"inLanguage":"es","potentialAction":[{"@type":"ReadAction","target":["https:\/\/centredentalsantfruitos.com\/es\/ortodoncia\/"]}]},{"@type":"ImageObject","inLanguage":"es","@id":"https:\/\/centredentalsantfruitos.com\/es\/ortodoncia\/#primaryimage","url":"https:\/\/centredentalsantfruitos.com\/wp-content\/uploads\/2022\/10\/3_ORTODONCIA_sant_fruitos_de_bages.jpg","contentUrl":"https:\/\/centredentalsantfruitos.com\/wp-content\/uploads\/2022\/10\/3_ORTODONCIA_sant_fruitos_de_bages.jpg","width":1280,"height":720,"caption":"Ortodoncia con brackets"},{"@type":"BreadcrumbList","@id":"https:\/\/centredentalsantfruitos.com\/es\/ortodoncia\/#breadcrumb","itemListElement":[{"@type":"ListItem","position":1,"name":"Home","item":"https:\/\/centredentalsantfruitos.com\/es\/"},{"@type":"ListItem","position":2,"name":"Ortodoncia"}]},{"@type":"WebSite","@id":"https:\/\/centredentalsantfruitos.com\/#website","url":"https:\/\/centredentalsantfruitos.com\/","name":"Centre Dental Sant Fruit\u00f3s","description":"El teu centre dental de refer\u00e8ncia a Sant Fruit\u00f3s de Bages.","publisher":{"@id":"https:\/\/centredentalsantfruitos.com\/#organization"},"potentialAction":[{"@type":"SearchAction","target":{"@type":"EntryPoint","urlTemplate":"https:\/\/centredentalsantfruitos.com\/?s={search_term_string}"},"query-input":{"@type":"PropertyValueSpecification","valueRequired":true,"valueName":"search_term_string"}}],"inLanguage":"es"},{"@type":"Organization","@id":"https:\/\/centredentalsantfruitos.com\/#organization","name":"Centre Dental Sant Fruit\u00f3s","url":"https:\/\/centredentalsantfruitos.com\/","logo":{"@type":"ImageObject","inLanguage":"es","@id":"https:\/\/centredentalsantfruitos.com\/#\/schema\/logo\/image\/","url":"https:\/\/centredentalsantfruitos.com\/wp-content\/uploads\/2022\/11\/cdsf_logo-1.png","contentUrl":"https:\/\/centredentalsantfruitos.com\/wp-content\/uploads\/2022\/11\/cdsf_logo-1.png","width":132,"height":28,"caption":"Centre Dental Sant Fruit\u00f3s"},"image":{"@id":"https:\/\/centredentalsantfruitos.com\/#\/schema\/logo\/image\/"}}]}},"_links":{"self":[{"href":"https:\/\/centredentalsantfruitos.com\/es\/wp-json\/wp\/v2\/pages\/16967","targetHints":{"allow":["GET"]}}],"collection":[{"href":"https:\/\/centredentalsantfruitos.com\/es\/wp-json\/wp\/v2\/pages"}],"about":[{"href":"https:\/\/centredentalsantfruitos.com\/es\/wp-json\/wp\/v2\/types\/page"}],"author":[{"embeddable":true,"href":"https:\/\/centredentalsantfruitos.com\/es\/wp-json\/wp\/v2\/users\/3"}],"replies":[{"embeddable":true,"href":"https:\/\/centredentalsantfruitos.com\/es\/wp-json\/wp\/v2\/comments?post=16967"}],"version-history":[{"count":2,"href":"https:\/\/centredentalsantfruitos.com\/es\/wp-json\/wp\/v2\/pages\/16967\/revisions"}],"predecessor-version":[{"id":17461,"href":"https:\/\/centredentalsantfruitos.com\/es\/wp-json\/wp\/v2\/pages\/16967\/revisions\/17461"}],"wp:featuredmedia":[{"embeddable":true,"href":"https:\/\/centredentalsantfruitos.com\/es\/wp-json\/wp\/v2\/media\/16767"}],"wp:attachment":[{"href":"https:\/\/centredentalsantfruitos.com\/es\/wp-json\/wp\/v2\/media?parent=16967"}],"curies":[{"name":"wp","href":"https:\/\/api.w.org\/{rel}","templated":true}]}}