{"id":16970,"date":"2024-07-04T10:58:53","date_gmt":"2024-07-04T08:58:53","guid":{"rendered":"https:\/\/centredentalsantfruitos.com\/?page_id=16970"},"modified":"2025-01-10T21:37:51","modified_gmt":"2025-01-10T20:37:51","slug":"ortodoncia-invisible","status":"publish","type":"page","link":"https:\/\/centredentalsantfruitos.com\/es\/ortodoncia-invisible\/","title":{"rendered":"Ortodoncia invisible"},"content":{"rendered":"<div class=\"wpb-content-wrapper\"><p>[vc_row top_padding=\u00bb50&#8243; bottom_padding=\u00bb50&#8243;][vc_column column_center=\u00bbtrue\u00bb width=\u00bb1\/2&#8243;]<div class=\"single_image wpb_content_element align-left    \" data-animation=\"none\" data-delay=\"0\"><img loading=\"lazy\" decoding=\"async\" width=\"1280\" height=\"720\" src=\"https:\/\/centredentalsantfruitos.com\/wp-content\/uploads\/2022\/10\/4_ORTODONCIA_INVISIBLE_sant_fruitos_de_bages.jpg\" class=\"attachment-full\" alt=\"Ortodoncia Invisible sant fruitos\" title=\"4_ORTODONCIA_INVISIBLE_sant_fruitos_de_bages\" srcset=\"https:\/\/centredentalsantfruitos.com\/wp-content\/uploads\/2022\/10\/4_ORTODONCIA_INVISIBLE_sant_fruitos_de_bages.jpg 1280w, https:\/\/centredentalsantfruitos.com\/wp-content\/uploads\/2022\/10\/4_ORTODONCIA_INVISIBLE_sant_fruitos_de_bages-300x169.jpg 300w, https:\/\/centredentalsantfruitos.com\/wp-content\/uploads\/2022\/10\/4_ORTODONCIA_INVISIBLE_sant_fruitos_de_bages-1024x576.jpg 1024w, https:\/\/centredentalsantfruitos.com\/wp-content\/uploads\/2022\/10\/4_ORTODONCIA_INVISIBLE_sant_fruitos_de_bages-768x432.jpg 768w, https:\/\/centredentalsantfruitos.com\/wp-content\/uploads\/2022\/10\/4_ORTODONCIA_INVISIBLE_sant_fruitos_de_bages-1000x563.jpg 1000w\" sizes=\"auto, (max-width: 1280px) 100vw, 1280px\" \/><\/div>[\/vc_column][vc_column column_center=\u00bbtrue\u00bb width=\u00bb1\/2&#8243;]<h1 class=\"headline font-special fontsize-xl fontweight-700 lh-inherit align-center transform-uppercase \" style=\"margin: 0 0 20px 0;\">Ortodoncia invisible<\/h1><div class=\"divider divider8\" style='margin:10px 0 10px 0 !important;'><\/div><div class=\"headline font-special fontsize-s fontweight-600 lh-inherit align-center transform-inherit \" style=\"margin: 0 0 20px 0;\">\u00abFuncionalidad y est\u00e9tica\u00bb<\/div>[\/vc_column][\/vc_row][vc_row top_padding=\u00bb40&#8243; bottom_padding=\u00bb20&#8243;][vc_column width=\u00bb1\/1&#8243;]<h2 class=\"headline font-special fontsize-m fontweight-700 lh-inherit align-center transform-uppercase \" style=\"margin: 0 0 20px 0;\">Especialistas en ortodoncia invisible en Sant Fruit\u00f3s y Manresa<\/h2>[\/vc_column][\/vc_row][vc_row top_padding=\u00bb20&#8243; bottom_padding=\u00bb40&#8243;][vc_column width=\u00bb1\/1&#8243;][vc_column_text]La ortodoncia invisible persigue los mismos objetivos de una ortodoncia tradicional, pero se aplica mediante unas f\u00e9rulas f\u00e1cilmente extra\u00edbles invisibles y casi imperceptibles, atributos que las hacen altamente est\u00e9ticas y, sobre todo, indoloras. Adem\u00e1s, estas f\u00e9rulas nos permiten llevar una vida normal y son muy higi\u00e9nicas.[\/vc_column_text][vc_column_text]Para poder hacer uso de este tratamiento es necesario realizar un estudio previo individualizado y, as\u00ed, establecer el tratamiento m\u00e1s adecuado. Las f\u00e9rulas se ir\u00e1n sustituyendo durante el tiempo indicado y seg\u00fan la evoluci\u00f3n del tratamiento. Habitualmente, no es necesario visitar la cl\u00ednica para efectuar los cambios entre f\u00e9rulas.[\/vc_column_text][vc_column_text]La duraci\u00f3n del tratamiento depende de cada persona y la planificaci\u00f3n establecida.[\/vc_column_text][\/vc_column][\/vc_row][vc_row top_padding=\u00bb20&#8243; bottom_padding=\u00bb40&#8243;][vc_column width=\u00bb1\/1&#8243;][vc_column_text]<\/p>\n<h2>Ortodoncia Invisible en Sant Fruit\u00f3s del Bages &#8211; Centre Dental Sant Fruit\u00f3s<\/h2>\n<p>[\/vc_column_text][vc_column_text]En <strong>Centre Dental Sant Fruit\u00f3s<\/strong>, ofrecemos tratamientos de <strong>ortodoncia invisible en Sant Fruit\u00f3s del Bages<\/strong> para alinear tu sonrisa de forma discreta, c\u00f3moda y eficaz. Sabemos lo importante que es para ti lograr una sonrisa armoniosa sin que el proceso afecte tu imagen, por eso trabajamos con <strong>alineadores transparentes<\/strong> de \u00faltima generaci\u00f3n que corrigen la posici\u00f3n dental sin utilizar los brackets tradicionales.[\/vc_column_text][\/vc_column][\/vc_row][vc_row top_padding=\u00bb20&#8243; bottom_padding=\u00bb40&#8243;][vc_column width=\u00bb1\/1&#8243;][vc_column_text]<\/p>\n<h2>\u00bfPor qu\u00e9 elegir la ortodoncia invisible en Centre Dental Sant Fruit\u00f3s?<\/h2>\n<p>[\/vc_column_text][vc_column_text]La <strong>ortodoncia invisible<\/strong>, tambi\u00e9n conocida como <strong>Invisalign<\/strong> o <strong>alineadores transparentes<\/strong>, es una excelente opci\u00f3n para quienes buscan una alternativa casi imperceptible a la ortodoncia convencional. En <strong>Centre Dental Sant Fruit\u00f3s<\/strong>, nuestro equipo especializado en <strong>tratamientos de ortodoncia en Sant Fruit\u00f3s del Bages<\/strong> realiza un estudio personalizado para dise\u00f1ar un plan adaptado a las necesidades de cada paciente, garantizando los mejores resultados con una atenci\u00f3n cercana y profesional.[\/vc_column_text][vc_column_text]<\/p>\n<h2>Ventajas de la Ortodoncia Invisible<\/h2>\n<p>[\/vc_column_text][vc_column_text]<\/p>\n<ul>\n<li><strong>Discreci\u00f3n y est\u00e9tica<\/strong>: Los alineadores son transparentes y apenas se notan, lo que permite que sigas sonriendo con confianza durante todo el tratamiento.<\/li>\n<li><strong>Comodidad<\/strong>: Al ser removibles, puedes quit\u00e1rtelos para comer, cepillarte los dientes o en ocasiones especiales, manteniendo una higiene bucal \u00f3ptima.<\/li>\n<li><strong>Eficacia<\/strong>: La tecnolog\u00eda de los alineadores permite corregir una amplia variedad de problemas de alineaci\u00f3n dental, desde leves hasta complejos.<\/li>\n<li><strong>Adaptabilidad<\/strong>: Son ideales para adultos y adolescentes que buscan una opci\u00f3n de ortodoncia moderna y c\u00f3moda.<\/li>\n<\/ul>\n<p>[\/vc_column_text][vc_column_text]En <strong>Centre Dental Sant Fruit\u00f3s<\/strong>, estamos comprometidos con ofrecer el mejor servicio de <strong>ortodoncia invisible en Sant Fruit\u00f3s del Bages<\/strong>. Nuestro equipo utiliza tecnolog\u00eda avanzada para tomar impresiones digitales precisas de tus dientes, evitando las molestias de los moldes tradicionales y asegurando que tus alineadores se ajusten perfectamente a tu boca.<\/p>\n<p>Si est\u00e1s interesado en mejorar tu sonrisa de una manera discreta y efectiva, \u00a1no esperes m\u00e1s! Contacta con <strong>Centre Dental Sant Fruit\u00f3s<\/strong>, tu cl\u00ednica de confianza para <strong>ortodoncia invisible en Sant Fruit\u00f3s del Bages<\/strong>. Agenda tu primera consulta con nosotros y descubre c\u00f3mo podemos ayudarte a conseguir la sonrisa que siempre has deseado.[\/vc_column_text][\/vc_column][\/vc_row][vc_row type=\u00bbfull_width_section\u00bb bg_image=\u00bb16630&#8243; text_color=\u00bblight\u00bb top_padding=\u00bb40&#8243; bottom_padding=\u00bb40&#8243;][vc_column width=\u00bb1\/4&#8243;][\/vc_column][vc_column column_center=\u00bbtrue\u00bb width=\u00bb1\/2&#8243;]<div class=\"headline font-special fontsize-l fontweight-700 lh-inherit align-center transform-uppercase \" style=\"margin: 0 0 20px 0;\">Solicita Informaci\u00f3n<\/div>[vc_raw_html]JTVCY29udGFjdC1mb3JtLTclMjBpZCUzRCUyMjY0NzU0YjQlMjIlMjB0aXRsZSUzRCUyMkZvcm11bGFyaW8lMjBkZSUyMGNvbnRhY3RvJTIwMV9lcyUyMiU1RA==[\/vc_raw_html][\/vc_column][vc_column width=\u00bb1\/4&#8243;][\/vc_column][\/vc_row]<\/p>\n<\/div>","protected":false},"excerpt":{"rendered":"<p>[vc_row top_padding=\u00bb50&#8243; bottom_padding=\u00bb50&#8243;][vc_column column_center=\u00bbtrue\u00bb width=\u00bb1\/2&#8243;][\/vc_column][vc_column column_center=\u00bbtrue\u00bb width=\u00bb1\/2&#8243;][\/vc_column][\/vc_row][vc_row top_padding=\u00bb40&#8243; bottom_padding=\u00bb20&#8243;][vc_column width=\u00bb1\/1&#8243;][\/vc_column][\/vc_row][vc_row top_padding=\u00bb20&#8243; bottom_padding=\u00bb40&#8243;][vc_column width=\u00bb1\/1&#8243;][vc_column_text]La ortodoncia invisible persigue los mismos objetivos de una ortodoncia tradicional, pero se aplica mediante unas f\u00e9rulas f\u00e1cilmente extra\u00edbles invisibles y casi imperceptibles, atributos que las hacen altamente est\u00e9ticas y, sobre todo, indoloras. Adem\u00e1s, estas f\u00e9rulas nos permiten llevar una vida normal y son muy higi\u00e9nicas.[\/vc_column_text][vc_column_text]Para poder hacer uso de este tratamiento es necesario realizar un estudio previo individualizado y, as\u00ed, establecer el tratamiento m\u00e1s adecuado. Las f\u00e9rulas se ir\u00e1n sustituyendo durante el tiempo indicado y seg\u00fan la evoluci\u00f3n del tratamiento. Habitualmente, no es necesario visitar la cl\u00ednica para efectuar los cambios entre f\u00e9rulas.[\/vc_column_text][vc_column_text]La duraci\u00f3n del tratamiento depende de cada persona y la planificaci\u00f3n establecida.[\/vc_column_text][\/vc_column][\/vc_row][vc_row top_padding=\u00bb20&#8243; bottom_padding=\u00bb40&#8243;][vc_column width=\u00bb1\/1&#8243;][vc_column_text] Ortodoncia Invisible en Sant Fruit\u00f3s del Bages &#8211; Centre Dental Sant Fruit\u00f3s [\/vc_column_text][vc_column_text]En Centre Dental Sant Fruit\u00f3s, ofrecemos tratamientos de ortodoncia invisible en Sant Fruit\u00f3s del Bages para alinear tu sonrisa de forma discreta, c\u00f3moda y eficaz. Sabemos lo importante que es para ti lograr una sonrisa armoniosa sin que el proceso afecte tu imagen, por eso trabajamos con alineadores transparentes de \u00faltima generaci\u00f3n que corrigen la posici\u00f3n dental sin utilizar los brackets tradicionales.[\/vc_column_text][\/vc_column][\/vc_row][vc_row top_padding=\u00bb20&#8243; bottom_padding=\u00bb40&#8243;][vc_column width=\u00bb1\/1&#8243;][vc_column_text] \u00bfPor qu\u00e9 elegir [&hellip;]<\/p>\n","protected":false},"author":4,"featured_media":16771,"parent":0,"menu_order":0,"comment_status":"closed","ping_status":"closed","template":"","meta":{"_mbp_gutenberg_autopost":false,"footnotes":""},"class_list":["post-16970","page","type-page","status-publish","has-post-thumbnail","hentry"],"yoast_head":"<!-- This site is optimized with the Yoast SEO plugin v24.8.1 - https:\/\/yoast.com\/wordpress\/plugins\/seo\/ -->\n<title>Ortodoncia invisible | Centre Dental Sant Fruit\u00f3s<\/title>\n<meta name=\"description\" content=\"Ortodoncia Invisible \u00b7 Centre Dental Sant Fruit\u00f3s de Bages \u00b7 Dentista ubicado en Manresa (Barcelona). Empresa Dentista en el Bages.\" \/>\n<meta name=\"robots\" content=\"index, follow, max-snippet:-1, max-image-preview:large, max-video-preview:-1\" \/>\n<link rel=\"canonical\" href=\"https:\/\/centredentalsantfruitos.com\/es\/ortodoncia-invisible\/\" \/>\n<meta property=\"og:locale\" content=\"es_ES\" \/>\n<meta property=\"og:type\" content=\"article\" \/>\n<meta property=\"og:title\" content=\"Ortodoncia invisible | Centre Dental Sant Fruit\u00f3s\" \/>\n<meta property=\"og:description\" content=\"Ortodoncia Invisible \u00b7 Centre Dental Sant Fruit\u00f3s de Bages \u00b7 Dentista ubicado en Manresa (Barcelona). Empresa Dentista en el Bages.\" \/>\n<meta property=\"og:url\" content=\"https:\/\/centredentalsantfruitos.com\/es\/ortodoncia-invisible\/\" \/>\n<meta property=\"og:site_name\" content=\"Centre dental Sant Fruit\u00f3s\" \/>\n<meta property=\"article:modified_time\" content=\"2025-01-10T20:37:51+00:00\" \/>\n<meta property=\"og:image\" content=\"https:\/\/centredentalsantfruitos.com\/wp-content\/uploads\/2022\/10\/4_ORTODONCIA_INVISIBLE_sant_fruitos_de_bages.jpg\" \/>\n\t<meta property=\"og:image:width\" content=\"1280\" \/>\n\t<meta property=\"og:image:height\" content=\"720\" \/>\n\t<meta property=\"og:image:type\" content=\"image\/jpeg\" \/>\n<meta name=\"twitter:card\" content=\"summary_large_image\" \/>\n<meta name=\"twitter:label1\" content=\"Tiempo de lectura\" \/>\n\t<meta name=\"twitter:data1\" content=\"3 minutos\" \/>\n<script type=\"application\/ld+json\" class=\"yoast-schema-graph\">{\"@context\":\"https:\/\/schema.org\",\"@graph\":[{\"@type\":\"WebPage\",\"@id\":\"https:\/\/centredentalsantfruitos.com\/es\/ortodoncia-invisible\/\",\"url\":\"https:\/\/centredentalsantfruitos.com\/es\/ortodoncia-invisible\/\",\"name\":\"Ortodoncia invisible | Centre Dental Sant Fruit\u00f3s\",\"isPartOf\":{\"@id\":\"https:\/\/centredentalsantfruitos.com\/#website\"},\"primaryImageOfPage\":{\"@id\":\"https:\/\/centredentalsantfruitos.com\/es\/ortodoncia-invisible\/#primaryimage\"},\"image\":{\"@id\":\"https:\/\/centredentalsantfruitos.com\/es\/ortodoncia-invisible\/#primaryimage\"},\"thumbnailUrl\":\"https:\/\/centredentalsantfruitos.com\/wp-content\/uploads\/2022\/10\/4_ORTODONCIA_INVISIBLE_sant_fruitos_de_bages.jpg\",\"datePublished\":\"2024-07-04T08:58:53+00:00\",\"dateModified\":\"2025-01-10T20:37:51+00:00\",\"description\":\"Ortodoncia Invisible \u00b7 Centre Dental Sant Fruit\u00f3s de Bages \u00b7 Dentista ubicado en Manresa (Barcelona). Empresa Dentista en el Bages.\",\"breadcrumb\":{\"@id\":\"https:\/\/centredentalsantfruitos.com\/es\/ortodoncia-invisible\/#breadcrumb\"},\"inLanguage\":\"es\",\"potentialAction\":[{\"@type\":\"ReadAction\",\"target\":[\"https:\/\/centredentalsantfruitos.com\/es\/ortodoncia-invisible\/\"]}]},{\"@type\":\"ImageObject\",\"inLanguage\":\"es\",\"@id\":\"https:\/\/centredentalsantfruitos.com\/es\/ortodoncia-invisible\/#primaryimage\",\"url\":\"https:\/\/centredentalsantfruitos.com\/wp-content\/uploads\/2022\/10\/4_ORTODONCIA_INVISIBLE_sant_fruitos_de_bages.jpg\",\"contentUrl\":\"https:\/\/centredentalsantfruitos.com\/wp-content\/uploads\/2022\/10\/4_ORTODONCIA_INVISIBLE_sant_fruitos_de_bages.jpg\",\"width\":1280,\"height\":720,\"caption\":\"Ortodoncia Invisible sant fruitos\"},{\"@type\":\"BreadcrumbList\",\"@id\":\"https:\/\/centredentalsantfruitos.com\/es\/ortodoncia-invisible\/#breadcrumb\",\"itemListElement\":[{\"@type\":\"ListItem\",\"position\":1,\"name\":\"Home\",\"item\":\"https:\/\/centredentalsantfruitos.com\/es\/\"},{\"@type\":\"ListItem\",\"position\":2,\"name\":\"Ortodoncia invisible\"}]},{\"@type\":\"WebSite\",\"@id\":\"https:\/\/centredentalsantfruitos.com\/#website\",\"url\":\"https:\/\/centredentalsantfruitos.com\/\",\"name\":\"Centre Dental Sant Fruit\u00f3s\",\"description\":\"El teu centre dental de refer\u00e8ncia a Sant Fruit\u00f3s de Bages.\",\"publisher\":{\"@id\":\"https:\/\/centredentalsantfruitos.com\/#organization\"},\"potentialAction\":[{\"@type\":\"SearchAction\",\"target\":{\"@type\":\"EntryPoint\",\"urlTemplate\":\"https:\/\/centredentalsantfruitos.com\/?s={search_term_string}\"},\"query-input\":{\"@type\":\"PropertyValueSpecification\",\"valueRequired\":true,\"valueName\":\"search_term_string\"}}],\"inLanguage\":\"es\"},{\"@type\":\"Organization\",\"@id\":\"https:\/\/centredentalsantfruitos.com\/#organization\",\"name\":\"Centre Dental Sant Fruit\u00f3s\",\"url\":\"https:\/\/centredentalsantfruitos.com\/\",\"logo\":{\"@type\":\"ImageObject\",\"inLanguage\":\"es\",\"@id\":\"https:\/\/centredentalsantfruitos.com\/#\/schema\/logo\/image\/\",\"url\":\"https:\/\/centredentalsantfruitos.com\/wp-content\/uploads\/2022\/11\/cdsf_logo-1.png\",\"contentUrl\":\"https:\/\/centredentalsantfruitos.com\/wp-content\/uploads\/2022\/11\/cdsf_logo-1.png\",\"width\":132,\"height\":28,\"caption\":\"Centre Dental Sant Fruit\u00f3s\"},\"image\":{\"@id\":\"https:\/\/centredentalsantfruitos.com\/#\/schema\/logo\/image\/\"}}]}<\/script>\n<!-- \/ Yoast SEO plugin. -->","yoast_head_json":{"title":"Ortodoncia invisible | Centre Dental Sant Fruit\u00f3s","description":"Ortodoncia Invisible \u00b7 Centre Dental Sant Fruit\u00f3s de Bages \u00b7 Dentista ubicado en Manresa (Barcelona). Empresa Dentista en el Bages.","robots":{"index":"index","follow":"follow","max-snippet":"max-snippet:-1","max-image-preview":"max-image-preview:large","max-video-preview":"max-video-preview:-1"},"canonical":"https:\/\/centredentalsantfruitos.com\/es\/ortodoncia-invisible\/","og_locale":"es_ES","og_type":"article","og_title":"Ortodoncia invisible | Centre Dental Sant Fruit\u00f3s","og_description":"Ortodoncia Invisible \u00b7 Centre Dental Sant Fruit\u00f3s de Bages \u00b7 Dentista ubicado en Manresa (Barcelona). Empresa Dentista en el Bages.","og_url":"https:\/\/centredentalsantfruitos.com\/es\/ortodoncia-invisible\/","og_site_name":"Centre dental Sant Fruit\u00f3s","article_modified_time":"2025-01-10T20:37:51+00:00","og_image":[{"width":1280,"height":720,"url":"https:\/\/centredentalsantfruitos.com\/wp-content\/uploads\/2022\/10\/4_ORTODONCIA_INVISIBLE_sant_fruitos_de_bages.jpg","type":"image\/jpeg"}],"twitter_card":"summary_large_image","twitter_misc":{"Tiempo de lectura":"3 minutos"},"schema":{"@context":"https:\/\/schema.org","@graph":[{"@type":"WebPage","@id":"https:\/\/centredentalsantfruitos.com\/es\/ortodoncia-invisible\/","url":"https:\/\/centredentalsantfruitos.com\/es\/ortodoncia-invisible\/","name":"Ortodoncia invisible | Centre Dental Sant Fruit\u00f3s","isPartOf":{"@id":"https:\/\/centredentalsantfruitos.com\/#website"},"primaryImageOfPage":{"@id":"https:\/\/centredentalsantfruitos.com\/es\/ortodoncia-invisible\/#primaryimage"},"image":{"@id":"https:\/\/centredentalsantfruitos.com\/es\/ortodoncia-invisible\/#primaryimage"},"thumbnailUrl":"https:\/\/centredentalsantfruitos.com\/wp-content\/uploads\/2022\/10\/4_ORTODONCIA_INVISIBLE_sant_fruitos_de_bages.jpg","datePublished":"2024-07-04T08:58:53+00:00","dateModified":"2025-01-10T20:37:51+00:00","description":"Ortodoncia Invisible \u00b7 Centre Dental Sant Fruit\u00f3s de Bages \u00b7 Dentista ubicado en Manresa (Barcelona). Empresa Dentista en el Bages.","breadcrumb":{"@id":"https:\/\/centredentalsantfruitos.com\/es\/ortodoncia-invisible\/#breadcrumb"},"inLanguage":"es","potentialAction":[{"@type":"ReadAction","target":["https:\/\/centredentalsantfruitos.com\/es\/ortodoncia-invisible\/"]}]},{"@type":"ImageObject","inLanguage":"es","@id":"https:\/\/centredentalsantfruitos.com\/es\/ortodoncia-invisible\/#primaryimage","url":"https:\/\/centredentalsantfruitos.com\/wp-content\/uploads\/2022\/10\/4_ORTODONCIA_INVISIBLE_sant_fruitos_de_bages.jpg","contentUrl":"https:\/\/centredentalsantfruitos.com\/wp-content\/uploads\/2022\/10\/4_ORTODONCIA_INVISIBLE_sant_fruitos_de_bages.jpg","width":1280,"height":720,"caption":"Ortodoncia Invisible sant fruitos"},{"@type":"BreadcrumbList","@id":"https:\/\/centredentalsantfruitos.com\/es\/ortodoncia-invisible\/#breadcrumb","itemListElement":[{"@type":"ListItem","position":1,"name":"Home","item":"https:\/\/centredentalsantfruitos.com\/es\/"},{"@type":"ListItem","position":2,"name":"Ortodoncia invisible"}]},{"@type":"WebSite","@id":"https:\/\/centredentalsantfruitos.com\/#website","url":"https:\/\/centredentalsantfruitos.com\/","name":"Centre Dental Sant Fruit\u00f3s","description":"El teu centre dental de refer\u00e8ncia a Sant Fruit\u00f3s de Bages.","publisher":{"@id":"https:\/\/centredentalsantfruitos.com\/#organization"},"potentialAction":[{"@type":"SearchAction","target":{"@type":"EntryPoint","urlTemplate":"https:\/\/centredentalsantfruitos.com\/?s={search_term_string}"},"query-input":{"@type":"PropertyValueSpecification","valueRequired":true,"valueName":"search_term_string"}}],"inLanguage":"es"},{"@type":"Organization","@id":"https:\/\/centredentalsantfruitos.com\/#organization","name":"Centre Dental Sant Fruit\u00f3s","url":"https:\/\/centredentalsantfruitos.com\/","logo":{"@type":"ImageObject","inLanguage":"es","@id":"https:\/\/centredentalsantfruitos.com\/#\/schema\/logo\/image\/","url":"https:\/\/centredentalsantfruitos.com\/wp-content\/uploads\/2022\/11\/cdsf_logo-1.png","contentUrl":"https:\/\/centredentalsantfruitos.com\/wp-content\/uploads\/2022\/11\/cdsf_logo-1.png","width":132,"height":28,"caption":"Centre Dental Sant Fruit\u00f3s"},"image":{"@id":"https:\/\/centredentalsantfruitos.com\/#\/schema\/logo\/image\/"}}]}},"_links":{"self":[{"href":"https:\/\/centredentalsantfruitos.com\/es\/wp-json\/wp\/v2\/pages\/16970","targetHints":{"allow":["GET"]}}],"collection":[{"href":"https:\/\/centredentalsantfruitos.com\/es\/wp-json\/wp\/v2\/pages"}],"about":[{"href":"https:\/\/centredentalsantfruitos.com\/es\/wp-json\/wp\/v2\/types\/page"}],"author":[{"embeddable":true,"href":"https:\/\/centredentalsantfruitos.com\/es\/wp-json\/wp\/v2\/users\/4"}],"replies":[{"embeddable":true,"href":"https:\/\/centredentalsantfruitos.com\/es\/wp-json\/wp\/v2\/comments?post=16970"}],"version-history":[{"count":2,"href":"https:\/\/centredentalsantfruitos.com\/es\/wp-json\/wp\/v2\/pages\/16970\/revisions"}],"predecessor-version":[{"id":17463,"href":"https:\/\/centredentalsantfruitos.com\/es\/wp-json\/wp\/v2\/pages\/16970\/revisions\/17463"}],"wp:featuredmedia":[{"embeddable":true,"href":"https:\/\/centredentalsantfruitos.com\/es\/wp-json\/wp\/v2\/media\/16771"}],"wp:attachment":[{"href":"https:\/\/centredentalsantfruitos.com\/es\/wp-json\/wp\/v2\/media?parent=16970"}],"curies":[{"name":"wp","href":"https:\/\/api.w.org\/{rel}","templated":true}]}}