{"id":16977,"date":"2024-07-04T11:00:49","date_gmt":"2024-07-04T09:00:49","guid":{"rendered":"https:\/\/centredentalsantfruitos.com\/?page_id=16977"},"modified":"2025-01-10T21:47:00","modified_gmt":"2025-01-10T20:47:00","slug":"odontologia-general","status":"publish","type":"page","link":"https:\/\/centredentalsantfruitos.com\/es\/odontologia-general\/","title":{"rendered":"Odontolog\u00eda General"},"content":{"rendered":"<div class=\"wpb-content-wrapper\"><p>[vc_row top_padding=\u00bb50&#8243; bottom_padding=\u00bb50&#8243;][vc_column column_center=\u00bbtrue\u00bb width=\u00bb1\/2&#8243;]<div class=\"single_image wpb_content_element align-left    \" data-animation=\"none\" data-delay=\"0\"><img loading=\"lazy\" decoding=\"async\" width=\"1280\" height=\"720\" src=\"https:\/\/centredentalsantfruitos.com\/wp-content\/uploads\/2022\/10\/6_ODONTOLOGIA_GENERAL_sant_fruitos_de_bagesjpg.jpg\" class=\"attachment-full\" alt=\"odontolog\u00eda General\" title=\"odontolog\u00eda General\" srcset=\"https:\/\/centredentalsantfruitos.com\/wp-content\/uploads\/2022\/10\/6_ODONTOLOGIA_GENERAL_sant_fruitos_de_bagesjpg.jpg 1280w, https:\/\/centredentalsantfruitos.com\/wp-content\/uploads\/2022\/10\/6_ODONTOLOGIA_GENERAL_sant_fruitos_de_bagesjpg-300x169.jpg 300w, https:\/\/centredentalsantfruitos.com\/wp-content\/uploads\/2022\/10\/6_ODONTOLOGIA_GENERAL_sant_fruitos_de_bagesjpg-1024x576.jpg 1024w, https:\/\/centredentalsantfruitos.com\/wp-content\/uploads\/2022\/10\/6_ODONTOLOGIA_GENERAL_sant_fruitos_de_bagesjpg-768x432.jpg 768w, https:\/\/centredentalsantfruitos.com\/wp-content\/uploads\/2022\/10\/6_ODONTOLOGIA_GENERAL_sant_fruitos_de_bagesjpg-1000x563.jpg 1000w\" sizes=\"auto, (max-width: 1280px) 100vw, 1280px\" \/><\/div>[\/vc_column][vc_column column_center=\u00bbtrue\u00bb width=\u00bb1\/2&#8243;]<h1 class=\"headline font-special fontsize-xl fontweight-700 lh-inherit align-center transform-uppercase \" style=\"margin: 0 0 20px 0;\">Odontolog\u00eda General<\/h1><div class=\"divider divider8\" style='margin:10px 0 10px 0 !important;'><\/div><div class=\"headline font-special fontsize-s fontweight-600 lh-inherit align-center transform-inherit \" style=\"margin: 0 0 20px 0;\">\u00abEl primer contacto\u00bb<\/div>[\/vc_column][\/vc_row][vc_row top_padding=\u00bb40&#8243; bottom_padding=\u00bb20&#8243;][vc_column width=\u00bb1\/1&#8243;]<h2 class=\"headline font-special fontsize-m fontweight-700 lh-inherit align-center transform-uppercase \" style=\"margin: 0 0 20px 0;\">Especialistas en odontolog\u00eda en Sant Fruit\u00f3s y Manresa<\/h2>[\/vc_column][\/vc_row][vc_row top_padding=\u00bb20&#8243; bottom_padding=\u00bb40&#8243;][vc_column width=\u00bb1\/1&#8243;][vc_column_text]La odontolog\u00eda general engloba el primer contacto inicial en el que se tratan problemas primarios de las enc\u00edas, los dientes, la lengua y otras estructuras relacionadas con el objetivo de prevenir, diagnosticar y tratar las problem\u00e1ticas derivadas.[\/vc_column_text][vc_column_text]Habitualmente se realiza una primera exploraci\u00f3n detallada en la que se detectan las problem\u00e1ticas, se determina el mejor tratamiento a realizar y, en los casos pertinentes, se deriva al especialista correspondiente.[\/vc_column_text][\/vc_column][\/vc_row][vc_row top_padding=\u00bb20&#8243; bottom_padding=\u00bb40&#8243;][vc_column width=\u00bb1\/1&#8243;][vc_column_text]<\/p>\n<h2><strong>Tratamientos de Odontolog\u00eda General en Sant Fruit\u00f3s del Bages | Centre Dental Sant Fruit\u00f3s<\/strong><\/h2>\n<p>[\/vc_column_text][vc_column_text]En Centre Dental Sant Fruit\u00f3s, ofrecemos servicios completos de odontolog\u00eda general para cuidar la salud bucal de toda la familia en Sant Fruit\u00f3s del Bages. Nuestro equipo de odont\u00f3logos especializados est\u00e1 comprometido en proporcionar atenci\u00f3n personalizada y de calidad, abordando las necesidades espec\u00edficas de cada paciente.[\/vc_column_text][\/vc_column][\/vc_row][vc_row top_padding=\u00bb20&#8243; bottom_padding=\u00bb40&#8243;][vc_column width=\u00bb1\/1&#8243;][vc_column_text]<\/p>\n<h2>\u00bfQu\u00e9 es la Odontolog\u00eda General?<\/h2>\n<p>[\/vc_column_text][vc_column_text]La odontolog\u00eda general es la base de la salud dental, y su objetivo es prevenir, diagnosticar y tratar las afecciones m\u00e1s comunes que afectan a los dientes, enc\u00edas y estructuras bucales. En Centre Dental Sant Fruit\u00f3s, entendemos la importancia de mantener una boca sana y libre de infecciones, por lo que nos especializamos en tratamientos efectivos para proteger y mejorar tu sonrisa.[\/vc_column_text][\/vc_column][\/vc_row][vc_row top_padding=\u00bb20&#8243; bottom_padding=\u00bb40&#8243;][vc_column width=\u00bb1\/1&#8243;][vc_column_text]<\/p>\n<h2>Servicios de Odontolog\u00eda General en Sant Fruit\u00f3s del Bages<\/h2>\n<p>[\/vc_column_text][vc_column_text]Entre los principales tratamientos que ofrecemos, se incluyen:<\/p>\n<ul>\n<li><strong>Limpiezas y profilaxis dental<\/strong>: Eliminamos la placa bacteriana y el sarro acumulado para prevenir caries y enfermedades periodontales.<\/li>\n<li><strong>Revisiones peri\u00f3dicas<\/strong>: Ex\u00e1menes completos de la cavidad bucal para detectar posibles problemas de forma temprana.<\/li>\n<li><strong>Obturaciones o empastes dentales<\/strong>: Restauramos dientes afectados por caries mediante materiales de alta calidad, devolviendo su forma y funcionalidad.<\/li>\n<li><strong>Tratamientos de caries<\/strong>: Tratamos caries en cualquier fase, priorizando t\u00e9cnicas que conservan al m\u00e1ximo la estructura dental natural.<\/li>\n<li><strong>Extracciones dentales<\/strong>: Realizamos extracciones seguras y cuidadosas en casos necesarios, siempre procurando el m\u00e1ximo confort del paciente.<\/li>\n<\/ul>\n<p>[\/vc_column_text][\/vc_column][\/vc_row][vc_row top_padding=\u00bb20&#8243; bottom_padding=\u00bb40&#8243;][vc_column width=\u00bb1\/1&#8243;][vc_column_text]<\/p>\n<h2>\u00bfPor qu\u00e9 elegir Centre Dental Sant Fruit\u00f3s?<\/h2>\n<p>[\/vc_column_text][vc_column_text]Ubicados en el coraz\u00f3n de Sant Fruit\u00f3s del Bages, nuestro centro destaca por su compromiso con la excelencia en cada tratamiento de odontolog\u00eda general. Nos aseguramos de que cada visita sea una experiencia positiva, utilizando la tecnolog\u00eda m\u00e1s avanzada para un diagn\u00f3stico preciso y un tratamiento eficaz.<\/p>\n<p>Ven a conocernos y descubre por qu\u00e9 somos la cl\u00ednica dental de referencia en Sant Fruit\u00f3s del Bages para toda la familia. En Centre Dental Sant Fruit\u00f3s, tu salud bucal es nuestra prioridad. \u00a1Agenda tu cita hoy mismo y empieza a cuidar tu sonrisa![\/vc_column_text][\/vc_column][\/vc_row][vc_row type=\u00bbfull_width_section\u00bb bg_image=\u00bb16630&#8243; text_color=\u00bblight\u00bb top_padding=\u00bb40&#8243; bottom_padding=\u00bb40&#8243;][vc_column width=\u00bb1\/4&#8243;][\/vc_column][vc_column column_center=\u00bbtrue\u00bb width=\u00bb1\/2&#8243;]<div class=\"headline font-special fontsize-l fontweight-700 lh-inherit align-center transform-uppercase \" style=\"margin: 0 0 20px 0;\">Solicita Informaci\u00f3n<\/div>[vc_raw_html]JTVCY29udGFjdC1mb3JtLTclMjBpZCUzRCUyMjY0NzU0YjQlMjIlMjB0aXRsZSUzRCUyMkZvcm11bGFyaW8lMjBkZSUyMGNvbnRhY3RvJTIwMV9lcyUyMiU1RA==[\/vc_raw_html][\/vc_column][vc_column width=\u00bb1\/4&#8243;][\/vc_column][\/vc_row]<\/p>\n<\/div>","protected":false},"excerpt":{"rendered":"<p>[vc_row top_padding=\u00bb50&#8243; bottom_padding=\u00bb50&#8243;][vc_column column_center=\u00bbtrue\u00bb width=\u00bb1\/2&#8243;][\/vc_column][vc_column column_center=\u00bbtrue\u00bb width=\u00bb1\/2&#8243;][\/vc_column][\/vc_row][vc_row top_padding=\u00bb40&#8243; bottom_padding=\u00bb20&#8243;][vc_column width=\u00bb1\/1&#8243;][\/vc_column][\/vc_row][vc_row top_padding=\u00bb20&#8243; bottom_padding=\u00bb40&#8243;][vc_column width=\u00bb1\/1&#8243;][vc_column_text]La odontolog\u00eda general engloba el primer contacto inicial en el que se tratan problemas primarios de las enc\u00edas, los dientes, la lengua y otras estructuras relacionadas con el objetivo de prevenir, diagnosticar y tratar las problem\u00e1ticas derivadas.[\/vc_column_text][vc_column_text]Habitualmente se realiza una primera exploraci\u00f3n detallada en la que se detectan las problem\u00e1ticas, se determina el mejor tratamiento a realizar y, en los casos pertinentes, se deriva al especialista correspondiente.[\/vc_column_text][\/vc_column][\/vc_row][vc_row top_padding=\u00bb20&#8243; bottom_padding=\u00bb40&#8243;][vc_column width=\u00bb1\/1&#8243;][vc_column_text] Tratamientos de Odontolog\u00eda General en Sant Fruit\u00f3s del Bages | Centre Dental Sant Fruit\u00f3s [\/vc_column_text][vc_column_text]En Centre Dental Sant Fruit\u00f3s, ofrecemos servicios completos de odontolog\u00eda general para cuidar la salud bucal de toda la familia en Sant Fruit\u00f3s del Bages. Nuestro equipo de odont\u00f3logos especializados est\u00e1 comprometido en proporcionar atenci\u00f3n personalizada y de calidad, abordando las necesidades espec\u00edficas de cada paciente.[\/vc_column_text][\/vc_column][\/vc_row][vc_row top_padding=\u00bb20&#8243; bottom_padding=\u00bb40&#8243;][vc_column width=\u00bb1\/1&#8243;][vc_column_text] \u00bfQu\u00e9 es la Odontolog\u00eda General? [\/vc_column_text][vc_column_text]La odontolog\u00eda general es la base de la salud dental, y su objetivo es prevenir, diagnosticar y tratar las afecciones m\u00e1s comunes que afectan a los dientes, enc\u00edas y estructuras bucales. En Centre Dental Sant Fruit\u00f3s, entendemos la importancia de mantener una boca sana y libre de infecciones, por lo [&hellip;]<\/p>\n","protected":false},"author":3,"featured_media":16778,"parent":0,"menu_order":0,"comment_status":"closed","ping_status":"closed","template":"","meta":{"_mbp_gutenberg_autopost":false,"footnotes":""},"class_list":["post-16977","page","type-page","status-publish","has-post-thumbnail","hentry"],"yoast_head":"<!-- This site is optimized with the Yoast SEO plugin v24.8.1 - https:\/\/yoast.com\/wordpress\/plugins\/seo\/ -->\n<title>Odontolog\u00eda General | Centre Dental Sant Fruit\u00f3s<\/title>\n<meta name=\"description\" content=\"Odontolog\u00eda General \u00b7 Centre Dental Sant Fruit\u00f3s \u00b7 Dentista especializado en odontolog\u00eda general en Manresa (Bages)\" \/>\n<meta name=\"robots\" content=\"index, follow, max-snippet:-1, max-image-preview:large, max-video-preview:-1\" \/>\n<link rel=\"canonical\" href=\"https:\/\/centredentalsantfruitos.com\/es\/odontologia-general\/\" \/>\n<meta property=\"og:locale\" content=\"es_ES\" \/>\n<meta property=\"og:type\" content=\"article\" \/>\n<meta property=\"og:title\" content=\"Odontolog\u00eda General | Centre Dental Sant Fruit\u00f3s\" \/>\n<meta property=\"og:description\" content=\"Odontolog\u00eda General \u00b7 Centre Dental Sant Fruit\u00f3s \u00b7 Dentista especializado en odontolog\u00eda general en Manresa (Bages)\" \/>\n<meta property=\"og:url\" content=\"https:\/\/centredentalsantfruitos.com\/es\/odontologia-general\/\" \/>\n<meta property=\"og:site_name\" content=\"Centre dental Sant Fruit\u00f3s\" \/>\n<meta property=\"article:modified_time\" content=\"2025-01-10T20:47:00+00:00\" \/>\n<meta property=\"og:image\" content=\"https:\/\/centredentalsantfruitos.com\/wp-content\/uploads\/2022\/10\/6_ODONTOLOGIA_GENERAL_sant_fruitos_de_bagesjpg.jpg\" \/>\n\t<meta property=\"og:image:width\" content=\"1280\" \/>\n\t<meta property=\"og:image:height\" content=\"720\" \/>\n\t<meta property=\"og:image:type\" content=\"image\/jpeg\" \/>\n<meta name=\"twitter:card\" content=\"summary_large_image\" \/>\n<meta name=\"twitter:label1\" content=\"Tiempo de lectura\" \/>\n\t<meta name=\"twitter:data1\" content=\"3 minutos\" \/>\n<script type=\"application\/ld+json\" class=\"yoast-schema-graph\">{\"@context\":\"https:\/\/schema.org\",\"@graph\":[{\"@type\":\"WebPage\",\"@id\":\"https:\/\/centredentalsantfruitos.com\/es\/odontologia-general\/\",\"url\":\"https:\/\/centredentalsantfruitos.com\/es\/odontologia-general\/\",\"name\":\"Odontolog\u00eda General | Centre Dental Sant Fruit\u00f3s\",\"isPartOf\":{\"@id\":\"https:\/\/centredentalsantfruitos.com\/#website\"},\"primaryImageOfPage\":{\"@id\":\"https:\/\/centredentalsantfruitos.com\/es\/odontologia-general\/#primaryimage\"},\"image\":{\"@id\":\"https:\/\/centredentalsantfruitos.com\/es\/odontologia-general\/#primaryimage\"},\"thumbnailUrl\":\"https:\/\/centredentalsantfruitos.com\/wp-content\/uploads\/2022\/10\/6_ODONTOLOGIA_GENERAL_sant_fruitos_de_bagesjpg.jpg\",\"datePublished\":\"2024-07-04T09:00:49+00:00\",\"dateModified\":\"2025-01-10T20:47:00+00:00\",\"description\":\"Odontolog\u00eda General \u00b7 Centre Dental Sant Fruit\u00f3s \u00b7 Dentista especializado en odontolog\u00eda general en Manresa (Bages)\",\"breadcrumb\":{\"@id\":\"https:\/\/centredentalsantfruitos.com\/es\/odontologia-general\/#breadcrumb\"},\"inLanguage\":\"es\",\"potentialAction\":[{\"@type\":\"ReadAction\",\"target\":[\"https:\/\/centredentalsantfruitos.com\/es\/odontologia-general\/\"]}]},{\"@type\":\"ImageObject\",\"inLanguage\":\"es\",\"@id\":\"https:\/\/centredentalsantfruitos.com\/es\/odontologia-general\/#primaryimage\",\"url\":\"https:\/\/centredentalsantfruitos.com\/wp-content\/uploads\/2022\/10\/6_ODONTOLOGIA_GENERAL_sant_fruitos_de_bagesjpg.jpg\",\"contentUrl\":\"https:\/\/centredentalsantfruitos.com\/wp-content\/uploads\/2022\/10\/6_ODONTOLOGIA_GENERAL_sant_fruitos_de_bagesjpg.jpg\",\"width\":1280,\"height\":720,\"caption\":\"odontolog\u00eda General\"},{\"@type\":\"BreadcrumbList\",\"@id\":\"https:\/\/centredentalsantfruitos.com\/es\/odontologia-general\/#breadcrumb\",\"itemListElement\":[{\"@type\":\"ListItem\",\"position\":1,\"name\":\"Home\",\"item\":\"https:\/\/centredentalsantfruitos.com\/es\/\"},{\"@type\":\"ListItem\",\"position\":2,\"name\":\"Odontolog\u00eda General\"}]},{\"@type\":\"WebSite\",\"@id\":\"https:\/\/centredentalsantfruitos.com\/#website\",\"url\":\"https:\/\/centredentalsantfruitos.com\/\",\"name\":\"Centre Dental Sant Fruit\u00f3s\",\"description\":\"El teu centre dental de refer\u00e8ncia a Sant Fruit\u00f3s de Bages.\",\"publisher\":{\"@id\":\"https:\/\/centredentalsantfruitos.com\/#organization\"},\"potentialAction\":[{\"@type\":\"SearchAction\",\"target\":{\"@type\":\"EntryPoint\",\"urlTemplate\":\"https:\/\/centredentalsantfruitos.com\/?s={search_term_string}\"},\"query-input\":{\"@type\":\"PropertyValueSpecification\",\"valueRequired\":true,\"valueName\":\"search_term_string\"}}],\"inLanguage\":\"es\"},{\"@type\":\"Organization\",\"@id\":\"https:\/\/centredentalsantfruitos.com\/#organization\",\"name\":\"Centre Dental Sant Fruit\u00f3s\",\"url\":\"https:\/\/centredentalsantfruitos.com\/\",\"logo\":{\"@type\":\"ImageObject\",\"inLanguage\":\"es\",\"@id\":\"https:\/\/centredentalsantfruitos.com\/#\/schema\/logo\/image\/\",\"url\":\"https:\/\/centredentalsantfruitos.com\/wp-content\/uploads\/2022\/11\/cdsf_logo-1.png\",\"contentUrl\":\"https:\/\/centredentalsantfruitos.com\/wp-content\/uploads\/2022\/11\/cdsf_logo-1.png\",\"width\":132,\"height\":28,\"caption\":\"Centre Dental Sant Fruit\u00f3s\"},\"image\":{\"@id\":\"https:\/\/centredentalsantfruitos.com\/#\/schema\/logo\/image\/\"}}]}<\/script>\n<!-- \/ Yoast SEO plugin. -->","yoast_head_json":{"title":"Odontolog\u00eda General | Centre Dental Sant Fruit\u00f3s","description":"Odontolog\u00eda General \u00b7 Centre Dental Sant Fruit\u00f3s \u00b7 Dentista especializado en odontolog\u00eda general en Manresa (Bages)","robots":{"index":"index","follow":"follow","max-snippet":"max-snippet:-1","max-image-preview":"max-image-preview:large","max-video-preview":"max-video-preview:-1"},"canonical":"https:\/\/centredentalsantfruitos.com\/es\/odontologia-general\/","og_locale":"es_ES","og_type":"article","og_title":"Odontolog\u00eda General | Centre Dental Sant Fruit\u00f3s","og_description":"Odontolog\u00eda General \u00b7 Centre Dental Sant Fruit\u00f3s \u00b7 Dentista especializado en odontolog\u00eda general en Manresa (Bages)","og_url":"https:\/\/centredentalsantfruitos.com\/es\/odontologia-general\/","og_site_name":"Centre dental Sant Fruit\u00f3s","article_modified_time":"2025-01-10T20:47:00+00:00","og_image":[{"width":1280,"height":720,"url":"https:\/\/centredentalsantfruitos.com\/wp-content\/uploads\/2022\/10\/6_ODONTOLOGIA_GENERAL_sant_fruitos_de_bagesjpg.jpg","type":"image\/jpeg"}],"twitter_card":"summary_large_image","twitter_misc":{"Tiempo de lectura":"3 minutos"},"schema":{"@context":"https:\/\/schema.org","@graph":[{"@type":"WebPage","@id":"https:\/\/centredentalsantfruitos.com\/es\/odontologia-general\/","url":"https:\/\/centredentalsantfruitos.com\/es\/odontologia-general\/","name":"Odontolog\u00eda General | Centre Dental Sant Fruit\u00f3s","isPartOf":{"@id":"https:\/\/centredentalsantfruitos.com\/#website"},"primaryImageOfPage":{"@id":"https:\/\/centredentalsantfruitos.com\/es\/odontologia-general\/#primaryimage"},"image":{"@id":"https:\/\/centredentalsantfruitos.com\/es\/odontologia-general\/#primaryimage"},"thumbnailUrl":"https:\/\/centredentalsantfruitos.com\/wp-content\/uploads\/2022\/10\/6_ODONTOLOGIA_GENERAL_sant_fruitos_de_bagesjpg.jpg","datePublished":"2024-07-04T09:00:49+00:00","dateModified":"2025-01-10T20:47:00+00:00","description":"Odontolog\u00eda General \u00b7 Centre Dental Sant Fruit\u00f3s \u00b7 Dentista especializado en odontolog\u00eda general en Manresa (Bages)","breadcrumb":{"@id":"https:\/\/centredentalsantfruitos.com\/es\/odontologia-general\/#breadcrumb"},"inLanguage":"es","potentialAction":[{"@type":"ReadAction","target":["https:\/\/centredentalsantfruitos.com\/es\/odontologia-general\/"]}]},{"@type":"ImageObject","inLanguage":"es","@id":"https:\/\/centredentalsantfruitos.com\/es\/odontologia-general\/#primaryimage","url":"https:\/\/centredentalsantfruitos.com\/wp-content\/uploads\/2022\/10\/6_ODONTOLOGIA_GENERAL_sant_fruitos_de_bagesjpg.jpg","contentUrl":"https:\/\/centredentalsantfruitos.com\/wp-content\/uploads\/2022\/10\/6_ODONTOLOGIA_GENERAL_sant_fruitos_de_bagesjpg.jpg","width":1280,"height":720,"caption":"odontolog\u00eda General"},{"@type":"BreadcrumbList","@id":"https:\/\/centredentalsantfruitos.com\/es\/odontologia-general\/#breadcrumb","itemListElement":[{"@type":"ListItem","position":1,"name":"Home","item":"https:\/\/centredentalsantfruitos.com\/es\/"},{"@type":"ListItem","position":2,"name":"Odontolog\u00eda General"}]},{"@type":"WebSite","@id":"https:\/\/centredentalsantfruitos.com\/#website","url":"https:\/\/centredentalsantfruitos.com\/","name":"Centre Dental Sant Fruit\u00f3s","description":"El teu centre dental de refer\u00e8ncia a Sant Fruit\u00f3s de Bages.","publisher":{"@id":"https:\/\/centredentalsantfruitos.com\/#organization"},"potentialAction":[{"@type":"SearchAction","target":{"@type":"EntryPoint","urlTemplate":"https:\/\/centredentalsantfruitos.com\/?s={search_term_string}"},"query-input":{"@type":"PropertyValueSpecification","valueRequired":true,"valueName":"search_term_string"}}],"inLanguage":"es"},{"@type":"Organization","@id":"https:\/\/centredentalsantfruitos.com\/#organization","name":"Centre Dental Sant Fruit\u00f3s","url":"https:\/\/centredentalsantfruitos.com\/","logo":{"@type":"ImageObject","inLanguage":"es","@id":"https:\/\/centredentalsantfruitos.com\/#\/schema\/logo\/image\/","url":"https:\/\/centredentalsantfruitos.com\/wp-content\/uploads\/2022\/11\/cdsf_logo-1.png","contentUrl":"https:\/\/centredentalsantfruitos.com\/wp-content\/uploads\/2022\/11\/cdsf_logo-1.png","width":132,"height":28,"caption":"Centre Dental Sant Fruit\u00f3s"},"image":{"@id":"https:\/\/centredentalsantfruitos.com\/#\/schema\/logo\/image\/"}}]}},"_links":{"self":[{"href":"https:\/\/centredentalsantfruitos.com\/es\/wp-json\/wp\/v2\/pages\/16977","targetHints":{"allow":["GET"]}}],"collection":[{"href":"https:\/\/centredentalsantfruitos.com\/es\/wp-json\/wp\/v2\/pages"}],"about":[{"href":"https:\/\/centredentalsantfruitos.com\/es\/wp-json\/wp\/v2\/types\/page"}],"author":[{"embeddable":true,"href":"https:\/\/centredentalsantfruitos.com\/es\/wp-json\/wp\/v2\/users\/3"}],"replies":[{"embeddable":true,"href":"https:\/\/centredentalsantfruitos.com\/es\/wp-json\/wp\/v2\/comments?post=16977"}],"version-history":[{"count":1,"href":"https:\/\/centredentalsantfruitos.com\/es\/wp-json\/wp\/v2\/pages\/16977\/revisions"}],"predecessor-version":[{"id":17472,"href":"https:\/\/centredentalsantfruitos.com\/es\/wp-json\/wp\/v2\/pages\/16977\/revisions\/17472"}],"wp:featuredmedia":[{"embeddable":true,"href":"https:\/\/centredentalsantfruitos.com\/es\/wp-json\/wp\/v2\/media\/16778"}],"wp:attachment":[{"href":"https:\/\/centredentalsantfruitos.com\/es\/wp-json\/wp\/v2\/media?parent=16977"}],"curies":[{"name":"wp","href":"https:\/\/api.w.org\/{rel}","templated":true}]}}