{"id":16980,"date":"2024-11-27T09:55:36","date_gmt":"2024-11-27T08:55:36","guid":{"rendered":"https:\/\/centredentalsantfruitos.com\/?page_id=16980"},"modified":"2024-11-27T09:55:36","modified_gmt":"2024-11-27T08:55:36","slug":"urgencies-dentales","status":"publish","type":"page","link":"https:\/\/centredentalsantfruitos.com\/es\/urgencies-dentales\/","title":{"rendered":"Urgencias Dentales"},"content":{"rendered":"<div class=\"wpb-content-wrapper\"><p>[vc_row top_padding=\u00bb50&#8243; bottom_padding=\u00bb50&#8243;][vc_column column_center=\u00bbtrue\u00bb width=\u00bb1\/2&#8243;][vc_single_image source=\u00bbfeatured_image\u00bb img_size=\u00bbfull\u00bb][\/vc_column][vc_column column_center=\u00bbtrue\u00bb width=\u00bb1\/2&#8243;]<h1 class=\"headline font-special fontsize-xl fontweight-700 lh-inherit align-center transform-uppercase \" style=\"margin: 0 0 20px 0;\">Urgencies Dentales<\/h1><div class=\"divider divider8\" style='margin:10px 0 10px 0 !important;'><\/div><div class=\"headline font-special fontsize-s fontweight-600 lh-inherit align-center transform-inherit \" style=\"margin: 0 0 20px 0;\">\u201cCuando es necesario ser atendido\/a lo m\u00e1s r\u00e1pidamente posible\u201d<\/div>[\/vc_column][\/vc_row][vc_row top_padding=\u00bb40&#8243; bottom_padding=\u00bb20&#8243;][vc_column width=\u00bb1\/1&#8243;]<h2 class=\"headline font-special fontsize-m fontweight-700 lh-inherit align-center transform-uppercase \" style=\"margin: 0 0 20px 0;\">Especialistas en urgencias dentales en Sant Fruit\u00f3s y Manresa<\/h2>[\/vc_column][\/vc_row][vc_row top_padding=\u00bb20&#8243; bottom_padding=\u00bb40&#8243;][vc_column width=\u00bb1\/1&#8243;][vc_column_text]Una urgencia es una afectaci\u00f3n que a pesar de no poner en riesgo la vida del paciente, s\u00ed requiere un tratamiento inmediato. Una infecci\u00f3n aguda, importantes hemorragias, traumatismos, dolores muy fuertes\u2026 Necesitan una respuesta profesional y efectiva.[\/vc_column_text][vc_column_text]En CDSF somos conocedores de las necesidades de cada paciente y le ofrecemos un servicio de urgencias para su m\u00e1xima tranquilidad.[\/vc_column_text][\/vc_column][\/vc_row][vc_row top_padding=\u00bb20&#8243; bottom_padding=\u00bb40&#8243;][vc_column width=\u00bb1\/1&#8243;][vc_column_text]<\/p>\n<h2>Urgencias Dentales en Sant Fruit\u00f3s del Bages<\/h2>\n<p>[\/vc_column_text][vc_column_text]\u00bfTienes una emergencia dental? En <strong>Centre Dental Sant Fruit\u00f3s<\/strong>, somos especialistas en tratar urgencias dentales de forma r\u00e1pida, profesional y con los mejores resultados. Situados en el coraz\u00f3n de <strong>Sant Fruit\u00f3s del Bages<\/strong>, nuestro equipo est\u00e1 disponible para ayudarte a aliviar el dolor y resolver cualquier problema bucal urgente.[\/vc_column_text][\/vc_column][\/vc_row][vc_row top_padding=\u00bb20&#8243; bottom_padding=\u00bb40&#8243;][vc_column width=\u00bb1\/1&#8243;][vc_column_text]<\/p>\n<h2>\u00bfCu\u00e1ndo necesitas atenci\u00f3n dental de urgencia?<\/h2>\n<p>[\/vc_column_text][vc_column_text]<\/p>\n<ul>\n<li><strong>Dolor dental intenso<\/strong> que no cede.<\/li>\n<li><strong>Dientes fracturados o rotos<\/strong> debido a un golpe o accidente.<\/li>\n<li><strong>Inflamaci\u00f3n en enc\u00edas o rostro<\/strong> que podr\u00eda indicar una infecci\u00f3n.<\/li>\n<li><strong>P\u00e9rdida de una pieza dental<\/strong> (dientes permanentes).<\/li>\n<li><strong>Sangrado persistente<\/strong> tras una extracci\u00f3n u otro procedimiento.<\/li>\n<\/ul>\n<p>[\/vc_column_text][vc_column_text]<\/p>\n<h3>\u00bfPor qu\u00e9 elegir Centre Dental Sant Fruit\u00f3s?<\/h3>\n<p>[\/vc_column_text][vc_column_text]<\/p>\n<ul>\n<li><strong>Atenci\u00f3n inmediata<\/strong>: Nuestro objetivo es atenderte lo antes posible para aliviar tu malestar.<\/li>\n<li><strong>Equipo especializado<\/strong>: Contamos con odont\u00f3logos con amplia experiencia en tratamientos de urgencia.<\/li>\n<li><strong>Instalaciones modernas<\/strong>: Tecnolog\u00eda avanzada para diagn\u00f3sticos precisos y tratamientos efectivos.<\/li>\n<li><strong>Ubicaci\u00f3n c\u00e9ntrica<\/strong>: Estamos en <strong>Sant Fruit\u00f3s del Bages<\/strong>, f\u00e1cilmente accesibles desde cualquier punto del municipio y alrededores.<\/li>\n<\/ul>\n<p>[\/vc_column_text][vc_column_text]<\/p>\n<h2>\u00bfQu\u00e9 hacer en caso de emergencia dental?<\/h2>\n<p>[\/vc_column_text][vc_column_text]Si necesitas ayuda urgente, <strong>cont\u00e1ctanos de inmediato<\/strong> al [inserte n\u00famero de tel\u00e9fono] o visita nuestra cl\u00ednica en [direcci\u00f3n]. Estaremos encantados de ayudarte a recuperar tu bienestar.<\/p>\n<p>En <strong>Centre Dental Sant Fruit\u00f3s<\/strong>, tu salud dental es nuestra prioridad. \u00a1Conf\u00eda en nosotros para tus urgencias dentales en Sant Fruit\u00f3s del Bages![\/vc_column_text][\/vc_column][\/vc_row][vc_row type=\u00bbfull_width_section\u00bb bg_image=\u00bb16630&#8243; text_color=\u00bblight\u00bb top_padding=\u00bb40&#8243; bottom_padding=\u00bb40&#8243;][vc_column width=\u00bb1\/4&#8243;][\/vc_column][vc_column column_center=\u00bbtrue\u00bb width=\u00bb1\/2&#8243;]<div class=\"headline font-special fontsize-l fontweight-700 lh-inherit align-center transform-uppercase \" style=\"margin: 0 0 20px 0;\">Solicita Informaci\u00f3n<\/div>[vc_raw_html]JTVCY29udGFjdC1mb3JtLTclMjBpZCUzRCUyMjY0NzU0YjQlMjIlMjB0aXRsZSUzRCUyMkZvcm11bGFyaW8lMjBkZSUyMGNvbnRhY3RvJTIwMV9lcyUyMiU1RA==[\/vc_raw_html][\/vc_column][vc_column width=\u00bb1\/4&#8243;][\/vc_column][\/vc_row]<\/p>\n<\/div>","protected":false},"excerpt":{"rendered":"<p>[vc_row top_padding=\u00bb50&#8243; bottom_padding=\u00bb50&#8243;][vc_column column_center=\u00bbtrue\u00bb width=\u00bb1\/2&#8243;][vc_single_image source=\u00bbfeatured_image\u00bb img_size=\u00bbfull\u00bb][\/vc_column][vc_column column_center=\u00bbtrue\u00bb width=\u00bb1\/2&#8243;][\/vc_column][\/vc_row][vc_row top_padding=\u00bb40&#8243; bottom_padding=\u00bb20&#8243;][vc_column width=\u00bb1\/1&#8243;][\/vc_column][\/vc_row][vc_row top_padding=\u00bb20&#8243; bottom_padding=\u00bb40&#8243;][vc_column width=\u00bb1\/1&#8243;][vc_column_text]Una urgencia es una afectaci\u00f3n que a pesar de no poner en riesgo la vida del paciente, s\u00ed requiere un tratamiento inmediato. Una infecci\u00f3n aguda, importantes hemorragias, traumatismos, dolores muy fuertes\u2026 Necesitan una respuesta profesional y efectiva.[\/vc_column_text][vc_column_text]En CDSF somos conocedores de las necesidades de cada paciente y le ofrecemos un servicio de urgencias para su m\u00e1xima tranquilidad.[\/vc_column_text][\/vc_column][\/vc_row][vc_row top_padding=\u00bb20&#8243; bottom_padding=\u00bb40&#8243;][vc_column width=\u00bb1\/1&#8243;][vc_column_text] Urgencias Dentales en Sant Fruit\u00f3s del Bages [\/vc_column_text][vc_column_text]\u00bfTienes una emergencia dental? En Centre Dental Sant Fruit\u00f3s, somos especialistas en tratar urgencias dentales de forma r\u00e1pida, profesional y con los mejores resultados. Situados en el coraz\u00f3n de Sant Fruit\u00f3s del Bages, nuestro equipo est\u00e1 disponible para ayudarte a aliviar el dolor y resolver cualquier problema bucal urgente.[\/vc_column_text][\/vc_column][\/vc_row][vc_row top_padding=\u00bb20&#8243; bottom_padding=\u00bb40&#8243;][vc_column width=\u00bb1\/1&#8243;][vc_column_text] \u00bfCu\u00e1ndo necesitas atenci\u00f3n dental de urgencia? [\/vc_column_text][vc_column_text] Dolor dental intenso que no cede. Dientes fracturados o rotos debido a un golpe o accidente. Inflamaci\u00f3n en enc\u00edas o rostro que podr\u00eda indicar una infecci\u00f3n. P\u00e9rdida de una pieza dental (dientes permanentes). Sangrado persistente tras una extracci\u00f3n u otro procedimiento. [\/vc_column_text][vc_column_text] \u00bfPor qu\u00e9 elegir Centre Dental Sant Fruit\u00f3s? [\/vc_column_text][vc_column_text] Atenci\u00f3n inmediata: Nuestro objetivo es atenderte lo antes posible para [&hellip;]<\/p>\n","protected":false},"author":4,"featured_media":16782,"parent":0,"menu_order":0,"comment_status":"closed","ping_status":"closed","template":"","meta":{"_mbp_gutenberg_autopost":false,"footnotes":""},"class_list":["post-16980","page","type-page","status-publish","has-post-thumbnail","hentry"],"yoast_head":"<!-- This site is optimized with the Yoast SEO plugin v24.8.1 - https:\/\/yoast.com\/wordpress\/plugins\/seo\/ -->\n<title>Urgencias Dentales | Centre Dental Sant Fruit\u00f3s<\/title>\n<meta name=\"description\" content=\"Urgencias Dentales \u00b7 Centro Dental Sant Fruit\u00f3s \u00b7 Dentista Manresa especializado en urgencias dentales \u00b7 Dentista Manresa.\" \/>\n<meta name=\"robots\" content=\"index, follow, max-snippet:-1, max-image-preview:large, max-video-preview:-1\" \/>\n<link rel=\"canonical\" href=\"https:\/\/centredentalsantfruitos.com\/es\/urgencies-dentales\/\" \/>\n<meta property=\"og:locale\" content=\"es_ES\" \/>\n<meta property=\"og:type\" content=\"article\" \/>\n<meta property=\"og:title\" content=\"Urgencias Dentales | Centre Dental Sant Fruit\u00f3s\" \/>\n<meta property=\"og:description\" content=\"Urgencias Dentales \u00b7 Centro Dental Sant Fruit\u00f3s \u00b7 Dentista Manresa especializado en urgencias dentales \u00b7 Dentista Manresa.\" \/>\n<meta property=\"og:url\" content=\"https:\/\/centredentalsantfruitos.com\/es\/urgencies-dentales\/\" \/>\n<meta property=\"og:site_name\" content=\"Centre dental Sant Fruit\u00f3s\" \/>\n<meta property=\"og:image\" content=\"https:\/\/centredentalsantfruitos.com\/wp-content\/uploads\/2022\/10\/12_URGENCIES_Dentals_sant_fruitos_de_Bageas.jpg\" \/>\n\t<meta property=\"og:image:width\" content=\"1280\" \/>\n\t<meta property=\"og:image:height\" content=\"720\" \/>\n\t<meta property=\"og:image:type\" content=\"image\/jpeg\" \/>\n<meta name=\"twitter:card\" content=\"summary_large_image\" \/>\n<meta name=\"twitter:label1\" content=\"Tiempo de lectura\" \/>\n\t<meta name=\"twitter:data1\" content=\"3 minutos\" \/>\n<script type=\"application\/ld+json\" class=\"yoast-schema-graph\">{\"@context\":\"https:\/\/schema.org\",\"@graph\":[{\"@type\":\"WebPage\",\"@id\":\"https:\/\/centredentalsantfruitos.com\/es\/urgencies-dentales\/\",\"url\":\"https:\/\/centredentalsantfruitos.com\/es\/urgencies-dentales\/\",\"name\":\"Urgencias Dentales | Centre Dental Sant Fruit\u00f3s\",\"isPartOf\":{\"@id\":\"https:\/\/centredentalsantfruitos.com\/#website\"},\"primaryImageOfPage\":{\"@id\":\"https:\/\/centredentalsantfruitos.com\/es\/urgencies-dentales\/#primaryimage\"},\"image\":{\"@id\":\"https:\/\/centredentalsantfruitos.com\/es\/urgencies-dentales\/#primaryimage\"},\"thumbnailUrl\":\"https:\/\/centredentalsantfruitos.com\/wp-content\/uploads\/2022\/10\/12_URGENCIES_Dentals_sant_fruitos_de_Bageas.jpg\",\"datePublished\":\"2024-11-27T08:55:36+00:00\",\"description\":\"Urgencias Dentales \u00b7 Centro Dental Sant Fruit\u00f3s \u00b7 Dentista Manresa especializado en urgencias dentales \u00b7 Dentista Manresa.\",\"breadcrumb\":{\"@id\":\"https:\/\/centredentalsantfruitos.com\/es\/urgencies-dentales\/#breadcrumb\"},\"inLanguage\":\"es\",\"potentialAction\":[{\"@type\":\"ReadAction\",\"target\":[\"https:\/\/centredentalsantfruitos.com\/es\/urgencies-dentales\/\"]}]},{\"@type\":\"ImageObject\",\"inLanguage\":\"es\",\"@id\":\"https:\/\/centredentalsantfruitos.com\/es\/urgencies-dentales\/#primaryimage\",\"url\":\"https:\/\/centredentalsantfruitos.com\/wp-content\/uploads\/2022\/10\/12_URGENCIES_Dentals_sant_fruitos_de_Bageas.jpg\",\"contentUrl\":\"https:\/\/centredentalsantfruitos.com\/wp-content\/uploads\/2022\/10\/12_URGENCIES_Dentals_sant_fruitos_de_Bageas.jpg\",\"width\":1280,\"height\":720},{\"@type\":\"BreadcrumbList\",\"@id\":\"https:\/\/centredentalsantfruitos.com\/es\/urgencies-dentales\/#breadcrumb\",\"itemListElement\":[{\"@type\":\"ListItem\",\"position\":1,\"name\":\"Home\",\"item\":\"https:\/\/centredentalsantfruitos.com\/es\/\"},{\"@type\":\"ListItem\",\"position\":2,\"name\":\"Urgencias Dentales\"}]},{\"@type\":\"WebSite\",\"@id\":\"https:\/\/centredentalsantfruitos.com\/#website\",\"url\":\"https:\/\/centredentalsantfruitos.com\/\",\"name\":\"Centre Dental Sant Fruit\u00f3s\",\"description\":\"El teu centre dental de refer\u00e8ncia a Sant Fruit\u00f3s de Bages.\",\"publisher\":{\"@id\":\"https:\/\/centredentalsantfruitos.com\/#organization\"},\"potentialAction\":[{\"@type\":\"SearchAction\",\"target\":{\"@type\":\"EntryPoint\",\"urlTemplate\":\"https:\/\/centredentalsantfruitos.com\/?s={search_term_string}\"},\"query-input\":{\"@type\":\"PropertyValueSpecification\",\"valueRequired\":true,\"valueName\":\"search_term_string\"}}],\"inLanguage\":\"es\"},{\"@type\":\"Organization\",\"@id\":\"https:\/\/centredentalsantfruitos.com\/#organization\",\"name\":\"Centre Dental Sant Fruit\u00f3s\",\"url\":\"https:\/\/centredentalsantfruitos.com\/\",\"logo\":{\"@type\":\"ImageObject\",\"inLanguage\":\"es\",\"@id\":\"https:\/\/centredentalsantfruitos.com\/#\/schema\/logo\/image\/\",\"url\":\"https:\/\/centredentalsantfruitos.com\/wp-content\/uploads\/2022\/11\/cdsf_logo-1.png\",\"contentUrl\":\"https:\/\/centredentalsantfruitos.com\/wp-content\/uploads\/2022\/11\/cdsf_logo-1.png\",\"width\":132,\"height\":28,\"caption\":\"Centre Dental Sant Fruit\u00f3s\"},\"image\":{\"@id\":\"https:\/\/centredentalsantfruitos.com\/#\/schema\/logo\/image\/\"}}]}<\/script>\n<!-- \/ Yoast SEO plugin. -->","yoast_head_json":{"title":"Urgencias Dentales | Centre Dental Sant Fruit\u00f3s","description":"Urgencias Dentales \u00b7 Centro Dental Sant Fruit\u00f3s \u00b7 Dentista Manresa especializado en urgencias dentales \u00b7 Dentista Manresa.","robots":{"index":"index","follow":"follow","max-snippet":"max-snippet:-1","max-image-preview":"max-image-preview:large","max-video-preview":"max-video-preview:-1"},"canonical":"https:\/\/centredentalsantfruitos.com\/es\/urgencies-dentales\/","og_locale":"es_ES","og_type":"article","og_title":"Urgencias Dentales | Centre Dental Sant Fruit\u00f3s","og_description":"Urgencias Dentales \u00b7 Centro Dental Sant Fruit\u00f3s \u00b7 Dentista Manresa especializado en urgencias dentales \u00b7 Dentista Manresa.","og_url":"https:\/\/centredentalsantfruitos.com\/es\/urgencies-dentales\/","og_site_name":"Centre dental Sant Fruit\u00f3s","og_image":[{"width":1280,"height":720,"url":"https:\/\/centredentalsantfruitos.com\/wp-content\/uploads\/2022\/10\/12_URGENCIES_Dentals_sant_fruitos_de_Bageas.jpg","type":"image\/jpeg"}],"twitter_card":"summary_large_image","twitter_misc":{"Tiempo de lectura":"3 minutos"},"schema":{"@context":"https:\/\/schema.org","@graph":[{"@type":"WebPage","@id":"https:\/\/centredentalsantfruitos.com\/es\/urgencies-dentales\/","url":"https:\/\/centredentalsantfruitos.com\/es\/urgencies-dentales\/","name":"Urgencias Dentales | Centre Dental Sant Fruit\u00f3s","isPartOf":{"@id":"https:\/\/centredentalsantfruitos.com\/#website"},"primaryImageOfPage":{"@id":"https:\/\/centredentalsantfruitos.com\/es\/urgencies-dentales\/#primaryimage"},"image":{"@id":"https:\/\/centredentalsantfruitos.com\/es\/urgencies-dentales\/#primaryimage"},"thumbnailUrl":"https:\/\/centredentalsantfruitos.com\/wp-content\/uploads\/2022\/10\/12_URGENCIES_Dentals_sant_fruitos_de_Bageas.jpg","datePublished":"2024-11-27T08:55:36+00:00","description":"Urgencias Dentales \u00b7 Centro Dental Sant Fruit\u00f3s \u00b7 Dentista Manresa especializado en urgencias dentales \u00b7 Dentista Manresa.","breadcrumb":{"@id":"https:\/\/centredentalsantfruitos.com\/es\/urgencies-dentales\/#breadcrumb"},"inLanguage":"es","potentialAction":[{"@type":"ReadAction","target":["https:\/\/centredentalsantfruitos.com\/es\/urgencies-dentales\/"]}]},{"@type":"ImageObject","inLanguage":"es","@id":"https:\/\/centredentalsantfruitos.com\/es\/urgencies-dentales\/#primaryimage","url":"https:\/\/centredentalsantfruitos.com\/wp-content\/uploads\/2022\/10\/12_URGENCIES_Dentals_sant_fruitos_de_Bageas.jpg","contentUrl":"https:\/\/centredentalsantfruitos.com\/wp-content\/uploads\/2022\/10\/12_URGENCIES_Dentals_sant_fruitos_de_Bageas.jpg","width":1280,"height":720},{"@type":"BreadcrumbList","@id":"https:\/\/centredentalsantfruitos.com\/es\/urgencies-dentales\/#breadcrumb","itemListElement":[{"@type":"ListItem","position":1,"name":"Home","item":"https:\/\/centredentalsantfruitos.com\/es\/"},{"@type":"ListItem","position":2,"name":"Urgencias Dentales"}]},{"@type":"WebSite","@id":"https:\/\/centredentalsantfruitos.com\/#website","url":"https:\/\/centredentalsantfruitos.com\/","name":"Centre Dental Sant Fruit\u00f3s","description":"El teu centre dental de refer\u00e8ncia a Sant Fruit\u00f3s de Bages.","publisher":{"@id":"https:\/\/centredentalsantfruitos.com\/#organization"},"potentialAction":[{"@type":"SearchAction","target":{"@type":"EntryPoint","urlTemplate":"https:\/\/centredentalsantfruitos.com\/?s={search_term_string}"},"query-input":{"@type":"PropertyValueSpecification","valueRequired":true,"valueName":"search_term_string"}}],"inLanguage":"es"},{"@type":"Organization","@id":"https:\/\/centredentalsantfruitos.com\/#organization","name":"Centre Dental Sant Fruit\u00f3s","url":"https:\/\/centredentalsantfruitos.com\/","logo":{"@type":"ImageObject","inLanguage":"es","@id":"https:\/\/centredentalsantfruitos.com\/#\/schema\/logo\/image\/","url":"https:\/\/centredentalsantfruitos.com\/wp-content\/uploads\/2022\/11\/cdsf_logo-1.png","contentUrl":"https:\/\/centredentalsantfruitos.com\/wp-content\/uploads\/2022\/11\/cdsf_logo-1.png","width":132,"height":28,"caption":"Centre Dental Sant Fruit\u00f3s"},"image":{"@id":"https:\/\/centredentalsantfruitos.com\/#\/schema\/logo\/image\/"}}]}},"_links":{"self":[{"href":"https:\/\/centredentalsantfruitos.com\/es\/wp-json\/wp\/v2\/pages\/16980","targetHints":{"allow":["GET"]}}],"collection":[{"href":"https:\/\/centredentalsantfruitos.com\/es\/wp-json\/wp\/v2\/pages"}],"about":[{"href":"https:\/\/centredentalsantfruitos.com\/es\/wp-json\/wp\/v2\/types\/page"}],"author":[{"embeddable":true,"href":"https:\/\/centredentalsantfruitos.com\/es\/wp-json\/wp\/v2\/users\/4"}],"replies":[{"embeddable":true,"href":"https:\/\/centredentalsantfruitos.com\/es\/wp-json\/wp\/v2\/comments?post=16980"}],"version-history":[{"count":0,"href":"https:\/\/centredentalsantfruitos.com\/es\/wp-json\/wp\/v2\/pages\/16980\/revisions"}],"wp:featuredmedia":[{"embeddable":true,"href":"https:\/\/centredentalsantfruitos.com\/es\/wp-json\/wp\/v2\/media\/16782"}],"wp:attachment":[{"href":"https:\/\/centredentalsantfruitos.com\/es\/wp-json\/wp\/v2\/media?parent=16980"}],"curies":[{"name":"wp","href":"https:\/\/api.w.org\/{rel}","templated":true}]}}