{"id":16983,"date":"2024-07-04T10:59:35","date_gmt":"2024-07-04T08:59:35","guid":{"rendered":"https:\/\/centredentalsantfruitos.com\/?page_id=16983"},"modified":"2025-01-10T21:45:57","modified_gmt":"2025-01-10T20:45:57","slug":"cirugia-dental","status":"publish","type":"page","link":"https:\/\/centredentalsantfruitos.com\/es\/cirugia-dental\/","title":{"rendered":"Cirug\u00eda Dental"},"content":{"rendered":"<div class=\"wpb-content-wrapper\"><p>[vc_row top_padding=\u00bb50&#8243; bottom_padding=\u00bb50&#8243;][vc_column column_center=\u00bbtrue\u00bb width=\u00bb1\/2&#8243;]<div class=\"single_image wpb_content_element align-left    \" data-animation=\"none\" data-delay=\"0\"><img loading=\"lazy\" decoding=\"async\" width=\"1280\" height=\"720\" src=\"https:\/\/centredentalsantfruitos.com\/wp-content\/uploads\/2022\/10\/11_CIRURGIA_DENTAL_sant_Fruitos_de_Bages.jpg\" class=\"attachment-full\" alt=\"Cirug\u00eda Dental\" title=\"11_CIRURGIA_DENTAL_sant_Fruitos_de_Bages\" srcset=\"https:\/\/centredentalsantfruitos.com\/wp-content\/uploads\/2022\/10\/11_CIRURGIA_DENTAL_sant_Fruitos_de_Bages.jpg 1280w, https:\/\/centredentalsantfruitos.com\/wp-content\/uploads\/2022\/10\/11_CIRURGIA_DENTAL_sant_Fruitos_de_Bages-300x169.jpg 300w, https:\/\/centredentalsantfruitos.com\/wp-content\/uploads\/2022\/10\/11_CIRURGIA_DENTAL_sant_Fruitos_de_Bages-1024x576.jpg 1024w, https:\/\/centredentalsantfruitos.com\/wp-content\/uploads\/2022\/10\/11_CIRURGIA_DENTAL_sant_Fruitos_de_Bages-768x432.jpg 768w, https:\/\/centredentalsantfruitos.com\/wp-content\/uploads\/2022\/10\/11_CIRURGIA_DENTAL_sant_Fruitos_de_Bages-1000x563.jpg 1000w\" sizes=\"auto, (max-width: 1280px) 100vw, 1280px\" \/><\/div>[\/vc_column][vc_column column_center=\u00bbtrue\u00bb width=\u00bb1\/2&#8243;]<h1 class=\"headline font-special fontsize-xl fontweight-700 lh-inherit align-center transform-uppercase \" style=\"margin: 0 0 20px 0;\">Cirug\u00eda Dental<\/h1><div class=\"divider divider8\" style='margin:10px 0 10px 0 !important;'><\/div><div class=\"headline font-special fontsize-s fontweight-600 lh-inherit align-center transform-inherit \" style=\"margin: 0 0 20px 0;\">\u00abEvitar el dolor y facilitar la intervenci\u00f3n\u00bb<\/div>[\/vc_column][\/vc_row][vc_row top_padding=\u00bb40&#8243; bottom_padding=\u00bb20&#8243;][vc_column width=\u00bb1\/1&#8243;]<h2 class=\"headline font-special fontsize-m fontweight-700 lh-inherit align-center transform-uppercase \" style=\"margin: 0 0 20px 0;\">Especialistas en cirug\u00eda dental en Sant Fruit\u00f3s y Manresa<\/h2>[\/vc_column][\/vc_row][vc_row top_padding=\u00bb20&#8243; bottom_padding=\u00bb40&#8243;][vc_column width=\u00bb1\/1&#8243;][vc_column_text]Es un procedimiento muy com\u00fan en las cl\u00ednicas dentales la intervenci\u00f3n quir\u00fargica de la boca de forma r\u00e1pida y segura, tanto en dientes y mucosas como en tejidos accesorios, con el fin de solucionar o romper elementos anat\u00f3micos patol\u00f3gicos. Cirug\u00edas hay de muchos tipos, unas m\u00e1s generales que otras y de complejidad variable.[\/vc_column_text][vc_column_text]Algunas de las cirug\u00edas m\u00e1s destacadas son la colocaci\u00f3n de implantes dentales, la reconstrucci\u00f3n de mand\u00edbula, las extracciones dentales, las cirug\u00edas mandibulares curativas, el injerto del hueso\u2026[\/vc_column_text][\/vc_column][\/vc_row][vc_row top_padding=\u00bb20&#8243; bottom_padding=\u00bb40&#8243;][vc_column width=\u00bb1\/1&#8243;][vc_column_text]<\/p>\n<h2>Cirug\u00eda Dental en Sant Fruit\u00f3s del Bages \u2013 Expertos en Salud Bucal<\/h2>\n<p>[\/vc_column_text][vc_column_text]En <em>Centre Dental Sant Fruit\u00f3s<\/em>, somos especialistas en <strong>cirug\u00eda dental<\/strong> avanzada, ofreciendo soluciones personalizadas para garantizar una sonrisa saludable y funcional. Nuestra cl\u00ednica, ubicada en el coraz\u00f3n de <strong>Sant Fruit\u00f3s del Bages<\/strong>, combina experiencia, tecnolog\u00eda de vanguardia y un enfoque humano para cuidar de tu salud bucal.[\/vc_column_text][\/vc_column][\/vc_row][vc_row top_padding=\u00bb20&#8243; bottom_padding=\u00bb40&#8243;][vc_column width=\u00bb1\/1&#8243;][vc_column_text]<\/p>\n<h2>\u00bfQu\u00e9 tratamientos de cirug\u00eda dental ofrecemos?<\/h2>\n<p>[\/vc_column_text][vc_column_text]En nuestra cl\u00ednica dental, contamos con un equipo altamente cualificado para realizar una amplia gama de procedimientos quir\u00fargicos, entre los que se incluyen:<\/p>\n<ul>\n<li><strong>Extracci\u00f3n de muelas del juicio<\/strong>: Procedimientos seguros y sin dolor.<\/li>\n<li><strong>Implantes dentales<\/strong>: Recupera tu sonrisa con pr\u00f3tesis seguras y duraderas.<\/li>\n<li><strong>Cirug\u00eda periodontal<\/strong>: Tratamientos para las enc\u00edas que previenen y corrigen la periodontitis.<\/li>\n<li><strong>Elevaci\u00f3n de seno maxilar<\/strong>: Preparaci\u00f3n \u00f3sea para colocaci\u00f3n de implantes.<\/li>\n<li><strong>Apicectom\u00edas<\/strong>: Eliminaci\u00f3n de infecciones radiculares.<\/li>\n<\/ul>\n<p>[\/vc_column_text][\/vc_column][\/vc_row][vc_row top_padding=\u00bb20&#8243; bottom_padding=\u00bb40&#8243;][vc_column width=\u00bb1\/1&#8243;][vc_column_text]<\/p>\n<h3>Por qu\u00e9 elegirnos para tu cirug\u00eda dental en Sant Fruit\u00f3s del Bages<\/h3>\n<p>[\/vc_column_text][vc_column_text]En <em>Centre Dental Sant Fruit\u00f3s<\/em>, te ofrecemos:<\/p>\n<ul>\n<li><strong>Atenci\u00f3n personalizada<\/strong>: Nos adaptamos a tus necesidades y prioridades.<\/li>\n<li><strong>Instalaciones modernas<\/strong>: Tecnolog\u00eda avanzada para garantizar resultados de calidad.<\/li>\n<li><strong>Equipo experto<\/strong>: Cirujanos dentales con amplia experiencia y formaci\u00f3n continua.<\/li>\n<\/ul>\n<p>[\/vc_column_text][\/vc_column][\/vc_row][vc_row top_padding=\u00bb20&#8243; bottom_padding=\u00bb40&#8243;][vc_column width=\u00bb1\/1&#8243;][vc_column_text]<\/p>\n<h2>Tu cl\u00ednica de confianza en Sant Fruit\u00f3s del Bages<\/h2>\n<p>[\/vc_column_text][vc_column_text]Sabemos que someterse a una cirug\u00eda dental puede generar inquietudes. Por eso, en <em>Centre Dental Sant Fruit\u00f3s<\/em> cuidamos de ti desde el primer momento, resolviendo tus dudas y asegur\u00e1ndonos de que te sientas c\u00f3modo en todo momento.<\/p>\n<p>\u00bfEst\u00e1s buscando un equipo profesional de cirug\u00eda dental en <strong>Sant Fruit\u00f3s del Bages<\/strong>? \u00a1Ll\u00e1manos o reserva tu cita online! En <em>Centre Dental Sant Fruit\u00f3s<\/em>, estamos comprometidos con tu salud y bienestar dental.[\/vc_column_text][\/vc_column][\/vc_row][vc_row type=\u00bbfull_width_section\u00bb bg_image=\u00bb16630&#8243; text_color=\u00bblight\u00bb top_padding=\u00bb40&#8243; bottom_padding=\u00bb40&#8243;][vc_column width=\u00bb1\/4&#8243;][\/vc_column][vc_column column_center=\u00bbtrue\u00bb width=\u00bb1\/2&#8243;]<div class=\"headline font-special fontsize-l fontweight-700 lh-inherit align-center transform-uppercase \" style=\"margin: 0 0 20px 0;\">Solicita Informaci\u00f3n<\/div>[vc_raw_html]JTVCY29udGFjdC1mb3JtLTclMjBpZCUzRCUyMjY0NzU0YjQlMjIlMjB0aXRsZSUzRCUyMkZvcm11bGFyaW8lMjBkZSUyMGNvbnRhY3RvJTIwMV9lcyUyMiU1RA==[\/vc_raw_html][\/vc_column][vc_column width=\u00bb1\/4&#8243;][\/vc_column][\/vc_row]<\/p>\n<\/div>","protected":false},"excerpt":{"rendered":"<p>[vc_row top_padding=\u00bb50&#8243; bottom_padding=\u00bb50&#8243;][vc_column column_center=\u00bbtrue\u00bb width=\u00bb1\/2&#8243;][\/vc_column][vc_column column_center=\u00bbtrue\u00bb width=\u00bb1\/2&#8243;][\/vc_column][\/vc_row][vc_row top_padding=\u00bb40&#8243; bottom_padding=\u00bb20&#8243;][vc_column width=\u00bb1\/1&#8243;][\/vc_column][\/vc_row][vc_row top_padding=\u00bb20&#8243; bottom_padding=\u00bb40&#8243;][vc_column width=\u00bb1\/1&#8243;][vc_column_text]Es un procedimiento muy com\u00fan en las cl\u00ednicas dentales la intervenci\u00f3n quir\u00fargica de la boca de forma r\u00e1pida y segura, tanto en dientes y mucosas como en tejidos accesorios, con el fin de solucionar o romper elementos anat\u00f3micos patol\u00f3gicos. Cirug\u00edas hay de muchos tipos, unas m\u00e1s generales que otras y de complejidad variable.[\/vc_column_text][vc_column_text]Algunas de las cirug\u00edas m\u00e1s destacadas son la colocaci\u00f3n de implantes dentales, la reconstrucci\u00f3n de mand\u00edbula, las extracciones dentales, las cirug\u00edas mandibulares curativas, el injerto del hueso\u2026[\/vc_column_text][\/vc_column][\/vc_row][vc_row top_padding=\u00bb20&#8243; bottom_padding=\u00bb40&#8243;][vc_column width=\u00bb1\/1&#8243;][vc_column_text] Cirug\u00eda Dental en Sant Fruit\u00f3s del Bages \u2013 Expertos en Salud Bucal [\/vc_column_text][vc_column_text]En Centre Dental Sant Fruit\u00f3s, somos especialistas en cirug\u00eda dental avanzada, ofreciendo soluciones personalizadas para garantizar una sonrisa saludable y funcional. Nuestra cl\u00ednica, ubicada en el coraz\u00f3n de Sant Fruit\u00f3s del Bages, combina experiencia, tecnolog\u00eda de vanguardia y un enfoque humano para cuidar de tu salud bucal.[\/vc_column_text][\/vc_column][\/vc_row][vc_row top_padding=\u00bb20&#8243; bottom_padding=\u00bb40&#8243;][vc_column width=\u00bb1\/1&#8243;][vc_column_text] \u00bfQu\u00e9 tratamientos de cirug\u00eda dental ofrecemos? [\/vc_column_text][vc_column_text]En nuestra cl\u00ednica dental, contamos con un equipo altamente cualificado para realizar una amplia gama de procedimientos quir\u00fargicos, entre los que se incluyen: Extracci\u00f3n de muelas del juicio: Procedimientos seguros y sin dolor. Implantes dentales: Recupera tu sonrisa [&hellip;]<\/p>\n","protected":false},"author":3,"featured_media":16786,"parent":0,"menu_order":0,"comment_status":"closed","ping_status":"closed","template":"","meta":{"_mbp_gutenberg_autopost":false,"footnotes":""},"class_list":["post-16983","page","type-page","status-publish","has-post-thumbnail","hentry"],"yoast_head":"<!-- This site is optimized with the Yoast SEO plugin v24.8.1 - https:\/\/yoast.com\/wordpress\/plugins\/seo\/ -->\n<title>Cirug\u00eda Dental | Centre Dental Sant Fruit\u00f3s<\/title>\n<meta name=\"description\" content=\"Cirug\u00eda Dental \u00b7 Centre Dental Sant Fruit\u00f3s \u00b7 Dentista en Manresa especialidad en Cirug\u00eda Dental \u00b7 Dentista en el Bages.\" \/>\n<meta name=\"robots\" content=\"index, follow, max-snippet:-1, max-image-preview:large, max-video-preview:-1\" \/>\n<link rel=\"canonical\" href=\"https:\/\/centredentalsantfruitos.com\/es\/cirugia-dental\/\" \/>\n<meta property=\"og:locale\" content=\"es_ES\" \/>\n<meta property=\"og:type\" content=\"article\" \/>\n<meta property=\"og:title\" content=\"Cirug\u00eda Dental | Centre Dental Sant Fruit\u00f3s\" \/>\n<meta property=\"og:description\" content=\"Cirug\u00eda Dental \u00b7 Centre Dental Sant Fruit\u00f3s \u00b7 Dentista en Manresa especialidad en Cirug\u00eda Dental \u00b7 Dentista en el Bages.\" \/>\n<meta property=\"og:url\" content=\"https:\/\/centredentalsantfruitos.com\/es\/cirugia-dental\/\" \/>\n<meta property=\"og:site_name\" content=\"Centre dental Sant Fruit\u00f3s\" \/>\n<meta property=\"article:modified_time\" content=\"2025-01-10T20:45:57+00:00\" \/>\n<meta property=\"og:image\" content=\"https:\/\/centredentalsantfruitos.com\/wp-content\/uploads\/2022\/10\/11_CIRURGIA_DENTAL_sant_Fruitos_de_Bages.jpg\" \/>\n\t<meta property=\"og:image:width\" content=\"1280\" \/>\n\t<meta property=\"og:image:height\" content=\"720\" \/>\n\t<meta property=\"og:image:type\" content=\"image\/jpeg\" \/>\n<meta name=\"twitter:card\" content=\"summary_large_image\" \/>\n<meta name=\"twitter:label1\" content=\"Tiempo de lectura\" \/>\n\t<meta name=\"twitter:data1\" content=\"3 minutos\" \/>\n<script type=\"application\/ld+json\" class=\"yoast-schema-graph\">{\"@context\":\"https:\/\/schema.org\",\"@graph\":[{\"@type\":\"WebPage\",\"@id\":\"https:\/\/centredentalsantfruitos.com\/es\/cirugia-dental\/\",\"url\":\"https:\/\/centredentalsantfruitos.com\/es\/cirugia-dental\/\",\"name\":\"Cirug\u00eda Dental | Centre Dental Sant Fruit\u00f3s\",\"isPartOf\":{\"@id\":\"https:\/\/centredentalsantfruitos.com\/#website\"},\"primaryImageOfPage\":{\"@id\":\"https:\/\/centredentalsantfruitos.com\/es\/cirugia-dental\/#primaryimage\"},\"image\":{\"@id\":\"https:\/\/centredentalsantfruitos.com\/es\/cirugia-dental\/#primaryimage\"},\"thumbnailUrl\":\"https:\/\/centredentalsantfruitos.com\/wp-content\/uploads\/2022\/10\/11_CIRURGIA_DENTAL_sant_Fruitos_de_Bages.jpg\",\"datePublished\":\"2024-07-04T08:59:35+00:00\",\"dateModified\":\"2025-01-10T20:45:57+00:00\",\"description\":\"Cirug\u00eda Dental \u00b7 Centre Dental Sant Fruit\u00f3s \u00b7 Dentista en Manresa especialidad en Cirug\u00eda Dental \u00b7 Dentista en el Bages.\",\"breadcrumb\":{\"@id\":\"https:\/\/centredentalsantfruitos.com\/es\/cirugia-dental\/#breadcrumb\"},\"inLanguage\":\"es\",\"potentialAction\":[{\"@type\":\"ReadAction\",\"target\":[\"https:\/\/centredentalsantfruitos.com\/es\/cirugia-dental\/\"]}]},{\"@type\":\"ImageObject\",\"inLanguage\":\"es\",\"@id\":\"https:\/\/centredentalsantfruitos.com\/es\/cirugia-dental\/#primaryimage\",\"url\":\"https:\/\/centredentalsantfruitos.com\/wp-content\/uploads\/2022\/10\/11_CIRURGIA_DENTAL_sant_Fruitos_de_Bages.jpg\",\"contentUrl\":\"https:\/\/centredentalsantfruitos.com\/wp-content\/uploads\/2022\/10\/11_CIRURGIA_DENTAL_sant_Fruitos_de_Bages.jpg\",\"width\":1280,\"height\":720,\"caption\":\"Cirug\u00eda Dental\"},{\"@type\":\"BreadcrumbList\",\"@id\":\"https:\/\/centredentalsantfruitos.com\/es\/cirugia-dental\/#breadcrumb\",\"itemListElement\":[{\"@type\":\"ListItem\",\"position\":1,\"name\":\"Home\",\"item\":\"https:\/\/centredentalsantfruitos.com\/es\/\"},{\"@type\":\"ListItem\",\"position\":2,\"name\":\"Cirug\u00eda Dental\"}]},{\"@type\":\"WebSite\",\"@id\":\"https:\/\/centredentalsantfruitos.com\/#website\",\"url\":\"https:\/\/centredentalsantfruitos.com\/\",\"name\":\"Centre Dental Sant Fruit\u00f3s\",\"description\":\"El teu centre dental de refer\u00e8ncia a Sant Fruit\u00f3s de Bages.\",\"publisher\":{\"@id\":\"https:\/\/centredentalsantfruitos.com\/#organization\"},\"potentialAction\":[{\"@type\":\"SearchAction\",\"target\":{\"@type\":\"EntryPoint\",\"urlTemplate\":\"https:\/\/centredentalsantfruitos.com\/?s={search_term_string}\"},\"query-input\":{\"@type\":\"PropertyValueSpecification\",\"valueRequired\":true,\"valueName\":\"search_term_string\"}}],\"inLanguage\":\"es\"},{\"@type\":\"Organization\",\"@id\":\"https:\/\/centredentalsantfruitos.com\/#organization\",\"name\":\"Centre Dental Sant Fruit\u00f3s\",\"url\":\"https:\/\/centredentalsantfruitos.com\/\",\"logo\":{\"@type\":\"ImageObject\",\"inLanguage\":\"es\",\"@id\":\"https:\/\/centredentalsantfruitos.com\/#\/schema\/logo\/image\/\",\"url\":\"https:\/\/centredentalsantfruitos.com\/wp-content\/uploads\/2022\/11\/cdsf_logo-1.png\",\"contentUrl\":\"https:\/\/centredentalsantfruitos.com\/wp-content\/uploads\/2022\/11\/cdsf_logo-1.png\",\"width\":132,\"height\":28,\"caption\":\"Centre Dental Sant Fruit\u00f3s\"},\"image\":{\"@id\":\"https:\/\/centredentalsantfruitos.com\/#\/schema\/logo\/image\/\"}}]}<\/script>\n<!-- \/ Yoast SEO plugin. -->","yoast_head_json":{"title":"Cirug\u00eda Dental | Centre Dental Sant Fruit\u00f3s","description":"Cirug\u00eda Dental \u00b7 Centre Dental Sant Fruit\u00f3s \u00b7 Dentista en Manresa especialidad en Cirug\u00eda Dental \u00b7 Dentista en el Bages.","robots":{"index":"index","follow":"follow","max-snippet":"max-snippet:-1","max-image-preview":"max-image-preview:large","max-video-preview":"max-video-preview:-1"},"canonical":"https:\/\/centredentalsantfruitos.com\/es\/cirugia-dental\/","og_locale":"es_ES","og_type":"article","og_title":"Cirug\u00eda Dental | Centre Dental Sant Fruit\u00f3s","og_description":"Cirug\u00eda Dental \u00b7 Centre Dental Sant Fruit\u00f3s \u00b7 Dentista en Manresa especialidad en Cirug\u00eda Dental \u00b7 Dentista en el Bages.","og_url":"https:\/\/centredentalsantfruitos.com\/es\/cirugia-dental\/","og_site_name":"Centre dental Sant Fruit\u00f3s","article_modified_time":"2025-01-10T20:45:57+00:00","og_image":[{"width":1280,"height":720,"url":"https:\/\/centredentalsantfruitos.com\/wp-content\/uploads\/2022\/10\/11_CIRURGIA_DENTAL_sant_Fruitos_de_Bages.jpg","type":"image\/jpeg"}],"twitter_card":"summary_large_image","twitter_misc":{"Tiempo de lectura":"3 minutos"},"schema":{"@context":"https:\/\/schema.org","@graph":[{"@type":"WebPage","@id":"https:\/\/centredentalsantfruitos.com\/es\/cirugia-dental\/","url":"https:\/\/centredentalsantfruitos.com\/es\/cirugia-dental\/","name":"Cirug\u00eda Dental | Centre Dental Sant Fruit\u00f3s","isPartOf":{"@id":"https:\/\/centredentalsantfruitos.com\/#website"},"primaryImageOfPage":{"@id":"https:\/\/centredentalsantfruitos.com\/es\/cirugia-dental\/#primaryimage"},"image":{"@id":"https:\/\/centredentalsantfruitos.com\/es\/cirugia-dental\/#primaryimage"},"thumbnailUrl":"https:\/\/centredentalsantfruitos.com\/wp-content\/uploads\/2022\/10\/11_CIRURGIA_DENTAL_sant_Fruitos_de_Bages.jpg","datePublished":"2024-07-04T08:59:35+00:00","dateModified":"2025-01-10T20:45:57+00:00","description":"Cirug\u00eda Dental \u00b7 Centre Dental Sant Fruit\u00f3s \u00b7 Dentista en Manresa especialidad en Cirug\u00eda Dental \u00b7 Dentista en el Bages.","breadcrumb":{"@id":"https:\/\/centredentalsantfruitos.com\/es\/cirugia-dental\/#breadcrumb"},"inLanguage":"es","potentialAction":[{"@type":"ReadAction","target":["https:\/\/centredentalsantfruitos.com\/es\/cirugia-dental\/"]}]},{"@type":"ImageObject","inLanguage":"es","@id":"https:\/\/centredentalsantfruitos.com\/es\/cirugia-dental\/#primaryimage","url":"https:\/\/centredentalsantfruitos.com\/wp-content\/uploads\/2022\/10\/11_CIRURGIA_DENTAL_sant_Fruitos_de_Bages.jpg","contentUrl":"https:\/\/centredentalsantfruitos.com\/wp-content\/uploads\/2022\/10\/11_CIRURGIA_DENTAL_sant_Fruitos_de_Bages.jpg","width":1280,"height":720,"caption":"Cirug\u00eda Dental"},{"@type":"BreadcrumbList","@id":"https:\/\/centredentalsantfruitos.com\/es\/cirugia-dental\/#breadcrumb","itemListElement":[{"@type":"ListItem","position":1,"name":"Home","item":"https:\/\/centredentalsantfruitos.com\/es\/"},{"@type":"ListItem","position":2,"name":"Cirug\u00eda Dental"}]},{"@type":"WebSite","@id":"https:\/\/centredentalsantfruitos.com\/#website","url":"https:\/\/centredentalsantfruitos.com\/","name":"Centre Dental Sant Fruit\u00f3s","description":"El teu centre dental de refer\u00e8ncia a Sant Fruit\u00f3s de Bages.","publisher":{"@id":"https:\/\/centredentalsantfruitos.com\/#organization"},"potentialAction":[{"@type":"SearchAction","target":{"@type":"EntryPoint","urlTemplate":"https:\/\/centredentalsantfruitos.com\/?s={search_term_string}"},"query-input":{"@type":"PropertyValueSpecification","valueRequired":true,"valueName":"search_term_string"}}],"inLanguage":"es"},{"@type":"Organization","@id":"https:\/\/centredentalsantfruitos.com\/#organization","name":"Centre Dental Sant Fruit\u00f3s","url":"https:\/\/centredentalsantfruitos.com\/","logo":{"@type":"ImageObject","inLanguage":"es","@id":"https:\/\/centredentalsantfruitos.com\/#\/schema\/logo\/image\/","url":"https:\/\/centredentalsantfruitos.com\/wp-content\/uploads\/2022\/11\/cdsf_logo-1.png","contentUrl":"https:\/\/centredentalsantfruitos.com\/wp-content\/uploads\/2022\/11\/cdsf_logo-1.png","width":132,"height":28,"caption":"Centre Dental Sant Fruit\u00f3s"},"image":{"@id":"https:\/\/centredentalsantfruitos.com\/#\/schema\/logo\/image\/"}}]}},"_links":{"self":[{"href":"https:\/\/centredentalsantfruitos.com\/es\/wp-json\/wp\/v2\/pages\/16983","targetHints":{"allow":["GET"]}}],"collection":[{"href":"https:\/\/centredentalsantfruitos.com\/es\/wp-json\/wp\/v2\/pages"}],"about":[{"href":"https:\/\/centredentalsantfruitos.com\/es\/wp-json\/wp\/v2\/types\/page"}],"author":[{"embeddable":true,"href":"https:\/\/centredentalsantfruitos.com\/es\/wp-json\/wp\/v2\/users\/3"}],"replies":[{"embeddable":true,"href":"https:\/\/centredentalsantfruitos.com\/es\/wp-json\/wp\/v2\/comments?post=16983"}],"version-history":[{"count":1,"href":"https:\/\/centredentalsantfruitos.com\/es\/wp-json\/wp\/v2\/pages\/16983\/revisions"}],"predecessor-version":[{"id":17471,"href":"https:\/\/centredentalsantfruitos.com\/es\/wp-json\/wp\/v2\/pages\/16983\/revisions\/17471"}],"wp:featuredmedia":[{"embeddable":true,"href":"https:\/\/centredentalsantfruitos.com\/es\/wp-json\/wp\/v2\/media\/16786"}],"wp:attachment":[{"href":"https:\/\/centredentalsantfruitos.com\/es\/wp-json\/wp\/v2\/media?parent=16983"}],"curies":[{"name":"wp","href":"https:\/\/api.w.org\/{rel}","templated":true}]}}