{"id":16998,"date":"2024-06-12T13:59:38","date_gmt":"2024-06-12T11:59:38","guid":{"rendered":"https:\/\/centredentalsantfruitos.com\/?page_id=16998"},"modified":"2025-01-10T21:40:15","modified_gmt":"2025-01-10T20:40:15","slug":"blanqueamiento-dental","status":"publish","type":"page","link":"https:\/\/centredentalsantfruitos.com\/es\/blanqueamiento-dental\/","title":{"rendered":"Blanqueamiento Dental"},"content":{"rendered":"<div class=\"wpb-content-wrapper\"><p>[vc_row top_padding=\u00bb50&#8243; bottom_padding=\u00bb50&#8243;][vc_column column_center=\u00bbtrue\u00bb width=\u00bb1\/2&#8243;]<div class=\"single_image wpb_content_element align-left    \" data-animation=\"none\" data-delay=\"0\"><img loading=\"lazy\" decoding=\"async\" width=\"1280\" height=\"720\" src=\"https:\/\/centredentalsantfruitos.com\/wp-content\/uploads\/2022\/10\/16_BLANQUEJAMENTS_sant_fruitos_de_bages.jpg\" class=\"attachment-full\" alt=\"blanqueamiento dental en sant fruitos y manresa\" title=\"16_BLANQUEJAMENTS_sant_fruitos_de_bages\" srcset=\"https:\/\/centredentalsantfruitos.com\/wp-content\/uploads\/2022\/10\/16_BLANQUEJAMENTS_sant_fruitos_de_bages.jpg 1280w, https:\/\/centredentalsantfruitos.com\/wp-content\/uploads\/2022\/10\/16_BLANQUEJAMENTS_sant_fruitos_de_bages-300x169.jpg 300w, https:\/\/centredentalsantfruitos.com\/wp-content\/uploads\/2022\/10\/16_BLANQUEJAMENTS_sant_fruitos_de_bages-1024x576.jpg 1024w, https:\/\/centredentalsantfruitos.com\/wp-content\/uploads\/2022\/10\/16_BLANQUEJAMENTS_sant_fruitos_de_bages-768x432.jpg 768w, https:\/\/centredentalsantfruitos.com\/wp-content\/uploads\/2022\/10\/16_BLANQUEJAMENTS_sant_fruitos_de_bages-1000x563.jpg 1000w\" sizes=\"auto, (max-width: 1280px) 100vw, 1280px\" \/><\/div>[\/vc_column][vc_column column_center=\u00bbtrue\u00bb width=\u00bb1\/2&#8243;]<h1 class=\"headline font-special fontsize-xl fontweight-700 lh-inherit align-center transform-uppercase \" style=\"margin: 0 0 20px 0;\">Blanqueamiento Dental<\/h1><div class=\"divider divider8\" style='margin:10px 0 10px 0 !important;'><\/div><div class=\"headline font-special fontsize-s fontweight-600 lh-inherit align-center transform-inherit \" style=\"margin: 0 0 20px 0;\">\u00abConseguir unos dientes visiblemente m\u00e1s blancos\u00bb<\/div>[\/vc_column][\/vc_row][vc_row top_padding=\u00bb40&#8243; bottom_padding=\u00bb20&#8243;][vc_column width=\u00bb1\/1&#8243;]<h2 class=\"headline font-special fontsize-m fontweight-700 lh-inherit align-center transform-uppercase \" style=\"margin: 0 0 20px 0;\">Especialistas en blanqueamiento Dental en Sant Fruit\u00f3s y Manresa<\/h2>[\/vc_column][\/vc_row][vc_row top_padding=\u00bb20&#8243; bottom_padding=\u00bb40&#8243;][vc_column width=\u00bb1\/1&#8243;][vc_column_text]En <strong>Centre Dental Sant Fruit\u00f3s del Bages<\/strong>, somos especialistas en <strong>blanqueamiento dental profesional<\/strong>. Nuestro objetivo es ayudarte a lograr una sonrisa m\u00e1s luminosa y saludable con tratamientos personalizados y de alta calidad, adecuados para todos los tipos de pacientes. Ubicados en el coraz\u00f3n de <strong>Sant Fruit\u00f3s del Bages<\/strong>, ofrecemos soluciones seguras y efectivas para mejorar el color de tus dientes de manera r\u00e1pida y duradera.[\/vc_column_text][vc_column_text]Se trata de un tratamiento de est\u00e9tica dental muy popular que tiene como objetivo despejar el tono de la dentadura. Para poder conseguir un color m\u00e1s brillante es necesario repetir en varias sesiones el tratamiento y, sobre todo, dejar algunos h\u00e1bitos que perjudican los resultados como son el tabaco o ciertos alimentos y bebidas.[\/vc_column_text][vc_column_text]El blanqueamiento ofrece unos resultados r\u00e1pidos por el hecho de aplicar un gel blanqueador con per\u00f3xido de hidr\u00f3geno sobre cada diente y adherirle luz LED. Es un proceso indoloro que, adem\u00e1s, mejora la confianza y la autoestima del paciente.[\/vc_column_text][\/vc_column][\/vc_row][vc_row top_padding=\u00bb20&#8243; bottom_padding=\u00bb40&#8243;][vc_column width=\u00bb1\/1&#8243;][vc_column_text]<\/p>\n<h2>\u00bfPor qu\u00e9 elegir el blanqueamiento dental en Centre Dental Sant Fruit\u00f3s?<\/h2>\n<p>[\/vc_column_text][vc_column_text]Contamos con un equipo de odont\u00f3logos altamente cualificados y la \u00faltima tecnolog\u00eda en tratamientos de blanqueamiento. Nuestros procedimientos se adaptan a tus necesidades, y en una sola sesi\u00f3n podr\u00e1s notar la diferencia en el brillo y la est\u00e9tica de tu sonrisa. Utilizamos productos de m\u00e1xima calidad y t\u00e9cnicas avanzadas que respetan la salud de tus dientes y enc\u00edas.[\/vc_column_text][\/vc_column][\/vc_row][vc_row top_padding=\u00bb20&#8243; bottom_padding=\u00bb40&#8243;][vc_column width=\u00bb1\/1&#8243;][vc_column_text]<\/p>\n<h2>Ventajas del Blanqueamiento Dental Profesional<\/h2>\n<p>[\/vc_column_text][vc_column_text]<\/p>\n<ul>\n<li><strong>Resultados inmediatos y visibles<\/strong>: Notar\u00e1s una sonrisa m\u00e1s blanca en tan solo una sesi\u00f3n.<\/li>\n<li><strong>Procedimientos seguros<\/strong>: Garantizamos un tratamiento supervisado que protege la integridad del esmalte.<\/li>\n<li><strong>Adaptado a cada paciente<\/strong>: Creamos un plan de blanqueamiento personalizado para obtener los mejores resultados.<\/li>\n<li><strong>Tecnolog\u00eda de vanguardia<\/strong>: Equipamiento moderno que maximiza la efectividad del tratamiento.<\/li>\n<\/ul>\n<p>[\/vc_column_text][\/vc_column][\/vc_row][vc_row top_padding=\u00bb20&#8243; bottom_padding=\u00bb40&#8243;][vc_column width=\u00bb1\/1&#8243;][vc_column_text]<\/p>\n<h3>\u00bfEs seguro el blanqueamiento dental?<\/h3>\n<p>[\/vc_column_text][vc_column_text]En <strong>Centre Dental Sant Fruit\u00f3s del Bages<\/strong>, aseguramos la seguridad de nuestros pacientes a trav\u00e9s de un diagn\u00f3stico inicial en el que evaluamos la salud dental de cada persona. El <strong>blanqueamiento dental en Sant Fruit\u00f3s<\/strong> es un procedimiento no invasivo que se realiza bajo la supervisi\u00f3n de expertos, garantizando una experiencia sin dolor y con resultados naturales.[\/vc_column_text][\/vc_column][\/vc_row][vc_row top_padding=\u00bb20&#8243; bottom_padding=\u00bb40&#8243;][vc_column width=\u00bb1\/1&#8243;][vc_column_text]<\/p>\n<h3>Reserva tu cita de blanqueamiento dental en Sant Fruit\u00f3s del Bages<\/h3>\n<p>[\/vc_column_text][vc_column_text]\u00bfQuieres mejorar el color de tus dientes y recuperar una sonrisa radiante? En <strong>Centre Dental Sant Fruit\u00f3s<\/strong>, nos comprometemos a ofrecerte la mejor atenci\u00f3n y los resultados que deseas. Contacta con nosotros hoy mismo y reserva tu <strong>tratamiento de blanqueamiento dental en Sant Fruit\u00f3s del Bages<\/strong>.<\/p>\n<p>Transforma tu sonrisa y gana confianza con nuestros tratamientos de blanqueamiento dental de \u00faltima generaci\u00f3n. \u00a1Te esperamos en Centre Dental Sant Fruit\u00f3s del Bages para brindarte una sonrisa m\u00e1s blanca y atractiva![\/vc_column_text][\/vc_column][\/vc_row][vc_row type=\u00bbfull_width_section\u00bb bg_image=\u00bb16630&#8243; text_color=\u00bblight\u00bb top_padding=\u00bb40&#8243; bottom_padding=\u00bb40&#8243;][vc_column width=\u00bb1\/4&#8243;][\/vc_column][vc_column column_center=\u00bbtrue\u00bb width=\u00bb1\/2&#8243;]<div class=\"headline font-special fontsize-l fontweight-700 lh-inherit align-center transform-uppercase \" style=\"margin: 0 0 20px 0;\">Solicita Informaci\u00f3n<\/div>[vc_raw_html]JTVCY29udGFjdC1mb3JtLTclMjBpZCUzRCUyMjY0NzU0YjQlMjIlMjB0aXRsZSUzRCUyMkZvcm11bGFyaW8lMjBkZSUyMGNvbnRhY3RvJTIwMV9lcyUyMiU1RA==[\/vc_raw_html][\/vc_column][vc_column width=\u00bb1\/4&#8243;][\/vc_column][\/vc_row]<\/p>\n<\/div>","protected":false},"excerpt":{"rendered":"<p>[vc_row top_padding=\u00bb50&#8243; bottom_padding=\u00bb50&#8243;][vc_column column_center=\u00bbtrue\u00bb width=\u00bb1\/2&#8243;][\/vc_column][vc_column column_center=\u00bbtrue\u00bb width=\u00bb1\/2&#8243;][\/vc_column][\/vc_row][vc_row top_padding=\u00bb40&#8243; bottom_padding=\u00bb20&#8243;][vc_column width=\u00bb1\/1&#8243;][\/vc_column][\/vc_row][vc_row top_padding=\u00bb20&#8243; bottom_padding=\u00bb40&#8243;][vc_column width=\u00bb1\/1&#8243;][vc_column_text]En Centre Dental Sant Fruit\u00f3s del Bages, somos especialistas en blanqueamiento dental profesional. Nuestro objetivo es ayudarte a lograr una sonrisa m\u00e1s luminosa y saludable con tratamientos personalizados y de alta calidad, adecuados para todos los tipos de pacientes. Ubicados en el coraz\u00f3n de Sant Fruit\u00f3s del Bages, ofrecemos soluciones seguras y efectivas para mejorar el color de tus dientes de manera r\u00e1pida y duradera.[\/vc_column_text][vc_column_text]Se trata de un tratamiento de est\u00e9tica dental muy popular que tiene como objetivo despejar el tono de la dentadura. Para poder conseguir un color m\u00e1s brillante es necesario repetir en varias sesiones el tratamiento y, sobre todo, dejar algunos h\u00e1bitos que perjudican los resultados como son el tabaco o ciertos alimentos y bebidas.[\/vc_column_text][vc_column_text]El blanqueamiento ofrece unos resultados r\u00e1pidos por el hecho de aplicar un gel blanqueador con per\u00f3xido de hidr\u00f3geno sobre cada diente y adherirle luz LED. Es un proceso indoloro que, adem\u00e1s, mejora la confianza y la autoestima del paciente.[\/vc_column_text][\/vc_column][\/vc_row][vc_row top_padding=\u00bb20&#8243; bottom_padding=\u00bb40&#8243;][vc_column width=\u00bb1\/1&#8243;][vc_column_text] \u00bfPor qu\u00e9 elegir el blanqueamiento dental en Centre Dental Sant Fruit\u00f3s? [\/vc_column_text][vc_column_text]Contamos con un equipo de odont\u00f3logos altamente cualificados y la \u00faltima tecnolog\u00eda en tratamientos de blanqueamiento. Nuestros procedimientos [&hellip;]<\/p>\n","protected":false},"author":3,"featured_media":16798,"parent":0,"menu_order":0,"comment_status":"closed","ping_status":"closed","template":"","meta":{"_mbp_gutenberg_autopost":false,"footnotes":""},"class_list":["post-16998","page","type-page","status-publish","has-post-thumbnail","hentry"],"yoast_head":"<!-- This site is optimized with the Yoast SEO plugin v24.8.1 - https:\/\/yoast.com\/wordpress\/plugins\/seo\/ -->\n<title>Blanqueamiento Dental | Centre Dental Sant Fruit\u00f3s<\/title>\n<meta name=\"description\" content=\"Blanqueamiento Dental \u00b7 Centre Dental Sant Fruit\u00f3s de Bages \u00b7 Dentista en Manresa especializado en blanqueamientos dentales.\" \/>\n<meta name=\"robots\" content=\"index, follow, max-snippet:-1, max-image-preview:large, max-video-preview:-1\" \/>\n<link rel=\"canonical\" href=\"https:\/\/centredentalsantfruitos.com\/es\/blanqueamiento-dental\/\" \/>\n<meta property=\"og:locale\" content=\"es_ES\" \/>\n<meta property=\"og:type\" content=\"article\" \/>\n<meta property=\"og:title\" content=\"Blanqueamiento Dental | Centre Dental Sant Fruit\u00f3s\" \/>\n<meta property=\"og:description\" content=\"Blanqueamiento Dental \u00b7 Centre Dental Sant Fruit\u00f3s de Bages \u00b7 Dentista en Manresa especializado en blanqueamientos dentales.\" \/>\n<meta property=\"og:url\" content=\"https:\/\/centredentalsantfruitos.com\/es\/blanqueamiento-dental\/\" \/>\n<meta property=\"og:site_name\" content=\"Centre dental Sant Fruit\u00f3s\" \/>\n<meta property=\"article:modified_time\" content=\"2025-01-10T20:40:15+00:00\" \/>\n<meta property=\"og:image\" content=\"https:\/\/centredentalsantfruitos.com\/wp-content\/uploads\/2022\/10\/16_BLANQUEJAMENTS_sant_fruitos_de_bages.jpg\" \/>\n\t<meta property=\"og:image:width\" content=\"1280\" \/>\n\t<meta property=\"og:image:height\" content=\"720\" \/>\n\t<meta property=\"og:image:type\" content=\"image\/jpeg\" \/>\n<meta name=\"twitter:card\" content=\"summary_large_image\" \/>\n<meta name=\"twitter:label1\" content=\"Tiempo de lectura\" \/>\n\t<meta name=\"twitter:data1\" content=\"3 minutos\" \/>\n<script type=\"application\/ld+json\" class=\"yoast-schema-graph\">{\"@context\":\"https:\/\/schema.org\",\"@graph\":[{\"@type\":\"WebPage\",\"@id\":\"https:\/\/centredentalsantfruitos.com\/es\/blanqueamiento-dental\/\",\"url\":\"https:\/\/centredentalsantfruitos.com\/es\/blanqueamiento-dental\/\",\"name\":\"Blanqueamiento Dental | Centre Dental Sant Fruit\u00f3s\",\"isPartOf\":{\"@id\":\"https:\/\/centredentalsantfruitos.com\/#website\"},\"primaryImageOfPage\":{\"@id\":\"https:\/\/centredentalsantfruitos.com\/es\/blanqueamiento-dental\/#primaryimage\"},\"image\":{\"@id\":\"https:\/\/centredentalsantfruitos.com\/es\/blanqueamiento-dental\/#primaryimage\"},\"thumbnailUrl\":\"https:\/\/centredentalsantfruitos.com\/wp-content\/uploads\/2022\/10\/16_BLANQUEJAMENTS_sant_fruitos_de_bages.jpg\",\"datePublished\":\"2024-06-12T11:59:38+00:00\",\"dateModified\":\"2025-01-10T20:40:15+00:00\",\"description\":\"Blanqueamiento Dental \u00b7 Centre Dental Sant Fruit\u00f3s de Bages \u00b7 Dentista en Manresa especializado en blanqueamientos dentales.\",\"breadcrumb\":{\"@id\":\"https:\/\/centredentalsantfruitos.com\/es\/blanqueamiento-dental\/#breadcrumb\"},\"inLanguage\":\"es\",\"potentialAction\":[{\"@type\":\"ReadAction\",\"target\":[\"https:\/\/centredentalsantfruitos.com\/es\/blanqueamiento-dental\/\"]}]},{\"@type\":\"ImageObject\",\"inLanguage\":\"es\",\"@id\":\"https:\/\/centredentalsantfruitos.com\/es\/blanqueamiento-dental\/#primaryimage\",\"url\":\"https:\/\/centredentalsantfruitos.com\/wp-content\/uploads\/2022\/10\/16_BLANQUEJAMENTS_sant_fruitos_de_bages.jpg\",\"contentUrl\":\"https:\/\/centredentalsantfruitos.com\/wp-content\/uploads\/2022\/10\/16_BLANQUEJAMENTS_sant_fruitos_de_bages.jpg\",\"width\":1280,\"height\":720,\"caption\":\"blanqueamiento dental en sant fruitos y manresa\"},{\"@type\":\"BreadcrumbList\",\"@id\":\"https:\/\/centredentalsantfruitos.com\/es\/blanqueamiento-dental\/#breadcrumb\",\"itemListElement\":[{\"@type\":\"ListItem\",\"position\":1,\"name\":\"Home\",\"item\":\"https:\/\/centredentalsantfruitos.com\/es\/\"},{\"@type\":\"ListItem\",\"position\":2,\"name\":\"Blanqueamiento Dental\"}]},{\"@type\":\"WebSite\",\"@id\":\"https:\/\/centredentalsantfruitos.com\/#website\",\"url\":\"https:\/\/centredentalsantfruitos.com\/\",\"name\":\"Centre Dental Sant Fruit\u00f3s\",\"description\":\"El teu centre dental de refer\u00e8ncia a Sant Fruit\u00f3s de Bages.\",\"publisher\":{\"@id\":\"https:\/\/centredentalsantfruitos.com\/#organization\"},\"potentialAction\":[{\"@type\":\"SearchAction\",\"target\":{\"@type\":\"EntryPoint\",\"urlTemplate\":\"https:\/\/centredentalsantfruitos.com\/?s={search_term_string}\"},\"query-input\":{\"@type\":\"PropertyValueSpecification\",\"valueRequired\":true,\"valueName\":\"search_term_string\"}}],\"inLanguage\":\"es\"},{\"@type\":\"Organization\",\"@id\":\"https:\/\/centredentalsantfruitos.com\/#organization\",\"name\":\"Centre Dental Sant Fruit\u00f3s\",\"url\":\"https:\/\/centredentalsantfruitos.com\/\",\"logo\":{\"@type\":\"ImageObject\",\"inLanguage\":\"es\",\"@id\":\"https:\/\/centredentalsantfruitos.com\/#\/schema\/logo\/image\/\",\"url\":\"https:\/\/centredentalsantfruitos.com\/wp-content\/uploads\/2022\/11\/cdsf_logo-1.png\",\"contentUrl\":\"https:\/\/centredentalsantfruitos.com\/wp-content\/uploads\/2022\/11\/cdsf_logo-1.png\",\"width\":132,\"height\":28,\"caption\":\"Centre Dental Sant Fruit\u00f3s\"},\"image\":{\"@id\":\"https:\/\/centredentalsantfruitos.com\/#\/schema\/logo\/image\/\"}}]}<\/script>\n<!-- \/ Yoast SEO plugin. -->","yoast_head_json":{"title":"Blanqueamiento Dental | Centre Dental Sant Fruit\u00f3s","description":"Blanqueamiento Dental \u00b7 Centre Dental Sant Fruit\u00f3s de Bages \u00b7 Dentista en Manresa especializado en blanqueamientos dentales.","robots":{"index":"index","follow":"follow","max-snippet":"max-snippet:-1","max-image-preview":"max-image-preview:large","max-video-preview":"max-video-preview:-1"},"canonical":"https:\/\/centredentalsantfruitos.com\/es\/blanqueamiento-dental\/","og_locale":"es_ES","og_type":"article","og_title":"Blanqueamiento Dental | Centre Dental Sant Fruit\u00f3s","og_description":"Blanqueamiento Dental \u00b7 Centre Dental Sant Fruit\u00f3s de Bages \u00b7 Dentista en Manresa especializado en blanqueamientos dentales.","og_url":"https:\/\/centredentalsantfruitos.com\/es\/blanqueamiento-dental\/","og_site_name":"Centre dental Sant Fruit\u00f3s","article_modified_time":"2025-01-10T20:40:15+00:00","og_image":[{"width":1280,"height":720,"url":"https:\/\/centredentalsantfruitos.com\/wp-content\/uploads\/2022\/10\/16_BLANQUEJAMENTS_sant_fruitos_de_bages.jpg","type":"image\/jpeg"}],"twitter_card":"summary_large_image","twitter_misc":{"Tiempo de lectura":"3 minutos"},"schema":{"@context":"https:\/\/schema.org","@graph":[{"@type":"WebPage","@id":"https:\/\/centredentalsantfruitos.com\/es\/blanqueamiento-dental\/","url":"https:\/\/centredentalsantfruitos.com\/es\/blanqueamiento-dental\/","name":"Blanqueamiento Dental | Centre Dental Sant Fruit\u00f3s","isPartOf":{"@id":"https:\/\/centredentalsantfruitos.com\/#website"},"primaryImageOfPage":{"@id":"https:\/\/centredentalsantfruitos.com\/es\/blanqueamiento-dental\/#primaryimage"},"image":{"@id":"https:\/\/centredentalsantfruitos.com\/es\/blanqueamiento-dental\/#primaryimage"},"thumbnailUrl":"https:\/\/centredentalsantfruitos.com\/wp-content\/uploads\/2022\/10\/16_BLANQUEJAMENTS_sant_fruitos_de_bages.jpg","datePublished":"2024-06-12T11:59:38+00:00","dateModified":"2025-01-10T20:40:15+00:00","description":"Blanqueamiento Dental \u00b7 Centre Dental Sant Fruit\u00f3s de Bages \u00b7 Dentista en Manresa especializado en blanqueamientos dentales.","breadcrumb":{"@id":"https:\/\/centredentalsantfruitos.com\/es\/blanqueamiento-dental\/#breadcrumb"},"inLanguage":"es","potentialAction":[{"@type":"ReadAction","target":["https:\/\/centredentalsantfruitos.com\/es\/blanqueamiento-dental\/"]}]},{"@type":"ImageObject","inLanguage":"es","@id":"https:\/\/centredentalsantfruitos.com\/es\/blanqueamiento-dental\/#primaryimage","url":"https:\/\/centredentalsantfruitos.com\/wp-content\/uploads\/2022\/10\/16_BLANQUEJAMENTS_sant_fruitos_de_bages.jpg","contentUrl":"https:\/\/centredentalsantfruitos.com\/wp-content\/uploads\/2022\/10\/16_BLANQUEJAMENTS_sant_fruitos_de_bages.jpg","width":1280,"height":720,"caption":"blanqueamiento dental en sant fruitos y manresa"},{"@type":"BreadcrumbList","@id":"https:\/\/centredentalsantfruitos.com\/es\/blanqueamiento-dental\/#breadcrumb","itemListElement":[{"@type":"ListItem","position":1,"name":"Home","item":"https:\/\/centredentalsantfruitos.com\/es\/"},{"@type":"ListItem","position":2,"name":"Blanqueamiento Dental"}]},{"@type":"WebSite","@id":"https:\/\/centredentalsantfruitos.com\/#website","url":"https:\/\/centredentalsantfruitos.com\/","name":"Centre Dental Sant Fruit\u00f3s","description":"El teu centre dental de refer\u00e8ncia a Sant Fruit\u00f3s de Bages.","publisher":{"@id":"https:\/\/centredentalsantfruitos.com\/#organization"},"potentialAction":[{"@type":"SearchAction","target":{"@type":"EntryPoint","urlTemplate":"https:\/\/centredentalsantfruitos.com\/?s={search_term_string}"},"query-input":{"@type":"PropertyValueSpecification","valueRequired":true,"valueName":"search_term_string"}}],"inLanguage":"es"},{"@type":"Organization","@id":"https:\/\/centredentalsantfruitos.com\/#organization","name":"Centre Dental Sant Fruit\u00f3s","url":"https:\/\/centredentalsantfruitos.com\/","logo":{"@type":"ImageObject","inLanguage":"es","@id":"https:\/\/centredentalsantfruitos.com\/#\/schema\/logo\/image\/","url":"https:\/\/centredentalsantfruitos.com\/wp-content\/uploads\/2022\/11\/cdsf_logo-1.png","contentUrl":"https:\/\/centredentalsantfruitos.com\/wp-content\/uploads\/2022\/11\/cdsf_logo-1.png","width":132,"height":28,"caption":"Centre Dental Sant Fruit\u00f3s"},"image":{"@id":"https:\/\/centredentalsantfruitos.com\/#\/schema\/logo\/image\/"}}]}},"_links":{"self":[{"href":"https:\/\/centredentalsantfruitos.com\/es\/wp-json\/wp\/v2\/pages\/16998","targetHints":{"allow":["GET"]}}],"collection":[{"href":"https:\/\/centredentalsantfruitos.com\/es\/wp-json\/wp\/v2\/pages"}],"about":[{"href":"https:\/\/centredentalsantfruitos.com\/es\/wp-json\/wp\/v2\/types\/page"}],"author":[{"embeddable":true,"href":"https:\/\/centredentalsantfruitos.com\/es\/wp-json\/wp\/v2\/users\/3"}],"replies":[{"embeddable":true,"href":"https:\/\/centredentalsantfruitos.com\/es\/wp-json\/wp\/v2\/comments?post=16998"}],"version-history":[{"count":1,"href":"https:\/\/centredentalsantfruitos.com\/es\/wp-json\/wp\/v2\/pages\/16998\/revisions"}],"predecessor-version":[{"id":17465,"href":"https:\/\/centredentalsantfruitos.com\/es\/wp-json\/wp\/v2\/pages\/16998\/revisions\/17465"}],"wp:featuredmedia":[{"embeddable":true,"href":"https:\/\/centredentalsantfruitos.com\/es\/wp-json\/wp\/v2\/media\/16798"}],"wp:attachment":[{"href":"https:\/\/centredentalsantfruitos.com\/es\/wp-json\/wp\/v2\/media?parent=16998"}],"curies":[{"name":"wp","href":"https:\/\/api.w.org\/{rel}","templated":true}]}}