{"id":17001,"date":"2024-07-04T11:00:37","date_gmt":"2024-07-04T09:00:37","guid":{"rendered":"https:\/\/centredentalsantfruitos.com\/?page_id=17001"},"modified":"2025-01-10T21:44:07","modified_gmt":"2025-01-10T20:44:07","slug":"implantes-de-carga-immediata","status":"publish","type":"page","link":"https:\/\/centredentalsantfruitos.com\/es\/implantes-de-carga-immediata\/","title":{"rendered":"Implantes de carga inmediata"},"content":{"rendered":"<div class=\"wpb-content-wrapper\"><p>[vc_row top_padding=\u00bb50&#8243; bottom_padding=\u00bb50&#8243;][vc_column column_center=\u00bbtrue\u00bb width=\u00bb1\/2&#8243;]<div class=\"single_image wpb_content_element align-left    \" data-animation=\"none\" data-delay=\"0\"><img loading=\"lazy\" decoding=\"async\" width=\"1280\" height=\"720\" src=\"https:\/\/centredentalsantfruitos.com\/wp-content\/uploads\/2022\/10\/19_CARREGA_IMMEDIATA.jpg\" class=\"attachment-full\" alt=\"Implantes de carga inmediata en un dia\" title=\"19_CARREGA_IMMEDIATA\" srcset=\"https:\/\/centredentalsantfruitos.com\/wp-content\/uploads\/2022\/10\/19_CARREGA_IMMEDIATA.jpg 1280w, https:\/\/centredentalsantfruitos.com\/wp-content\/uploads\/2022\/10\/19_CARREGA_IMMEDIATA-300x169.jpg 300w, https:\/\/centredentalsantfruitos.com\/wp-content\/uploads\/2022\/10\/19_CARREGA_IMMEDIATA-1024x576.jpg 1024w, https:\/\/centredentalsantfruitos.com\/wp-content\/uploads\/2022\/10\/19_CARREGA_IMMEDIATA-768x432.jpg 768w, https:\/\/centredentalsantfruitos.com\/wp-content\/uploads\/2022\/10\/19_CARREGA_IMMEDIATA-1000x563.jpg 1000w, https:\/\/centredentalsantfruitos.com\/wp-content\/uploads\/2022\/10\/19_CARREGA_IMMEDIATA-600x338.jpg 600w\" sizes=\"auto, (max-width: 1280px) 100vw, 1280px\" \/><\/div>[\/vc_column][vc_column column_center=\u00bbtrue\u00bb width=\u00bb1\/2&#8243;]<h1 class=\"headline font-special fontsize-xl fontweight-700 lh-inherit align-center transform-uppercase \" style=\"margin: 0 0 20px 0;\">Implantes de carga immediata<\/h1><div class=\"divider divider8\" style='margin:10px 0 10px 0 !important;'><\/div><div class=\"headline font-special fontsize-s fontweight-600 lh-inherit align-center transform-inherit \" style=\"margin: 0 0 20px 0;\">\u00abLa implantolog\u00eda m\u00e1s moderna\u00bb<\/div>[\/vc_column][\/vc_row][vc_row top_padding=\u00bb40&#8243; bottom_padding=\u00bb20&#8243;][vc_column width=\u00bb1\/1&#8243;]<h2 class=\"headline font-special fontsize-m fontweight-700 lh-inherit align-center transform-uppercase \" style=\"margin: 0 0 20px 0;\">Especialistas en implantes de carga immediata en Sant Fruit\u00f3s y Manresa<\/h2>[\/vc_column][\/vc_row][vc_row top_padding=\u00bb20&#8243; bottom_padding=\u00bb40&#8243;][vc_column width=\u00bb1\/1&#8243;][vc_column_text]La implantolog\u00eda dental de carga inmediata tiene la ventaja de poder disfrutar de nuevos dientes en un menor tiempo que la implantolog\u00eda tradicional. Adem\u00e1s permite una intervenci\u00f3n m\u00e1s r\u00e1pida, efectiva y con menos molestias.[\/vc_column_text][vc_column_text]La implantolog\u00eda dental de carga inmediata, realizada mediante cirug\u00eda virtual guiada, consiste en realizar unos implantes dentales provisionales en una sola intervenci\u00f3n, favoreciendo la cicatrizaci\u00f3n del tejido \u00f3seo y la integraci\u00f3n de los implantes en el hueso. Este tratamiento permite prescindir del per\u00edodo sin dientes fijos con las consiguientes ventajas est\u00e9ticas y funcionales.[\/vc_column_text][vc_column_text]La pr\u00f3tesis dental provisional se retira transcurridos entre tres y seis meses desde la inserci\u00f3n de los primeros implantes, mientras que, mediante anestesia local, se coloca la pieza definitiva que ha sido realizada previamente, integr\u00e1ndola as\u00ed con el resto de la dentadura del paciente.[\/vc_column_text][\/vc_column][\/vc_row][vc_row top_padding=\u00bb20&#8243; bottom_padding=\u00bb40&#8243;][vc_column width=\u00bb1\/1&#8243;][vc_column_text]<\/p>\n<h2><strong>Implantes Dentales de Carga Inmediata en Sant Fruit\u00f3s del Bages \u2013 Centre Dental Sant Fruit\u00f3s<\/strong><\/h2>\n<p>[\/vc_column_text][vc_column_text]En <em>Centre Dental Sant Fruit\u00f3s<\/em>, ofrecemos soluciones avanzadas en <strong>implantes dentales de carga inmediata en Sant Fruit\u00f3s del Bages<\/strong>. Este tratamiento permite a nuestros pacientes recuperar su sonrisa de manera r\u00e1pida y eficaz, evitando largos per\u00edodos sin dientes. Con nuestra t\u00e9cnica de carga inmediata, el implante y la corona se colocan en una sola sesi\u00f3n, garantizando una mejora inmediata en la funci\u00f3n y la est\u00e9tica dental.[\/vc_column_text][\/vc_column][\/vc_row][vc_row top_padding=\u00bb20&#8243; bottom_padding=\u00bb40&#8243;][vc_column width=\u00bb1\/1&#8243;][vc_column_text]<\/p>\n<h2>\u00bfQu\u00e9 es un Implante Dental de Carga Inmediata?<\/h2>\n<p>[\/vc_column_text][vc_column_text]Los <strong>implantes dentales de carga inmediata<\/strong> son una opci\u00f3n innovadora que permite colocar el diente prot\u00e9sico de forma casi instant\u00e1nea despu\u00e9s de la colocaci\u00f3n del implante, sin tener que esperar los tiempos de cicatrizaci\u00f3n habituales. En <em>Centre Dental Sant Fruit\u00f3s<\/em>, utilizamos tecnolog\u00eda de vanguardia y un enfoque personalizado para asegurar resultados \u00f3ptimos y duraderos en cada paciente.[\/vc_column_text][\/vc_column][\/vc_row][vc_row top_padding=\u00bb20&#8243; bottom_padding=\u00bb40&#8243;][vc_column width=\u00bb1\/1&#8243;][vc_column_text]<\/p>\n<h2>Ventajas de los Implantes de Carga Inmediata en Centre Dental Sant Fruit\u00f3s:<\/h2>\n<p>[\/vc_column_text][vc_column_text]<\/p>\n<ol>\n<li><strong>Recuperaci\u00f3n de la sonrisa en un d\u00eda<\/strong>: Gracias a esta t\u00e9cnica avanzada, nuestros pacientes de <strong>Sant Fruit\u00f3s del Bages<\/strong> pueden recuperar su sonrisa en una \u00fanica visita.<\/li>\n<li><strong>Estabilidad y comodidad<\/strong>: Los implantes dentales de carga inmediata est\u00e1n dise\u00f1ados para integrarse perfectamente en la boca, ofreciendo comodidad y funcionalidad desde el primer momento.<\/li>\n<li><strong>Menor tiempo de espera<\/strong>: Olv\u00eddate de pasar meses sin dientes. Este tratamiento permite una carga funcional inmediata.<\/li>\n<li><strong>Resultados est\u00e9ticos excelentes<\/strong>: Los implantes de carga inmediata proporcionan una apariencia natural y mejoran la autoestima del paciente.<\/li>\n<\/ol>\n<p>[\/vc_column_text][\/vc_column][\/vc_row][vc_row top_padding=\u00bb20&#8243; bottom_padding=\u00bb40&#8243;][vc_column width=\u00bb1\/1&#8243;][vc_column_text]<\/p>\n<h2>\u00bfPor qu\u00e9 elegir Centre Dental Sant Fruit\u00f3s?<\/h2>\n<p>[\/vc_column_text][vc_column_text]En <strong>Centre Dental Sant Fruit\u00f3s<\/strong>, contamos con un equipo especializado y a\u00f1os de experiencia en el \u00e1rea de la implantolog\u00eda dental en <strong>Sant Fruit\u00f3s del Bages<\/strong>. Nuestros profesionales est\u00e1n capacitados para ofrecer soluciones personalizadas que se adapten a las necesidades espec\u00edficas de cada paciente. Adem\u00e1s, empleamos materiales de alta calidad y las mejores t\u00e9cnicas del mercado para garantizar resultados duraderos.<\/p>\n<p>Si est\u00e1s considerando la opci\u00f3n de <strong>implantes dentales de carga inmediata en Sant Fruit\u00f3s del Bages<\/strong>, te invitamos a agendar una consulta gratuita en <em>Centre Dental Sant Fruit\u00f3s<\/em>. Nuestro equipo de especialistas estar\u00e1 encantado de evaluar tu caso y explicarte en detalle c\u00f3mo este tratamiento puede mejorar tu calidad de vida.<\/p>\n<p>Recupera tu sonrisa con la tecnolog\u00eda de <strong>implantes de carga inmediata<\/strong> en <em>Centre Dental Sant Fruit\u00f3s<\/em>. \u00a1Contacta con nosotros y da el primer paso hacia una sonrisa m\u00e1s saludable y segura![\/vc_column_text][\/vc_column][\/vc_row][vc_row type=\u00bbfull_width_section\u00bb bg_image=\u00bb16630&#8243; text_color=\u00bblight\u00bb top_padding=\u00bb40&#8243; bottom_padding=\u00bb40&#8243;][vc_column width=\u00bb1\/4&#8243;][\/vc_column][vc_column column_center=\u00bbtrue\u00bb width=\u00bb1\/2&#8243;]<div class=\"headline font-special fontsize-l fontweight-700 lh-inherit align-center transform-uppercase \" style=\"margin: 0 0 20px 0;\">Solicita Informaci\u00f3n<\/div>[vc_raw_html]JTVCY29udGFjdC1mb3JtLTclMjBpZCUzRCUyMjY0NzU0YjQlMjIlMjB0aXRsZSUzRCUyMkZvcm11bGFyaW8lMjBkZSUyMGNvbnRhY3RvJTIwMV9lcyUyMiU1RA==[\/vc_raw_html][\/vc_column][vc_column width=\u00bb1\/4&#8243;][\/vc_column][\/vc_row]<\/p>\n<\/div>","protected":false},"excerpt":{"rendered":"<p>[vc_row top_padding=\u00bb50&#8243; bottom_padding=\u00bb50&#8243;][vc_column column_center=\u00bbtrue\u00bb width=\u00bb1\/2&#8243;][\/vc_column][vc_column column_center=\u00bbtrue\u00bb width=\u00bb1\/2&#8243;][\/vc_column][\/vc_row][vc_row top_padding=\u00bb40&#8243; bottom_padding=\u00bb20&#8243;][vc_column width=\u00bb1\/1&#8243;][\/vc_column][\/vc_row][vc_row top_padding=\u00bb20&#8243; bottom_padding=\u00bb40&#8243;][vc_column width=\u00bb1\/1&#8243;][vc_column_text]La implantolog\u00eda dental de carga inmediata tiene la ventaja de poder disfrutar de nuevos dientes en un menor tiempo que la implantolog\u00eda tradicional. Adem\u00e1s permite una intervenci\u00f3n m\u00e1s r\u00e1pida, efectiva y con menos molestias.[\/vc_column_text][vc_column_text]La implantolog\u00eda dental de carga inmediata, realizada mediante cirug\u00eda virtual guiada, consiste en realizar unos implantes dentales provisionales en una sola intervenci\u00f3n, favoreciendo la cicatrizaci\u00f3n del tejido \u00f3seo y la integraci\u00f3n de los implantes en el hueso. Este tratamiento permite prescindir del per\u00edodo sin dientes fijos con las consiguientes ventajas est\u00e9ticas y funcionales.[\/vc_column_text][vc_column_text]La pr\u00f3tesis dental provisional se retira transcurridos entre tres y seis meses desde la inserci\u00f3n de los primeros implantes, mientras que, mediante anestesia local, se coloca la pieza definitiva que ha sido realizada previamente, integr\u00e1ndola as\u00ed con el resto de la dentadura del paciente.[\/vc_column_text][\/vc_column][\/vc_row][vc_row top_padding=\u00bb20&#8243; bottom_padding=\u00bb40&#8243;][vc_column width=\u00bb1\/1&#8243;][vc_column_text] Implantes Dentales de Carga Inmediata en Sant Fruit\u00f3s del Bages \u2013 Centre Dental Sant Fruit\u00f3s [\/vc_column_text][vc_column_text]En Centre Dental Sant Fruit\u00f3s, ofrecemos soluciones avanzadas en implantes dentales de carga inmediata en Sant Fruit\u00f3s del Bages. Este tratamiento permite a nuestros pacientes recuperar su sonrisa de manera r\u00e1pida y eficaz, evitando largos per\u00edodos sin dientes. Con nuestra t\u00e9cnica [&hellip;]<\/p>\n","protected":false},"author":3,"featured_media":16808,"parent":0,"menu_order":0,"comment_status":"closed","ping_status":"closed","template":"","meta":{"_mbp_gutenberg_autopost":false,"footnotes":""},"class_list":["post-17001","page","type-page","status-publish","has-post-thumbnail","hentry"],"yoast_head":"<!-- This site is optimized with the Yoast SEO plugin v24.8.1 - https:\/\/yoast.com\/wordpress\/plugins\/seo\/ -->\n<title>Implantes de carga inmediata | Centre Dental Sant Fruit\u00f3s<\/title>\n<meta name=\"description\" content=\"Descubre el tratamiento de Implantes de carga inmediata en Centre Dental Sant Fruit\u00f3s Bages y Manresa\" \/>\n<meta name=\"robots\" content=\"index, follow, max-snippet:-1, max-image-preview:large, max-video-preview:-1\" \/>\n<link rel=\"canonical\" href=\"https:\/\/centredentalsantfruitos.com\/es\/implantes-de-carga-immediata\/\" \/>\n<meta property=\"og:locale\" content=\"es_ES\" \/>\n<meta property=\"og:type\" content=\"article\" \/>\n<meta property=\"og:title\" content=\"Implantes de carga inmediata | Centre Dental Sant Fruit\u00f3s\" \/>\n<meta property=\"og:description\" content=\"Descubre el tratamiento de Implantes de carga inmediata en Centre Dental Sant Fruit\u00f3s Bages y Manresa\" \/>\n<meta property=\"og:url\" content=\"https:\/\/centredentalsantfruitos.com\/es\/implantes-de-carga-immediata\/\" \/>\n<meta property=\"og:site_name\" content=\"Centre dental Sant Fruit\u00f3s\" \/>\n<meta property=\"article:modified_time\" content=\"2025-01-10T20:44:07+00:00\" \/>\n<meta property=\"og:image\" content=\"https:\/\/centredentalsantfruitos.com\/wp-content\/uploads\/2022\/09\/19_CARREGA_IMMEDIATA_sant_Fruitos_Bages.jpg\" \/>\n\t<meta property=\"og:image:width\" content=\"1280\" \/>\n\t<meta property=\"og:image:height\" content=\"720\" \/>\n\t<meta property=\"og:image:type\" content=\"image\/jpeg\" \/>\n<meta name=\"twitter:card\" content=\"summary_large_image\" \/>\n<meta name=\"twitter:label1\" content=\"Tiempo de lectura\" \/>\n\t<meta name=\"twitter:data1\" content=\"4 minutos\" \/>\n<script type=\"application\/ld+json\" class=\"yoast-schema-graph\">{\"@context\":\"https:\/\/schema.org\",\"@graph\":[{\"@type\":\"WebPage\",\"@id\":\"https:\/\/centredentalsantfruitos.com\/es\/implantes-de-carga-immediata\/\",\"url\":\"https:\/\/centredentalsantfruitos.com\/es\/implantes-de-carga-immediata\/\",\"name\":\"Implantes de carga inmediata | Centre Dental Sant Fruit\u00f3s\",\"isPartOf\":{\"@id\":\"https:\/\/centredentalsantfruitos.com\/#website\"},\"primaryImageOfPage\":{\"@id\":\"https:\/\/centredentalsantfruitos.com\/es\/implantes-de-carga-immediata\/#primaryimage\"},\"image\":{\"@id\":\"https:\/\/centredentalsantfruitos.com\/es\/implantes-de-carga-immediata\/#primaryimage\"},\"thumbnailUrl\":\"https:\/\/centredentalsantfruitos.com\/wp-content\/uploads\/2022\/09\/19_CARREGA_IMMEDIATA_sant_Fruitos_Bages.jpg\",\"datePublished\":\"2024-07-04T09:00:37+00:00\",\"dateModified\":\"2025-01-10T20:44:07+00:00\",\"description\":\"Descubre el tratamiento de Implantes de carga inmediata en Centre Dental Sant Fruit\u00f3s Bages y Manresa\",\"breadcrumb\":{\"@id\":\"https:\/\/centredentalsantfruitos.com\/es\/implantes-de-carga-immediata\/#breadcrumb\"},\"inLanguage\":\"es\",\"potentialAction\":[{\"@type\":\"ReadAction\",\"target\":[\"https:\/\/centredentalsantfruitos.com\/es\/implantes-de-carga-immediata\/\"]}]},{\"@type\":\"ImageObject\",\"inLanguage\":\"es\",\"@id\":\"https:\/\/centredentalsantfruitos.com\/es\/implantes-de-carga-immediata\/#primaryimage\",\"url\":\"https:\/\/centredentalsantfruitos.com\/wp-content\/uploads\/2022\/09\/19_CARREGA_IMMEDIATA_sant_Fruitos_Bages.jpg\",\"contentUrl\":\"https:\/\/centredentalsantfruitos.com\/wp-content\/uploads\/2022\/09\/19_CARREGA_IMMEDIATA_sant_Fruitos_Bages.jpg\",\"width\":1280,\"height\":720},{\"@type\":\"BreadcrumbList\",\"@id\":\"https:\/\/centredentalsantfruitos.com\/es\/implantes-de-carga-immediata\/#breadcrumb\",\"itemListElement\":[{\"@type\":\"ListItem\",\"position\":1,\"name\":\"Home\",\"item\":\"https:\/\/centredentalsantfruitos.com\/es\/\"},{\"@type\":\"ListItem\",\"position\":2,\"name\":\"Implantes de carga inmediata\"}]},{\"@type\":\"WebSite\",\"@id\":\"https:\/\/centredentalsantfruitos.com\/#website\",\"url\":\"https:\/\/centredentalsantfruitos.com\/\",\"name\":\"Centre Dental Sant Fruit\u00f3s\",\"description\":\"El teu centre dental de refer\u00e8ncia a Sant Fruit\u00f3s de Bages.\",\"publisher\":{\"@id\":\"https:\/\/centredentalsantfruitos.com\/#organization\"},\"potentialAction\":[{\"@type\":\"SearchAction\",\"target\":{\"@type\":\"EntryPoint\",\"urlTemplate\":\"https:\/\/centredentalsantfruitos.com\/?s={search_term_string}\"},\"query-input\":{\"@type\":\"PropertyValueSpecification\",\"valueRequired\":true,\"valueName\":\"search_term_string\"}}],\"inLanguage\":\"es\"},{\"@type\":\"Organization\",\"@id\":\"https:\/\/centredentalsantfruitos.com\/#organization\",\"name\":\"Centre Dental Sant Fruit\u00f3s\",\"url\":\"https:\/\/centredentalsantfruitos.com\/\",\"logo\":{\"@type\":\"ImageObject\",\"inLanguage\":\"es\",\"@id\":\"https:\/\/centredentalsantfruitos.com\/#\/schema\/logo\/image\/\",\"url\":\"https:\/\/centredentalsantfruitos.com\/wp-content\/uploads\/2022\/11\/cdsf_logo-1.png\",\"contentUrl\":\"https:\/\/centredentalsantfruitos.com\/wp-content\/uploads\/2022\/11\/cdsf_logo-1.png\",\"width\":132,\"height\":28,\"caption\":\"Centre Dental Sant Fruit\u00f3s\"},\"image\":{\"@id\":\"https:\/\/centredentalsantfruitos.com\/#\/schema\/logo\/image\/\"}}]}<\/script>\n<!-- \/ Yoast SEO plugin. -->","yoast_head_json":{"title":"Implantes de carga inmediata | Centre Dental Sant Fruit\u00f3s","description":"Descubre el tratamiento de Implantes de carga inmediata en Centre Dental Sant Fruit\u00f3s Bages y Manresa","robots":{"index":"index","follow":"follow","max-snippet":"max-snippet:-1","max-image-preview":"max-image-preview:large","max-video-preview":"max-video-preview:-1"},"canonical":"https:\/\/centredentalsantfruitos.com\/es\/implantes-de-carga-immediata\/","og_locale":"es_ES","og_type":"article","og_title":"Implantes de carga inmediata | Centre Dental Sant Fruit\u00f3s","og_description":"Descubre el tratamiento de Implantes de carga inmediata en Centre Dental Sant Fruit\u00f3s Bages y Manresa","og_url":"https:\/\/centredentalsantfruitos.com\/es\/implantes-de-carga-immediata\/","og_site_name":"Centre dental Sant Fruit\u00f3s","article_modified_time":"2025-01-10T20:44:07+00:00","og_image":[{"width":1280,"height":720,"url":"https:\/\/centredentalsantfruitos.com\/wp-content\/uploads\/2022\/09\/19_CARREGA_IMMEDIATA_sant_Fruitos_Bages.jpg","type":"image\/jpeg"}],"twitter_card":"summary_large_image","twitter_misc":{"Tiempo de lectura":"4 minutos"},"schema":{"@context":"https:\/\/schema.org","@graph":[{"@type":"WebPage","@id":"https:\/\/centredentalsantfruitos.com\/es\/implantes-de-carga-immediata\/","url":"https:\/\/centredentalsantfruitos.com\/es\/implantes-de-carga-immediata\/","name":"Implantes de carga inmediata | Centre Dental Sant Fruit\u00f3s","isPartOf":{"@id":"https:\/\/centredentalsantfruitos.com\/#website"},"primaryImageOfPage":{"@id":"https:\/\/centredentalsantfruitos.com\/es\/implantes-de-carga-immediata\/#primaryimage"},"image":{"@id":"https:\/\/centredentalsantfruitos.com\/es\/implantes-de-carga-immediata\/#primaryimage"},"thumbnailUrl":"https:\/\/centredentalsantfruitos.com\/wp-content\/uploads\/2022\/09\/19_CARREGA_IMMEDIATA_sant_Fruitos_Bages.jpg","datePublished":"2024-07-04T09:00:37+00:00","dateModified":"2025-01-10T20:44:07+00:00","description":"Descubre el tratamiento de Implantes de carga inmediata en Centre Dental Sant Fruit\u00f3s Bages y Manresa","breadcrumb":{"@id":"https:\/\/centredentalsantfruitos.com\/es\/implantes-de-carga-immediata\/#breadcrumb"},"inLanguage":"es","potentialAction":[{"@type":"ReadAction","target":["https:\/\/centredentalsantfruitos.com\/es\/implantes-de-carga-immediata\/"]}]},{"@type":"ImageObject","inLanguage":"es","@id":"https:\/\/centredentalsantfruitos.com\/es\/implantes-de-carga-immediata\/#primaryimage","url":"https:\/\/centredentalsantfruitos.com\/wp-content\/uploads\/2022\/09\/19_CARREGA_IMMEDIATA_sant_Fruitos_Bages.jpg","contentUrl":"https:\/\/centredentalsantfruitos.com\/wp-content\/uploads\/2022\/09\/19_CARREGA_IMMEDIATA_sant_Fruitos_Bages.jpg","width":1280,"height":720},{"@type":"BreadcrumbList","@id":"https:\/\/centredentalsantfruitos.com\/es\/implantes-de-carga-immediata\/#breadcrumb","itemListElement":[{"@type":"ListItem","position":1,"name":"Home","item":"https:\/\/centredentalsantfruitos.com\/es\/"},{"@type":"ListItem","position":2,"name":"Implantes de carga inmediata"}]},{"@type":"WebSite","@id":"https:\/\/centredentalsantfruitos.com\/#website","url":"https:\/\/centredentalsantfruitos.com\/","name":"Centre Dental Sant Fruit\u00f3s","description":"El teu centre dental de refer\u00e8ncia a Sant Fruit\u00f3s de Bages.","publisher":{"@id":"https:\/\/centredentalsantfruitos.com\/#organization"},"potentialAction":[{"@type":"SearchAction","target":{"@type":"EntryPoint","urlTemplate":"https:\/\/centredentalsantfruitos.com\/?s={search_term_string}"},"query-input":{"@type":"PropertyValueSpecification","valueRequired":true,"valueName":"search_term_string"}}],"inLanguage":"es"},{"@type":"Organization","@id":"https:\/\/centredentalsantfruitos.com\/#organization","name":"Centre Dental Sant Fruit\u00f3s","url":"https:\/\/centredentalsantfruitos.com\/","logo":{"@type":"ImageObject","inLanguage":"es","@id":"https:\/\/centredentalsantfruitos.com\/#\/schema\/logo\/image\/","url":"https:\/\/centredentalsantfruitos.com\/wp-content\/uploads\/2022\/11\/cdsf_logo-1.png","contentUrl":"https:\/\/centredentalsantfruitos.com\/wp-content\/uploads\/2022\/11\/cdsf_logo-1.png","width":132,"height":28,"caption":"Centre Dental Sant Fruit\u00f3s"},"image":{"@id":"https:\/\/centredentalsantfruitos.com\/#\/schema\/logo\/image\/"}}]}},"_links":{"self":[{"href":"https:\/\/centredentalsantfruitos.com\/es\/wp-json\/wp\/v2\/pages\/17001","targetHints":{"allow":["GET"]}}],"collection":[{"href":"https:\/\/centredentalsantfruitos.com\/es\/wp-json\/wp\/v2\/pages"}],"about":[{"href":"https:\/\/centredentalsantfruitos.com\/es\/wp-json\/wp\/v2\/types\/page"}],"author":[{"embeddable":true,"href":"https:\/\/centredentalsantfruitos.com\/es\/wp-json\/wp\/v2\/users\/3"}],"replies":[{"embeddable":true,"href":"https:\/\/centredentalsantfruitos.com\/es\/wp-json\/wp\/v2\/comments?post=17001"}],"version-history":[{"count":1,"href":"https:\/\/centredentalsantfruitos.com\/es\/wp-json\/wp\/v2\/pages\/17001\/revisions"}],"predecessor-version":[{"id":17468,"href":"https:\/\/centredentalsantfruitos.com\/es\/wp-json\/wp\/v2\/pages\/17001\/revisions\/17468"}],"wp:featuredmedia":[{"embeddable":true,"href":"https:\/\/centredentalsantfruitos.com\/es\/wp-json\/wp\/v2\/media\/16808"}],"wp:attachment":[{"href":"https:\/\/centredentalsantfruitos.com\/es\/wp-json\/wp\/v2\/media?parent=17001"}],"curies":[{"name":"wp","href":"https:\/\/api.w.org\/{rel}","templated":true}]}}